{"id":734,"date":"2013-05-09T20:08:08","date_gmt":"2013-05-09T19:08:08","guid":{"rendered":"http:\/\/www.ppdgroup.com\/?page_id=734"},"modified":"2013-10-31T17:40:51","modified_gmt":"2013-10-31T16:40:51","slug":"a-propos","status":"publish","type":"page","link":"https:\/\/www.ppdgroup.com\/fr\/groupe-ppd\/a-propos\/","title":{"rendered":"\u00c0 propos"},"content":{"rendered":"<h2>Tourn\u00e9 vers l&#8217;avenir<\/h2>\n<p>\u00c0 titre de sous-traitant offrant des services complets de fabrication, le Groupe PPD propose des solutions innovantes et int\u00e9gr\u00e9es, \u00e0 partir d\u2019une vaste gamme de produits de polym\u00e8res et de compos\u00e9s de caoutchouc.<\/p>\n<p><b>Une connaissance \u00e9tendue et approfondie du march\u00e9<\/b><\/p>\n<p>Depuis 1960,\u00a0PPD a d\u00e9velopp\u00e9 une expertise de premier plan dans des march\u00e9s extr\u00eamement diversifi\u00e9s tels que le transport, l\u2019agriculture, les \u00e9quipements industriels, les v\u00e9hicules r\u00e9cr\u00e9atifs ainsi que l\u2019industrie mini\u00e8re, les biens de consommation et de produits m\u00e9dicaux.<\/p>\n<p>Notre exp\u00e9rience \u00e9tendue se traduit par :<\/p>\n<ul>\n<li>Une grande vari\u00e9t\u00e9 de proc\u00e9d\u00e9s, notamment en ce qui concerne :\n<ul>\n<li>le moulage de polym\u00e8res (polyur\u00e9thane, injection, compression directe, PSE)<\/li>\n<li>les compos\u00e9s de caoutchouc<\/li>\n<li>la fabrication de moules<\/li>\n<li>les solutions de si\u00e8ges int\u00e9gr\u00e9es<\/li>\n<li>le moulage et l\u2019usinage de produits m\u00e9dicaux<\/li>\n<\/ul>\n<\/li>\n<li>des installations de fabrication et de production sophistiqu\u00e9es<\/li>\n<li>des proc\u00e9d\u00e9s dans diverses sites<\/li>\n<\/ul>\n<p>Gr\u00e2ce \u00e0 ces atouts combin\u00e9s \u2013 expertise, proc\u00e9d\u00e9s et technologies \u2013 nous disposons d\u2019une capacit\u00e9 remarquable \u00e0 r\u00e9soudre des probl\u00e8mes complexes touchant les produits, que ce soit dans le domaine industriel, m\u00e9dical ou des biens de consommation.<\/p>\n","protected":false},"excerpt":{"rendered":"<p>Tourn\u00e9 vers l&#8217;avenir \u00c0 titre de sous-traitant offrant des services complets de fabrication, le Groupe PPD propose des solutions innovantes et int\u00e9gr\u00e9es, \u00e0 partir d\u2019une vaste gamme de produits de polym\u00e8res et de compos\u00e9s de caoutchouc. Une connaissance \u00e9tendue et approfondie du march\u00e9 Depuis 1960,\u00a0PPD a d\u00e9velopp\u00e9 une expertise de premier plan dans des march\u00e9s [&hellip;]<\/p>\n","protected":false},"author":1,"featured_media":0,"parent":135,"menu_order":0,"comment_status":"open","ping_status":"open","template":"","meta":{"_acf_changed":false,"footnotes":""},"class_list":["post-734","page","type-page","status-publish","hentry"],"acf":[],"yoast_head":"<!-- This site is optimized with the Yoast SEO plugin v27.4 - https:\/\/yoast.com\/product\/yoast-seo-wordpress\/ -->\n<title>\u00c0 propos - PPD<\/title>\n<meta name=\"description\" content=\"Le Groupe PPD propose des solutions innovantes et int\u00e9gr\u00e9es, \u00e0 partir d\u2019une vaste gamme de produits de polym\u00e8res et de compos\u00e9s de caoutchouc.\" \/>\n<meta name=\"robots\" content=\"index, follow, max-snippet:-1, max-image-preview:large, max-video-preview:-1\" \/>\n<link rel=\"canonical\" href=\"https:\/\/www.ppdgroup.com\/fr\/groupe-ppd\/a-propos\/\" \/>\n<meta name=\"twitter:label1\" content=\"Dur\u00e9e de lecture estim\u00e9e\" \/>\n\t<meta name=\"twitter:data1\" content=\"1 minute\" \/>\n<script type=\"application\/ld+json\" class=\"yoast-schema-graph\">{\"@context\":\"https:\\\/\\\/schema.org\",\"@graph\":[{\"@type\":\"WebPage\",\"@id\":\"https:\\\/\\\/www.ppdgroup.com\\\/fr\\\/groupe-ppd\\\/a-propos\\\/\",\"url\":\"https:\\\/\\\/www.ppdgroup.com\\\/fr\\\/groupe-ppd\\\/a-propos\\\/\",\"name\":\"\u00c0 propos - PPD\",\"isPartOf\":{\"@id\":\"https:\\\/\\\/www.ppdgroup.com\\\/fr\\\/#website\"},\"datePublished\":\"2013-05-09T19:08:08+00:00\",\"dateModified\":\"2013-10-31T16:40:51+00:00\",\"description\":\"Le Groupe PPD propose des solutions innovantes et int\u00e9gr\u00e9es, \u00e0 partir d\u2019une vaste gamme de produits de polym\u00e8res et de compos\u00e9s de caoutchouc.\",\"breadcrumb\":{\"@id\":\"https:\\\/\\\/www.ppdgroup.com\\\/fr\\\/groupe-ppd\\\/a-propos\\\/#breadcrumb\"},\"inLanguage\":\"fr-FR\",\"potentialAction\":[{\"@type\":\"ReadAction\",\"target\":[\"https:\\\/\\\/www.ppdgroup.com\\\/fr\\\/groupe-ppd\\\/a-propos\\\/\"]}]},{\"@type\":\"BreadcrumbList\",\"@id\":\"https:\\\/\\\/www.ppdgroup.com\\\/fr\\\/groupe-ppd\\\/a-propos\\\/#breadcrumb\",\"itemListElement\":[{\"@type\":\"ListItem\",\"position\":1,\"name\":\"Accueil\",\"item\":\"https:\\\/\\\/www.ppdgroup.com\\\/fr\\\/\"},{\"@type\":\"ListItem\",\"position\":2,\"name\":\"Groupe PPD\",\"item\":\"https:\\\/\\\/www.ppdgroup.com\\\/fr\\\/groupe-ppd\\\/\"},{\"@type\":\"ListItem\",\"position\":3,\"name\":\"\u00c0 propos\"}]},{\"@type\":\"WebSite\",\"@id\":\"https:\\\/\\\/www.ppdgroup.com\\\/fr\\\/#website\",\"url\":\"https:\\\/\\\/www.ppdgroup.com\\\/fr\\\/\",\"name\":\"PPD\",\"description\":\"\",\"potentialAction\":[{\"@type\":\"SearchAction\",\"target\":{\"@type\":\"EntryPoint\",\"urlTemplate\":\"https:\\\/\\\/www.ppdgroup.com\\\/fr\\\/?s={search_term_string}\"},\"query-input\":{\"@type\":\"PropertyValueSpecification\",\"valueRequired\":true,\"valueName\":\"search_term_string\"}}],\"inLanguage\":\"fr-FR\"}]}<\/script>\n<!-- \/ Yoast SEO plugin. -->","yoast_head_json":{"title":"\u00c0 propos - PPD","description":"Le Groupe PPD propose des solutions innovantes et int\u00e9gr\u00e9es, \u00e0 partir d\u2019une vaste gamme de produits de polym\u00e8res et de compos\u00e9s de caoutchouc.","robots":{"index":"index","follow":"follow","max-snippet":"max-snippet:-1","max-image-preview":"max-image-preview:large","max-video-preview":"max-video-preview:-1"},"canonical":"https:\/\/www.ppdgroup.com\/fr\/groupe-ppd\/a-propos\/","twitter_misc":{"Dur\u00e9e de lecture estim\u00e9e":"1 minute"},"schema":{"@context":"https:\/\/schema.org","@graph":[{"@type":"WebPage","@id":"https:\/\/www.ppdgroup.com\/fr\/groupe-ppd\/a-propos\/","url":"https:\/\/www.ppdgroup.com\/fr\/groupe-ppd\/a-propos\/","name":"\u00c0 propos - PPD","isPartOf":{"@id":"https:\/\/www.ppdgroup.com\/fr\/#website"},"datePublished":"2013-05-09T19:08:08+00:00","dateModified":"2013-10-31T16:40:51+00:00","description":"Le Groupe PPD propose des solutions innovantes et int\u00e9gr\u00e9es, \u00e0 partir d\u2019une vaste gamme de produits de polym\u00e8res et de compos\u00e9s de caoutchouc.","breadcrumb":{"@id":"https:\/\/www.ppdgroup.com\/fr\/groupe-ppd\/a-propos\/#breadcrumb"},"inLanguage":"fr-FR","potentialAction":[{"@type":"ReadAction","target":["https:\/\/www.ppdgroup.com\/fr\/groupe-ppd\/a-propos\/"]}]},{"@type":"BreadcrumbList","@id":"https:\/\/www.ppdgroup.com\/fr\/groupe-ppd\/a-propos\/#breadcrumb","itemListElement":[{"@type":"ListItem","position":1,"name":"Accueil","item":"https:\/\/www.ppdgroup.com\/fr\/"},{"@type":"ListItem","position":2,"name":"Groupe PPD","item":"https:\/\/www.ppdgroup.com\/fr\/groupe-ppd\/"},{"@type":"ListItem","position":3,"name":"\u00c0 propos"}]},{"@type":"WebSite","@id":"https:\/\/www.ppdgroup.com\/fr\/#website","url":"https:\/\/www.ppdgroup.com\/fr\/","name":"PPD","description":"","potentialAction":[{"@type":"SearchAction","target":{"@type":"EntryPoint","urlTemplate":"https:\/\/www.ppdgroup.com\/fr\/?s={search_term_string}"},"query-input":{"@type":"PropertyValueSpecification","valueRequired":true,"valueName":"search_term_string"}}],"inLanguage":"fr-FR"}]}},"_links":{"self":[{"href":"https:\/\/www.ppdgroup.com\/fr\/wp-json\/wp\/v2\/pages\/734","targetHints":{"allow":["GET"]}}],"collection":[{"href":"https:\/\/www.ppdgroup.com\/fr\/wp-json\/wp\/v2\/pages"}],"about":[{"href":"https:\/\/www.ppdgroup.com\/fr\/wp-json\/wp\/v2\/types\/page"}],"author":[{"embeddable":true,"href":"https:\/\/www.ppdgroup.com\/fr\/wp-json\/wp\/v2\/users\/1"}],"replies":[{"embeddable":true,"href":"https:\/\/www.ppdgroup.com\/fr\/wp-json\/wp\/v2\/comments?post=734"}],"version-history":[{"count":15,"href":"https:\/\/www.ppdgroup.com\/fr\/wp-json\/wp\/v2\/pages\/734\/revisions"}],"predecessor-version":[{"id":2938,"href":"https:\/\/www.ppdgroup.com\/fr\/wp-json\/wp\/v2\/pages\/734\/revisions\/2938"}],"up":[{"embeddable":true,"href":"https:\/\/www.ppdgroup.com\/fr\/wp-json\/wp\/v2\/pages\/135"}],"wp:attachment":[{"href":"https:\/\/www.ppdgroup.com\/fr\/wp-json\/wp\/v2\/media?parent=734"}],"curies":[{"name":"wp","href":"https:\/\/api.w.org\/{rel}","templated":true}]}}