{"id":425,"date":"2013-04-25T21:01:47","date_gmt":"2013-04-25T20:01:47","guid":{"rendered":"http:\/\/www.ppdgroup.com\/?page_id=425"},"modified":"2013-10-03T16:01:52","modified_gmt":"2013-10-03T15:01:52","slug":"mission-et-valeurs-corporative","status":"publish","type":"page","link":"https:\/\/www.ppdgroup.com\/fr\/groupe-ppd\/mission-et-valeurs-corporative\/","title":{"rendered":"Mission et valeurs corporatives"},"content":{"rendered":"<h2>La mission du Groupe PPD<b> <\/b><\/h2>\n<p>Notre mission\u00a0: devancer les attentes de nos clients gr\u00e2ce \u00e0 des solutions novatrices.<\/p>\n<p>Nos valeurs entrepreneurials soutiennent notre cr\u00e9ativit\u00e9 et notre volont\u00e9 de r\u00e9soudre les d\u00e9fis li\u00e9s aux produits et d&#8217;aider nos clients \u00e0 r\u00e9ussir.<\/p>\n<p>PPD pr\u00f4ne le travail d\u2019\u00e9quipe, la souplesse d\u2019esprit et une communication ouverte\u00a0 avec ses partenaires \u2013 clients, employ\u00e9s ou fournisseurs.<\/p>\n<p>En termes de qualit\u00e9, PPD s\u2019est fix\u00e9 des objectifs qui sont transmis \u00e0 tous les employ\u00e9s et qui sont constamment r\u00e9\u00e9valu\u00e9s par la direction :<\/p>\n<ul>\n<li>Am\u00e9liorer la qualit\u00e9 des produits, des services et des syst\u00e8mes de gestion afin d&#8217;offrir des produits hautement comp\u00e9titifs.<\/li>\n<li>Toujours travailler en \u00e9troite collaboration avec nos clients et accro\u00eetre leur satisfaction gr\u00e2ce \u00e0 une communication efficace.<\/li>\n<li>Enrichir notre savoir-faire et encourager la cr\u00e9ativit\u00e9 et l\u2019initiative de nos employ\u00e9s.<\/li>\n<\/ul>\n","protected":false},"excerpt":{"rendered":"<p>La mission du Groupe PPD Notre mission\u00a0: devancer les attentes de nos clients gr\u00e2ce \u00e0 des solutions novatrices. Nos valeurs entrepreneurials soutiennent notre cr\u00e9ativit\u00e9 et notre volont\u00e9 de r\u00e9soudre les d\u00e9fis li\u00e9s aux produits et d&#8217;aider nos clients \u00e0 r\u00e9ussir. PPD pr\u00f4ne le travail d\u2019\u00e9quipe, la souplesse d\u2019esprit et une communication ouverte\u00a0 avec ses partenaires [&hellip;]<\/p>\n","protected":false},"author":1,"featured_media":0,"parent":135,"menu_order":25,"comment_status":"open","ping_status":"closed","template":"","meta":{"_acf_changed":false,"footnotes":""},"class_list":["post-425","page","type-page","status-publish","hentry"],"acf":[],"yoast_head":"<!-- This site is optimized with the Yoast SEO plugin v27.4 - https:\/\/yoast.com\/product\/yoast-seo-wordpress\/ -->\n<title>Mission et valeurs corporatives - PPD<\/title>\n<meta name=\"robots\" content=\"index, follow, max-snippet:-1, max-image-preview:large, max-video-preview:-1\" \/>\n<link rel=\"canonical\" href=\"https:\/\/www.ppdgroup.com\/fr\/groupe-ppd\/mission-et-valeurs-corporative\/\" \/>\n<meta name=\"twitter:label1\" content=\"Dur\u00e9e de lecture estim\u00e9e\" \/>\n\t<meta name=\"twitter:data1\" content=\"1 minute\" \/>\n<script type=\"application\/ld+json\" class=\"yoast-schema-graph\">{\"@context\":\"https:\\\/\\\/schema.org\",\"@graph\":[{\"@type\":\"WebPage\",\"@id\":\"https:\\\/\\\/www.ppdgroup.com\\\/fr\\\/groupe-ppd\\\/mission-et-valeurs-corporative\\\/\",\"url\":\"https:\\\/\\\/www.ppdgroup.com\\\/fr\\\/groupe-ppd\\\/mission-et-valeurs-corporative\\\/\",\"name\":\"Mission et valeurs corporatives - PPD\",\"isPartOf\":{\"@id\":\"https:\\\/\\\/www.ppdgroup.com\\\/fr\\\/#website\"},\"datePublished\":\"2013-04-25T20:01:47+00:00\",\"dateModified\":\"2013-10-03T15:01:52+00:00\",\"breadcrumb\":{\"@id\":\"https:\\\/\\\/www.ppdgroup.com\\\/fr\\\/groupe-ppd\\\/mission-et-valeurs-corporative\\\/#breadcrumb\"},\"inLanguage\":\"fr-FR\",\"potentialAction\":[{\"@type\":\"ReadAction\",\"target\":[\"https:\\\/\\\/www.ppdgroup.com\\\/fr\\\/groupe-ppd\\\/mission-et-valeurs-corporative\\\/\"]}]},{\"@type\":\"BreadcrumbList\",\"@id\":\"https:\\\/\\\/www.ppdgroup.com\\\/fr\\\/groupe-ppd\\\/mission-et-valeurs-corporative\\\/#breadcrumb\",\"itemListElement\":[{\"@type\":\"ListItem\",\"position\":1,\"name\":\"Accueil\",\"item\":\"https:\\\/\\\/www.ppdgroup.com\\\/fr\\\/\"},{\"@type\":\"ListItem\",\"position\":2,\"name\":\"Groupe PPD\",\"item\":\"https:\\\/\\\/www.ppdgroup.com\\\/fr\\\/groupe-ppd\\\/\"},{\"@type\":\"ListItem\",\"position\":3,\"name\":\"Mission et valeurs corporatives\"}]},{\"@type\":\"WebSite\",\"@id\":\"https:\\\/\\\/www.ppdgroup.com\\\/fr\\\/#website\",\"url\":\"https:\\\/\\\/www.ppdgroup.com\\\/fr\\\/\",\"name\":\"PPD\",\"description\":\"\",\"potentialAction\":[{\"@type\":\"SearchAction\",\"target\":{\"@type\":\"EntryPoint\",\"urlTemplate\":\"https:\\\/\\\/www.ppdgroup.com\\\/fr\\\/?s={search_term_string}\"},\"query-input\":{\"@type\":\"PropertyValueSpecification\",\"valueRequired\":true,\"valueName\":\"search_term_string\"}}],\"inLanguage\":\"fr-FR\"}]}<\/script>\n<!-- \/ Yoast SEO plugin. -->","yoast_head_json":{"title":"Mission et valeurs corporatives - PPD","robots":{"index":"index","follow":"follow","max-snippet":"max-snippet:-1","max-image-preview":"max-image-preview:large","max-video-preview":"max-video-preview:-1"},"canonical":"https:\/\/www.ppdgroup.com\/fr\/groupe-ppd\/mission-et-valeurs-corporative\/","twitter_misc":{"Dur\u00e9e de lecture estim\u00e9e":"1 minute"},"schema":{"@context":"https:\/\/schema.org","@graph":[{"@type":"WebPage","@id":"https:\/\/www.ppdgroup.com\/fr\/groupe-ppd\/mission-et-valeurs-corporative\/","url":"https:\/\/www.ppdgroup.com\/fr\/groupe-ppd\/mission-et-valeurs-corporative\/","name":"Mission et valeurs corporatives - PPD","isPartOf":{"@id":"https:\/\/www.ppdgroup.com\/fr\/#website"},"datePublished":"2013-04-25T20:01:47+00:00","dateModified":"2013-10-03T15:01:52+00:00","breadcrumb":{"@id":"https:\/\/www.ppdgroup.com\/fr\/groupe-ppd\/mission-et-valeurs-corporative\/#breadcrumb"},"inLanguage":"fr-FR","potentialAction":[{"@type":"ReadAction","target":["https:\/\/www.ppdgroup.com\/fr\/groupe-ppd\/mission-et-valeurs-corporative\/"]}]},{"@type":"BreadcrumbList","@id":"https:\/\/www.ppdgroup.com\/fr\/groupe-ppd\/mission-et-valeurs-corporative\/#breadcrumb","itemListElement":[{"@type":"ListItem","position":1,"name":"Accueil","item":"https:\/\/www.ppdgroup.com\/fr\/"},{"@type":"ListItem","position":2,"name":"Groupe PPD","item":"https:\/\/www.ppdgroup.com\/fr\/groupe-ppd\/"},{"@type":"ListItem","position":3,"name":"Mission et valeurs corporatives"}]},{"@type":"WebSite","@id":"https:\/\/www.ppdgroup.com\/fr\/#website","url":"https:\/\/www.ppdgroup.com\/fr\/","name":"PPD","description":"","potentialAction":[{"@type":"SearchAction","target":{"@type":"EntryPoint","urlTemplate":"https:\/\/www.ppdgroup.com\/fr\/?s={search_term_string}"},"query-input":{"@type":"PropertyValueSpecification","valueRequired":true,"valueName":"search_term_string"}}],"inLanguage":"fr-FR"}]}},"_links":{"self":[{"href":"https:\/\/www.ppdgroup.com\/fr\/wp-json\/wp\/v2\/pages\/425","targetHints":{"allow":["GET"]}}],"collection":[{"href":"https:\/\/www.ppdgroup.com\/fr\/wp-json\/wp\/v2\/pages"}],"about":[{"href":"https:\/\/www.ppdgroup.com\/fr\/wp-json\/wp\/v2\/types\/page"}],"author":[{"embeddable":true,"href":"https:\/\/www.ppdgroup.com\/fr\/wp-json\/wp\/v2\/users\/1"}],"replies":[{"embeddable":true,"href":"https:\/\/www.ppdgroup.com\/fr\/wp-json\/wp\/v2\/comments?post=425"}],"version-history":[{"count":8,"href":"https:\/\/www.ppdgroup.com\/fr\/wp-json\/wp\/v2\/pages\/425\/revisions"}],"predecessor-version":[{"id":2871,"href":"https:\/\/www.ppdgroup.com\/fr\/wp-json\/wp\/v2\/pages\/425\/revisions\/2871"}],"up":[{"embeddable":true,"href":"https:\/\/www.ppdgroup.com\/fr\/wp-json\/wp\/v2\/pages\/135"}],"wp:attachment":[{"href":"https:\/\/www.ppdgroup.com\/fr\/wp-json\/wp\/v2\/media?parent=425"}],"curies":[{"name":"wp","href":"https:\/\/api.w.org\/{rel}","templated":true}]}}