{"id":423,"date":"2013-04-25T20:55:47","date_gmt":"2013-04-25T19:55:47","guid":{"rendered":"http:\/\/www.ppdgroup.com\/?page_id=423"},"modified":"2013-08-05T14:50:55","modified_gmt":"2013-08-05T13:50:55","slug":"programme-de-solutions-personnalisees","status":"publish","type":"page","link":"https:\/\/www.ppdgroup.com\/fr\/groupe-ppd\/programme-de-solutions-personnalisees\/","title":{"rendered":"Programme de solutions personnalis\u00e9es"},"content":{"rendered":"<h2>Surmontez les d\u00e9fis pos\u00e9s par vos produits<\/h2>\n<p>PPD aide ses clients \u00e0 surmonter les d\u00e9fis les plus complexes pos\u00e9s par leurs produits.<\/p>\n<p>Forts de notre exp\u00e9rience, notre expertise et notre cr\u00e9ativit\u00e9, nous assurons une gestion de projets efficace qui a pour effet de r\u00e9duire les temps de d\u00e9veloppement et de rationaliser le processus de conception.<\/p>\n<p>Nos \u00e9quipes d&#8217;ing\u00e9nierie sont d\u00e9termin\u00e9es \u00e0 d\u00e9velopper des m\u00e9thodes de production novatrices, des processus plus efficaces et des technologies permettant non seulement de r\u00e9duire le gaspillage, l&#8217;usure des outils et la dur\u00e9e de cycle, mais aussi d\u2019accro\u00eetre la qualit\u00e9 et la dur\u00e9e de vie des moules.<\/p>\n<p><img loading=\"lazy\" decoding=\"async\" src=\"http:\/\/www.ppdgroup.com\/wp-content\/uploads\/2013\/04\/programme-solutions-personnalisees-fr.png\" alt=\"programme-solutions-personnalisees-fr\" width=\"650\" height=\"430\" class=\"alignnone size-full wp-image-2743\" srcset=\"https:\/\/www.ppdgroup.com\/wp-content\/uploads\/2013\/04\/programme-solutions-personnalisees-fr.png 650w, https:\/\/www.ppdgroup.com\/wp-content\/uploads\/2013\/04\/programme-solutions-personnalisees-fr-300x198.png 300w\" sizes=\"auto, (max-width: 650px) 100vw, 650px\" \/><\/p>\n","protected":false},"excerpt":{"rendered":"<p>Surmontez les d\u00e9fis pos\u00e9s par vos produits PPD aide ses clients \u00e0 surmonter les d\u00e9fis les plus complexes pos\u00e9s par leurs produits. Forts de notre exp\u00e9rience, notre expertise et notre cr\u00e9ativit\u00e9, nous assurons une gestion de projets efficace qui a pour effet de r\u00e9duire les temps de d\u00e9veloppement et de rationaliser le processus de conception. [&hellip;]<\/p>\n","protected":false},"author":1,"featured_media":0,"parent":135,"menu_order":24,"comment_status":"open","ping_status":"closed","template":"","meta":{"_acf_changed":false,"footnotes":""},"class_list":["post-423","page","type-page","status-publish","hentry"],"acf":[],"yoast_head":"<!-- This site is optimized with the Yoast SEO plugin v27.4 - https:\/\/yoast.com\/product\/yoast-seo-wordpress\/ -->\n<title>Programme de solutions personnalis\u00e9es - PPD<\/title>\n<meta name=\"robots\" content=\"index, follow, max-snippet:-1, max-image-preview:large, max-video-preview:-1\" \/>\n<link rel=\"canonical\" href=\"https:\/\/www.ppdgroup.com\/fr\/groupe-ppd\/programme-de-solutions-personnalisees\/\" \/>\n<meta name=\"twitter:label1\" content=\"Dur\u00e9e de lecture estim\u00e9e\" \/>\n\t<meta name=\"twitter:data1\" content=\"1 minute\" \/>\n<script type=\"application\/ld+json\" class=\"yoast-schema-graph\">{\"@context\":\"https:\\\/\\\/schema.org\",\"@graph\":[{\"@type\":\"WebPage\",\"@id\":\"https:\\\/\\\/www.ppdgroup.com\\\/fr\\\/groupe-ppd\\\/programme-de-solutions-personnalisees\\\/\",\"url\":\"https:\\\/\\\/www.ppdgroup.com\\\/fr\\\/groupe-ppd\\\/programme-de-solutions-personnalisees\\\/\",\"name\":\"Programme de solutions personnalis\u00e9es - PPD\",\"isPartOf\":{\"@id\":\"https:\\\/\\\/www.ppdgroup.com\\\/fr\\\/#website\"},\"primaryImageOfPage\":{\"@id\":\"https:\\\/\\\/www.ppdgroup.com\\\/fr\\\/groupe-ppd\\\/programme-de-solutions-personnalisees\\\/#primaryimage\"},\"image\":{\"@id\":\"https:\\\/\\\/www.ppdgroup.com\\\/fr\\\/groupe-ppd\\\/programme-de-solutions-personnalisees\\\/#primaryimage\"},\"thumbnailUrl\":\"http:\\\/\\\/www.ppdgroup.com\\\/wp-content\\\/uploads\\\/2013\\\/04\\\/programme-solutions-personnalisees-fr.png\",\"datePublished\":\"2013-04-25T19:55:47+00:00\",\"dateModified\":\"2013-08-05T13:50:55+00:00\",\"breadcrumb\":{\"@id\":\"https:\\\/\\\/www.ppdgroup.com\\\/fr\\\/groupe-ppd\\\/programme-de-solutions-personnalisees\\\/#breadcrumb\"},\"inLanguage\":\"fr-FR\",\"potentialAction\":[{\"@type\":\"ReadAction\",\"target\":[\"https:\\\/\\\/www.ppdgroup.com\\\/fr\\\/groupe-ppd\\\/programme-de-solutions-personnalisees\\\/\"]}]},{\"@type\":\"ImageObject\",\"inLanguage\":\"fr-FR\",\"@id\":\"https:\\\/\\\/www.ppdgroup.com\\\/fr\\\/groupe-ppd\\\/programme-de-solutions-personnalisees\\\/#primaryimage\",\"url\":\"http:\\\/\\\/www.ppdgroup.com\\\/wp-content\\\/uploads\\\/2013\\\/04\\\/programme-solutions-personnalisees-fr.png\",\"contentUrl\":\"http:\\\/\\\/www.ppdgroup.com\\\/wp-content\\\/uploads\\\/2013\\\/04\\\/programme-solutions-personnalisees-fr.png\"},{\"@type\":\"BreadcrumbList\",\"@id\":\"https:\\\/\\\/www.ppdgroup.com\\\/fr\\\/groupe-ppd\\\/programme-de-solutions-personnalisees\\\/#breadcrumb\",\"itemListElement\":[{\"@type\":\"ListItem\",\"position\":1,\"name\":\"Accueil\",\"item\":\"https:\\\/\\\/www.ppdgroup.com\\\/fr\\\/\"},{\"@type\":\"ListItem\",\"position\":2,\"name\":\"Groupe PPD\",\"item\":\"https:\\\/\\\/www.ppdgroup.com\\\/fr\\\/groupe-ppd\\\/\"},{\"@type\":\"ListItem\",\"position\":3,\"name\":\"Programme de solutions personnalis\u00e9es\"}]},{\"@type\":\"WebSite\",\"@id\":\"https:\\\/\\\/www.ppdgroup.com\\\/fr\\\/#website\",\"url\":\"https:\\\/\\\/www.ppdgroup.com\\\/fr\\\/\",\"name\":\"PPD\",\"description\":\"\",\"potentialAction\":[{\"@type\":\"SearchAction\",\"target\":{\"@type\":\"EntryPoint\",\"urlTemplate\":\"https:\\\/\\\/www.ppdgroup.com\\\/fr\\\/?s={search_term_string}\"},\"query-input\":{\"@type\":\"PropertyValueSpecification\",\"valueRequired\":true,\"valueName\":\"search_term_string\"}}],\"inLanguage\":\"fr-FR\"}]}<\/script>\n<!-- \/ Yoast SEO plugin. -->","yoast_head_json":{"title":"Programme de solutions personnalis\u00e9es - PPD","robots":{"index":"index","follow":"follow","max-snippet":"max-snippet:-1","max-image-preview":"max-image-preview:large","max-video-preview":"max-video-preview:-1"},"canonical":"https:\/\/www.ppdgroup.com\/fr\/groupe-ppd\/programme-de-solutions-personnalisees\/","twitter_misc":{"Dur\u00e9e de lecture estim\u00e9e":"1 minute"},"schema":{"@context":"https:\/\/schema.org","@graph":[{"@type":"WebPage","@id":"https:\/\/www.ppdgroup.com\/fr\/groupe-ppd\/programme-de-solutions-personnalisees\/","url":"https:\/\/www.ppdgroup.com\/fr\/groupe-ppd\/programme-de-solutions-personnalisees\/","name":"Programme de solutions personnalis\u00e9es - PPD","isPartOf":{"@id":"https:\/\/www.ppdgroup.com\/fr\/#website"},"primaryImageOfPage":{"@id":"https:\/\/www.ppdgroup.com\/fr\/groupe-ppd\/programme-de-solutions-personnalisees\/#primaryimage"},"image":{"@id":"https:\/\/www.ppdgroup.com\/fr\/groupe-ppd\/programme-de-solutions-personnalisees\/#primaryimage"},"thumbnailUrl":"http:\/\/www.ppdgroup.com\/wp-content\/uploads\/2013\/04\/programme-solutions-personnalisees-fr.png","datePublished":"2013-04-25T19:55:47+00:00","dateModified":"2013-08-05T13:50:55+00:00","breadcrumb":{"@id":"https:\/\/www.ppdgroup.com\/fr\/groupe-ppd\/programme-de-solutions-personnalisees\/#breadcrumb"},"inLanguage":"fr-FR","potentialAction":[{"@type":"ReadAction","target":["https:\/\/www.ppdgroup.com\/fr\/groupe-ppd\/programme-de-solutions-personnalisees\/"]}]},{"@type":"ImageObject","inLanguage":"fr-FR","@id":"https:\/\/www.ppdgroup.com\/fr\/groupe-ppd\/programme-de-solutions-personnalisees\/#primaryimage","url":"http:\/\/www.ppdgroup.com\/wp-content\/uploads\/2013\/04\/programme-solutions-personnalisees-fr.png","contentUrl":"http:\/\/www.ppdgroup.com\/wp-content\/uploads\/2013\/04\/programme-solutions-personnalisees-fr.png"},{"@type":"BreadcrumbList","@id":"https:\/\/www.ppdgroup.com\/fr\/groupe-ppd\/programme-de-solutions-personnalisees\/#breadcrumb","itemListElement":[{"@type":"ListItem","position":1,"name":"Accueil","item":"https:\/\/www.ppdgroup.com\/fr\/"},{"@type":"ListItem","position":2,"name":"Groupe PPD","item":"https:\/\/www.ppdgroup.com\/fr\/groupe-ppd\/"},{"@type":"ListItem","position":3,"name":"Programme de solutions personnalis\u00e9es"}]},{"@type":"WebSite","@id":"https:\/\/www.ppdgroup.com\/fr\/#website","url":"https:\/\/www.ppdgroup.com\/fr\/","name":"PPD","description":"","potentialAction":[{"@type":"SearchAction","target":{"@type":"EntryPoint","urlTemplate":"https:\/\/www.ppdgroup.com\/fr\/?s={search_term_string}"},"query-input":{"@type":"PropertyValueSpecification","valueRequired":true,"valueName":"search_term_string"}}],"inLanguage":"fr-FR"}]}},"_links":{"self":[{"href":"https:\/\/www.ppdgroup.com\/fr\/wp-json\/wp\/v2\/pages\/423","targetHints":{"allow":["GET"]}}],"collection":[{"href":"https:\/\/www.ppdgroup.com\/fr\/wp-json\/wp\/v2\/pages"}],"about":[{"href":"https:\/\/www.ppdgroup.com\/fr\/wp-json\/wp\/v2\/types\/page"}],"author":[{"embeddable":true,"href":"https:\/\/www.ppdgroup.com\/fr\/wp-json\/wp\/v2\/users\/1"}],"replies":[{"embeddable":true,"href":"https:\/\/www.ppdgroup.com\/fr\/wp-json\/wp\/v2\/comments?post=423"}],"version-history":[{"count":10,"href":"https:\/\/www.ppdgroup.com\/fr\/wp-json\/wp\/v2\/pages\/423\/revisions"}],"predecessor-version":[{"id":2745,"href":"https:\/\/www.ppdgroup.com\/fr\/wp-json\/wp\/v2\/pages\/423\/revisions\/2745"}],"up":[{"embeddable":true,"href":"https:\/\/www.ppdgroup.com\/fr\/wp-json\/wp\/v2\/pages\/135"}],"wp:attachment":[{"href":"https:\/\/www.ppdgroup.com\/fr\/wp-json\/wp\/v2\/media?parent=423"}],"curies":[{"name":"wp","href":"https:\/\/api.w.org\/{rel}","templated":true}]}}