{"id":2151,"date":"2013-06-14T16:25:43","date_gmt":"2013-06-14T15:25:43","guid":{"rendered":"http:\/\/www.ppdgroup.com\/?page_id=2151"},"modified":"2025-04-29T14:10:50","modified_gmt":"2025-04-29T13:10:50","slug":"politique-de-protection-de-la-vie-privee","status":"publish","type":"page","link":"https:\/\/www.ppdgroup.com\/fr\/politique-de-protection-de-la-vie-privee\/","title":{"rendered":"Politique de confidentialit\u00e9 des renseignements personnels"},"content":{"rendered":"<p>Le groupe PPD reconna\u00eet l\u2019importance de prot\u00e9ger vos renseignements personnels. Notre politique de confidentialit\u00e9 (la \u00ab <strong>Politique<\/strong> \u00bb) vise \u00e0 d\u00e9crire comment nous recueillons, utilisons et communiquons vos renseignements personnels lorsque vous utilisez notre site Internet, et quels sont vos droits \u00e0 cet \u00e9gard.<\/p>\n<h2>Qu\u2019est-ce qu\u2019un \u00ab renseignement personnel \u00bb ?<\/h2>\n<p>L\u2019expression \u00ab renseignement personnel \u00bb d\u00e9signe tout renseignement qui concerne une personne physique et permet, directement ou indirectement, de l\u2019identifier. Il pourrait s\u2019agir de votre nom, adresse courriel, num\u00e9ro de t\u00e9l\u00e9phone, date de naissance et informations financi\u00e8res (y compris les informations bancaires et relatives aux cartes de cr\u00e9dit).<\/p>\n<p>Quant \u00e0 vos coordonn\u00e9es d\u2019affaires, telles que votre titre, adresse courriel, adresse professionnelle ou num\u00e9ro de t\u00e9l\u00e9phone, elles constituent un renseignement personnel \u00e0 caract\u00e8re public.<\/p>\n<h2>Quels renseignements personnels recueillons-nous ?<\/h2>\n<p>Lorsque vous utilisez notre site Internet de gestion des carri\u00e8res chez PPD, nous pouvons recueillir vos renseignements personnels suivants :<\/p>\n<ul>\n<li>Des renseignements relatifs au recrutement, tels que votre curriculum vitae.<\/li>\n<\/ul>\n<p>Dans tous les cas, nous nous effor\u00e7ons de limiter la quantit\u00e9 de renseignements personnels que nous recueillons \u00e0 ce qui est strictement n\u00e9cessaire aux fins d\u00e9crites dans la section \u00ab <em>Carri\u00e8res<\/em> \u00bb. Nous ne recueillons pas sciemment de renseignements personnels aupr\u00e8s de personnes mineures.<\/p>\n<h2>Recueillons-nous des renseignements par l\u2019entremise de \u00ab cookies \u00bb ?<\/h2>\n<p>Lorsque vous naviguez sur notre site Internet, nous recueillons certains renseignements par l\u2019entremise de fichiers t\u00e9moins et autres technologies de suivi (collectivement, des \u00ab <strong>cookies<\/strong> \u00bb).<\/p>\n<p>Les Cookies sont de petits fichiers texte contenant un num\u00e9ro d&#8217;identification unique qui sont automatiquement d\u00e9pos\u00e9s sur l&#8217;ordinateur d&#8217;un visiteur. Vous pouvez consentir ou non \u00e0 l\u2019activation de certains de ces Cookies lors de votre connexion \u00e0 notre site Internet. Si vous refusez, il est possible que votre navigation en soit affect\u00e9e. En cliquant sur \u00ab Tout autoriser \u00bb lors de votre premi\u00e8re navigation sur le site, vous acceptez le stockage de cookies sur votre appareil.<\/p>\n<p>Nous utilisons les cat\u00e9gories de cookies suivantes :<\/p>\n<p style=\"padding-left: 40px;\"><em>i. Les cookies n\u00e9cessaires<\/em><\/p>\n<p style=\"padding-left: 40px;\">Les cookies n\u00e9cessaires contribuent \u00e0 rendre notre site Internet utilisable en activant des fonctions de base comme la navigation de page. Le site Internet ne peut pas fonctionner correctement sans ces cookies.<\/p>\n<p style=\"padding-left: 40px;\"><em>ii. Les cookies de pr\u00e9f\u00e9rences<\/em><\/p>\n<p style=\"padding-left: 40px;\">Les cookies de pr\u00e9f\u00e9rences permettent \u00e0 notre site Internet de retenir des informations qui modifient la mani\u00e8re dont le site se comporte ou s\u2019affiche, comme votre langue pr\u00e9f\u00e9r\u00e9e ou la r\u00e9gion dans laquelle vous vous situez.<\/p>\n<p style=\"padding-left: 40px;\"><em>iii. Les cookies de statistiques (ou de performance)<\/em><\/p>\n<p style=\"padding-left: 40px;\">Les cookies de statistiques (ou de performance) nous aident \u00e0 comprendre comment les visiteurs interagissent avec notre site Internet par la collecte et la communication d&#8217;informations de mani\u00e8re anonyme au sujet de votre navigation.<\/p>\n<p style=\"padding-left: 40px;\"><em>iv. Les cookies marketing<\/em><\/p>\n<p style=\"padding-left: 40px;\">Les cookies marketing sont utilis\u00e9s pour effectuer le suivi des visiteurs au travers de notre site Internet et leur proposer de la publicit\u00e9 en fonction de leurs int\u00e9r\u00eats.<\/p>\n<p style=\"padding-left: 40px;\">Si vous souhaitez modifier votre consentement, vous pouvez le faire directement dans les param\u00e8tres Cookies ou en communiquant avec nous via la section \u00ab <em>Comment nous joindre?<\/em> \u00bb.<\/p>\n<h2>Comment recueillons-nous vos renseignements personnels ?<\/h2>\n<p>Nous recueillons vos renseignements personnels directement aupr\u00e8s de vous avec votre consentement lorsque vous communiquez avec nous ou remplissez un formulaire sur notre site Internet. Il est toutefois possible que nous recueillions vos renseignements personnels aupr\u00e8s de tiers lorsque vous y avez consenti, ou lorsque la loi nous le permet (par exemple, des organismes gouvernementaux, des institutions financi\u00e8res ou d&#8217;autres fournisseurs de services).<\/p>\n<h2>Comment obtenons-nous votre consentement ?<\/h2>\n<p>De mani\u00e8re g\u00e9n\u00e9rale, nous recueillons, utilisons et communiquons vos renseignements personnels qu\u2019avec votre consentement. Dans certains cas toutefois, la loi pr\u00e9voit que nous pouvons recueillir, utiliser ou communiquer vos renseignements personnels sans votre consentement (par exemple, lorsque nous sommes tenus de communiquer vos renseignements en vertu d\u2019une assignation ou d\u2019une ordonnance d\u2019un tribunal).<\/p>\n<p>En communiquant avec nous, en remplissant volontairement un formulaire avec vos renseignements personnels et en naviguant sur notre site Internet, vous consentez \u00e0 la collecte, \u00e0 l\u2019utilisation et \u00e0 la communication de vos renseignements personnels conform\u00e9ment \u00e0 cette Politique. Si vous nous fournissez les renseignements personnels d\u2019un tiers, vous d\u00e9clarez d\u00e9tenir le consentement ou le pouvoir n\u00e9cessaire pour nous permettre de recueillir, utiliser et communiquer ces renseignements conform\u00e9ment \u00e0 cette Politique.<\/p>\n<p>Sous r\u00e9serve de certaines restrictions juridiques ou contractuelles, vous pouvez retirer votre consentement en tout temps en nous contactant tel qu\u2019indiqu\u00e9 dans la section \u00ab <em>Comment nous<\/em> <em>joindre ?<\/em> \u00bb.<\/p>\n<h2>\u00c0 quelles fins utilisons-nous vos renseignements personnels ?<\/h2>\n<p>De mani\u00e8re g\u00e9n\u00e9rale, nous utilisons vos renseignements personnels aux fins suivantes :<\/p>\n<ul>\n<li>Recruter du personnel :<\/li>\n<li>Adresser vos questions envers les experts ;<\/li>\n<\/ul>\n<h2>Avec qui partageons-nous vos renseignements personnels ?<\/h2>\n<p>Vos renseignements personnels sont uniquement accessibles \u00e0 nos employ\u00e9s et mandataires dont les fonctions le requi\u00e8rent. Nous pouvons \u00e9galement partager vos renseignements personnels avec des tiers, lorsque la loi l\u2019exige. Dans ce dernier cas, nous prenons les mesures n\u00e9cessaires afin de prot\u00e9ger ad\u00e9quatement vos renseignements personnels en adoptant des mesures contractuelles sp\u00e9cifiques et en limitant le partage de vos renseignements personnels.<\/p>\n<h2>Vos renseignements personnels sont-ils communiqu\u00e9s \u00e0 l\u2019ext\u00e9rieur du Qu\u00e9bec ?<\/h2>\n<p>Les renseignements personnels que nous recueillons sont h\u00e9berg\u00e9s au Qu\u00e9bec. Lorsque vos renseignements personnels sont ainsi communiqu\u00e9s hors du Qu\u00e9bec, nous proc\u00e9dons \u00e0 une \u00e9valuation des facteurs de vie priv\u00e9e et nous mettons en place des engagements contractuels afin de prot\u00e9ger la confidentialit\u00e9 de ces renseignements.<\/p>\n<h2>Pendant combien de temps conservons-nous vos renseignements personnels ?<\/h2>\n<p>Nous conservons vos renseignements personnels seulement pour la dur\u00e9e n\u00e9cessaire aux fins pr\u00e9vues dans la Politique et pour nous conformer \u00e0 nos obligations l\u00e9gales et r\u00e9glementaires. Apr\u00e8s ce d\u00e9lai, vos renseignements personnels seront d\u00e9truits de fa\u00e7on s\u00e9curitaire ou anonymis\u00e9s.<\/p>\n<h2>Comment prot\u00e9geons-nous la confidentialit\u00e9 de vos renseignements personnels ?<\/h2>\n<p>Les renseignements personnels que nous recueillons sont conserv\u00e9s de mani\u00e8re confidentielle conform\u00e9ment \u00e0 la l\u00e9gislation applicable. En outre, si vous choisissez de nous transmettre des renseignements personnels par courriel ou par le biais d\u2019un formulaire disponible sur notre site Internet, nous utiliserons uniquement l&#8217;information requise pour r\u00e9pondre \u00e0 votre message et permettre d\u2019y donner suite, en nous assurant d\u2019en pr\u00e9server la confidentialit\u00e9.<\/p>\n<p>Nous prenons \u00e9galement des mesures de s\u00e9curit\u00e9 organisationnelles, techniques et physiques raisonnables afin de prot\u00e9ger vos renseignements personnels contre leur perte, vol, acc\u00e8s, utilisation et communication non autoris\u00e9s. Par exemple, nous veillons \u00e0 restreindre l\u2019acc\u00e8s \u00e0 nos bureaux et \u00e0 nos \u00e9quipements informatiques, nous utilisons l\u2019authentification multi facteurs, en plus de sensibiliser notre personnel \u00e0 la s\u00e9curit\u00e9 et \u00e0 la confidentialit\u00e9 des renseignements personnels auxquels ils ont acc\u00e8s.<\/p>\n<h2>Quels sont vos droits ?<\/h2>\n<p>Vous disposez des droits suivants en lien avec vos renseignements personnels :<\/p>\n<ul>\n<li>Acc\u00e9der \u00e0 vos renseignements personnels et en obtenir copie ;<\/li>\n<li>Rectifier vos renseignements personnels ;<\/li>\n<li>Retirer votre consentement \u00e0 l\u2019utilisation ou \u00e0 la communication de vos renseignements personnels, dans la mesure applicable ;<\/li>\n<li>D\u00e9poser une plainte concernant le traitement de vos renseignements personnels.<\/li>\n<\/ul>\n<p>Pour exercer l\u2019un ou l\u2019autre de ces droits, veuillez communiquer avec nous de la mani\u00e8re indiqu\u00e9e dans la section \u00ab Comment nous joindre ? \u00bb.<\/p>\n<h2>Comment nous joindre ?<\/h2>\n<p>Si vous souhaitez en savoir plus sur la protection de vos renseignements personnels ou souhaitez exercer vos droits ou formuler une plainte, veuillez communiquer avec notre Responsable de la protection des renseignements personnels, aux coordonn\u00e9es suivantes :<\/p>\n<p><strong>Courriel :<\/strong> <a href=\"mailto:confidentialite@ppdgroup.com\" rel=\"noopener\">confidentialite@ppdgroup.com<\/a><\/p>\n<h2>Comment mettons-nous \u00e0 jour notre Politique ?<\/h2>\n<p>Notre Politique peut \u00eatre mise \u00e0 jour de temps \u00e0 autre, afin de refl\u00e9ter des changements l\u00e9gislatifs ou op\u00e9rationnels au sein de notre organisation. Quoique des avis de mise \u00e0 jour puissent \u00eatre utilis\u00e9s, l\u2019affichage de la Politique r\u00e9vis\u00e9e sera r\u00e9put\u00e9 constituer un avis suffisant. Le fait de continuer \u00e0 utiliser notre site Internet constitue une acceptation de votre part de cette Politique et de toute mise \u00e0 jour.<\/p>\n<p>La date de derni\u00e8re mise \u00e0 jour de la Politique est le 01-01-2025.<\/p>\n","protected":false},"excerpt":{"rendered":"<p>Le groupe PPD reconna\u00eet l\u2019importance de prot\u00e9ger vos renseignements personnels. Notre politique de confidentialit\u00e9 (la \u00ab Politique \u00bb) vise \u00e0 d\u00e9crire comment nous recueillons, utilisons et communiquons vos renseignements personnels lorsque vous utilisez notre site Internet, et quels sont vos droits \u00e0 cet \u00e9gard. Qu\u2019est-ce qu\u2019un \u00ab renseignement personnel \u00bb ? L\u2019expression \u00ab renseignement personnel [&hellip;]<\/p>\n","protected":false},"author":1,"featured_media":0,"parent":0,"menu_order":0,"comment_status":"open","ping_status":"open","template":"","meta":{"_acf_changed":false,"footnotes":""},"class_list":["post-2151","page","type-page","status-publish","hentry"],"acf":[],"yoast_head":"<!-- This site is optimized with the Yoast SEO plugin v27.4 - https:\/\/yoast.com\/product\/yoast-seo-wordpress\/ -->\n<title>Politique de confidentialit\u00e9 des renseignements personnels - PPD<\/title>\n<meta name=\"robots\" content=\"noindex, nofollow\" \/>\n<meta name=\"twitter:label1\" content=\"Dur\u00e9e de lecture estim\u00e9e\" \/>\n\t<meta name=\"twitter:data1\" content=\"7 minutes\" \/>\n<script type=\"application\/ld+json\" class=\"yoast-schema-graph\">{\"@context\":\"https:\\\/\\\/schema.org\",\"@graph\":[{\"@type\":\"WebPage\",\"@id\":\"https:\\\/\\\/www.ppdgroup.com\\\/fr\\\/politique-de-protection-de-la-vie-privee\\\/\",\"url\":\"https:\\\/\\\/www.ppdgroup.com\\\/fr\\\/politique-de-protection-de-la-vie-privee\\\/\",\"name\":\"Politique de confidentialit\u00e9 des renseignements personnels - PPD\",\"isPartOf\":{\"@id\":\"https:\\\/\\\/www.ppdgroup.com\\\/fr\\\/#website\"},\"datePublished\":\"2013-06-14T15:25:43+00:00\",\"dateModified\":\"2025-04-29T13:10:50+00:00\",\"breadcrumb\":{\"@id\":\"https:\\\/\\\/www.ppdgroup.com\\\/fr\\\/politique-de-protection-de-la-vie-privee\\\/#breadcrumb\"},\"inLanguage\":\"fr-FR\",\"potentialAction\":[{\"@type\":\"ReadAction\",\"target\":[\"https:\\\/\\\/www.ppdgroup.com\\\/fr\\\/politique-de-protection-de-la-vie-privee\\\/\"]}]},{\"@type\":\"BreadcrumbList\",\"@id\":\"https:\\\/\\\/www.ppdgroup.com\\\/fr\\\/politique-de-protection-de-la-vie-privee\\\/#breadcrumb\",\"itemListElement\":[{\"@type\":\"ListItem\",\"position\":1,\"name\":\"Accueil\",\"item\":\"https:\\\/\\\/www.ppdgroup.com\\\/fr\\\/\"},{\"@type\":\"ListItem\",\"position\":2,\"name\":\"Politique de confidentialit\u00e9 des renseignements personnels\"}]},{\"@type\":\"WebSite\",\"@id\":\"https:\\\/\\\/www.ppdgroup.com\\\/fr\\\/#website\",\"url\":\"https:\\\/\\\/www.ppdgroup.com\\\/fr\\\/\",\"name\":\"PPD\",\"description\":\"\",\"potentialAction\":[{\"@type\":\"SearchAction\",\"target\":{\"@type\":\"EntryPoint\",\"urlTemplate\":\"https:\\\/\\\/www.ppdgroup.com\\\/fr\\\/?s={search_term_string}\"},\"query-input\":{\"@type\":\"PropertyValueSpecification\",\"valueRequired\":true,\"valueName\":\"search_term_string\"}}],\"inLanguage\":\"fr-FR\"}]}<\/script>\n<!-- \/ Yoast SEO plugin. -->","yoast_head_json":{"title":"Politique de confidentialit\u00e9 des renseignements personnels - PPD","robots":{"index":"noindex","follow":"nofollow"},"twitter_misc":{"Dur\u00e9e de lecture estim\u00e9e":"7 minutes"},"schema":{"@context":"https:\/\/schema.org","@graph":[{"@type":"WebPage","@id":"https:\/\/www.ppdgroup.com\/fr\/politique-de-protection-de-la-vie-privee\/","url":"https:\/\/www.ppdgroup.com\/fr\/politique-de-protection-de-la-vie-privee\/","name":"Politique de confidentialit\u00e9 des renseignements personnels - PPD","isPartOf":{"@id":"https:\/\/www.ppdgroup.com\/fr\/#website"},"datePublished":"2013-06-14T15:25:43+00:00","dateModified":"2025-04-29T13:10:50+00:00","breadcrumb":{"@id":"https:\/\/www.ppdgroup.com\/fr\/politique-de-protection-de-la-vie-privee\/#breadcrumb"},"inLanguage":"fr-FR","potentialAction":[{"@type":"ReadAction","target":["https:\/\/www.ppdgroup.com\/fr\/politique-de-protection-de-la-vie-privee\/"]}]},{"@type":"BreadcrumbList","@id":"https:\/\/www.ppdgroup.com\/fr\/politique-de-protection-de-la-vie-privee\/#breadcrumb","itemListElement":[{"@type":"ListItem","position":1,"name":"Accueil","item":"https:\/\/www.ppdgroup.com\/fr\/"},{"@type":"ListItem","position":2,"name":"Politique de confidentialit\u00e9 des renseignements personnels"}]},{"@type":"WebSite","@id":"https:\/\/www.ppdgroup.com\/fr\/#website","url":"https:\/\/www.ppdgroup.com\/fr\/","name":"PPD","description":"","potentialAction":[{"@type":"SearchAction","target":{"@type":"EntryPoint","urlTemplate":"https:\/\/www.ppdgroup.com\/fr\/?s={search_term_string}"},"query-input":{"@type":"PropertyValueSpecification","valueRequired":true,"valueName":"search_term_string"}}],"inLanguage":"fr-FR"}]}},"_links":{"self":[{"href":"https:\/\/www.ppdgroup.com\/fr\/wp-json\/wp\/v2\/pages\/2151","targetHints":{"allow":["GET"]}}],"collection":[{"href":"https:\/\/www.ppdgroup.com\/fr\/wp-json\/wp\/v2\/pages"}],"about":[{"href":"https:\/\/www.ppdgroup.com\/fr\/wp-json\/wp\/v2\/types\/page"}],"author":[{"embeddable":true,"href":"https:\/\/www.ppdgroup.com\/fr\/wp-json\/wp\/v2\/users\/1"}],"replies":[{"embeddable":true,"href":"https:\/\/www.ppdgroup.com\/fr\/wp-json\/wp\/v2\/comments?post=2151"}],"version-history":[{"count":13,"href":"https:\/\/www.ppdgroup.com\/fr\/wp-json\/wp\/v2\/pages\/2151\/revisions"}],"predecessor-version":[{"id":17151,"href":"https:\/\/www.ppdgroup.com\/fr\/wp-json\/wp\/v2\/pages\/2151\/revisions\/17151"}],"wp:attachment":[{"href":"https:\/\/www.ppdgroup.com\/fr\/wp-json\/wp\/v2\/media?parent=2151"}],"curies":[{"name":"wp","href":"https:\/\/api.w.org\/{rel}","templated":true}]}}