{"id":182,"date":"2013-04-18T20:49:14","date_gmt":"2013-04-18T19:49:14","guid":{"rendered":"http:\/\/www.ppdgroup.com\/?page_id=182"},"modified":"2013-10-31T15:48:55","modified_gmt":"2013-10-31T14:48:55","slug":"moulage-et-outillage","status":"publish","type":"page","link":"https:\/\/www.ppdgroup.com\/fr\/services-solutions\/moulage-et-outillage\/","title":{"rendered":"Moule et outillage"},"content":{"rendered":"<h2>Un fournisseur int\u00e9gr\u00e9 de solutions<b> <\/b><\/h2>\n<p>De la conception initiale \u00e0 la pi\u00e8ce finie, PPD, fournisseur int\u00e9gr\u00e9 de solutions cl\u00e9s en main, r\u00e9pond \u00e0 tous les besoins de plusieurs industries en mati\u00e8re de plastique et de caoutchouc.<\/p>\n<p>Nos \u00e9quipes de conception, d&#8217;ing\u00e9nierie, de fabrication et de production travaillent en collaboration, g\u00e9n\u00e9rant ainsi une synergie exceptionnelle qui donne lieu \u00e0 des capacit\u00e9s de production et de d\u00e9veloppement optimales.<\/p>\n<p>Avec notre grande vari\u00e9t\u00e9 de fabrication de moules et d&#8217;outillage, nous couvrons toute la gamme des besoins :<\/p>\n<ul>\n<li>Conception d&#8217;outils de production selon vos sp\u00e9cifications<\/li>\n<li>Production de moules finis de presque toutes les tailles<\/li>\n<li>Essais sur presse<\/li>\n<li>Production en s\u00e9rie<\/li>\n<\/ul>\n<p><b>Notre expertise<\/b><\/p>\n<ul>\n<li>Fabrication de moules destin\u00e9s aux processus suivants :\n<ul>\n<li>Moulage par injection<\/li>\n<li>Moulage par compression<\/li>\n<li>RIM, RTM, LFI<\/li>\n<\/ul>\n<\/li>\n<li>Fabrication de moules en nickel<i><\/i><\/li>\n<li>Conception d\u2019outillage et analyse des param\u00e8tres d&#8217;injection<\/li>\n<li>Fabrication et conception d&#8217;outillage de grande taille<\/li>\n<\/ul>\n","protected":false},"excerpt":{"rendered":"<p>Un fournisseur int\u00e9gr\u00e9 de solutions De la conception initiale \u00e0 la pi\u00e8ce finie, PPD, fournisseur int\u00e9gr\u00e9 de solutions cl\u00e9s en main, r\u00e9pond \u00e0 tous les besoins de plusieurs industries en mati\u00e8re de plastique et de caoutchouc. Nos \u00e9quipes de conception, d&#8217;ing\u00e9nierie, de fabrication et de production travaillent en collaboration, g\u00e9n\u00e9rant ainsi une synergie exceptionnelle qui [&hellip;]<\/p>\n","protected":false},"author":1,"featured_media":0,"parent":132,"menu_order":21,"comment_status":"open","ping_status":"closed","template":"capabilities.php","meta":{"_acf_changed":false,"footnotes":""},"class_list":["post-182","page","type-page","status-publish","hentry"],"acf":[],"yoast_head":"<!-- This site is optimized with the Yoast SEO plugin v27.4 - https:\/\/yoast.com\/product\/yoast-seo-wordpress\/ -->\n<title>Moule et outillage - PPD<\/title>\n<meta name=\"description\" content=\"De la conception \u00e0 la pi\u00e8ce finie, PPD, fournisseur int\u00e9gr\u00e9 de solutions cl\u00e9s en main, r\u00e9pond \u00e0 tous les besoins en mati\u00e8re de moule et outillage.\" \/>\n<meta name=\"robots\" content=\"index, follow, max-snippet:-1, max-image-preview:large, max-video-preview:-1\" \/>\n<link rel=\"canonical\" href=\"https:\/\/www.ppdgroup.com\/fr\/services-solutions\/moulage-et-outillage\/\" \/>\n<meta name=\"twitter:label1\" content=\"Dur\u00e9e de lecture estim\u00e9e\" \/>\n\t<meta name=\"twitter:data1\" content=\"1 minute\" \/>\n<script type=\"application\/ld+json\" class=\"yoast-schema-graph\">{\"@context\":\"https:\\\/\\\/schema.org\",\"@graph\":[{\"@type\":\"WebPage\",\"@id\":\"https:\\\/\\\/www.ppdgroup.com\\\/fr\\\/services-solutions\\\/moulage-et-outillage\\\/\",\"url\":\"https:\\\/\\\/www.ppdgroup.com\\\/fr\\\/services-solutions\\\/moulage-et-outillage\\\/\",\"name\":\"Moule et outillage - PPD\",\"isPartOf\":{\"@id\":\"https:\\\/\\\/www.ppdgroup.com\\\/fr\\\/#website\"},\"datePublished\":\"2013-04-18T19:49:14+00:00\",\"dateModified\":\"2013-10-31T14:48:55+00:00\",\"description\":\"De la conception \u00e0 la pi\u00e8ce finie, PPD, fournisseur int\u00e9gr\u00e9 de solutions cl\u00e9s en main, r\u00e9pond \u00e0 tous les besoins en mati\u00e8re de moule et outillage.\",\"breadcrumb\":{\"@id\":\"https:\\\/\\\/www.ppdgroup.com\\\/fr\\\/services-solutions\\\/moulage-et-outillage\\\/#breadcrumb\"},\"inLanguage\":\"fr-FR\",\"potentialAction\":[{\"@type\":\"ReadAction\",\"target\":[\"https:\\\/\\\/www.ppdgroup.com\\\/fr\\\/services-solutions\\\/moulage-et-outillage\\\/\"]}]},{\"@type\":\"BreadcrumbList\",\"@id\":\"https:\\\/\\\/www.ppdgroup.com\\\/fr\\\/services-solutions\\\/moulage-et-outillage\\\/#breadcrumb\",\"itemListElement\":[{\"@type\":\"ListItem\",\"position\":1,\"name\":\"Accueil\",\"item\":\"https:\\\/\\\/www.ppdgroup.com\\\/fr\\\/\"},{\"@type\":\"ListItem\",\"position\":2,\"name\":\"Services \\\/ Solutions\",\"item\":\"https:\\\/\\\/www.ppdgroup.com\\\/fr\\\/services-solutions\\\/\"},{\"@type\":\"ListItem\",\"position\":3,\"name\":\"Moule et outillage\"}]},{\"@type\":\"WebSite\",\"@id\":\"https:\\\/\\\/www.ppdgroup.com\\\/fr\\\/#website\",\"url\":\"https:\\\/\\\/www.ppdgroup.com\\\/fr\\\/\",\"name\":\"PPD\",\"description\":\"\",\"potentialAction\":[{\"@type\":\"SearchAction\",\"target\":{\"@type\":\"EntryPoint\",\"urlTemplate\":\"https:\\\/\\\/www.ppdgroup.com\\\/fr\\\/?s={search_term_string}\"},\"query-input\":{\"@type\":\"PropertyValueSpecification\",\"valueRequired\":true,\"valueName\":\"search_term_string\"}}],\"inLanguage\":\"fr-FR\"}]}<\/script>\n<!-- \/ Yoast SEO plugin. -->","yoast_head_json":{"title":"Moule et outillage - PPD","description":"De la conception \u00e0 la pi\u00e8ce finie, PPD, fournisseur int\u00e9gr\u00e9 de solutions cl\u00e9s en main, r\u00e9pond \u00e0 tous les besoins en mati\u00e8re de moule et outillage.","robots":{"index":"index","follow":"follow","max-snippet":"max-snippet:-1","max-image-preview":"max-image-preview:large","max-video-preview":"max-video-preview:-1"},"canonical":"https:\/\/www.ppdgroup.com\/fr\/services-solutions\/moulage-et-outillage\/","twitter_misc":{"Dur\u00e9e de lecture estim\u00e9e":"1 minute"},"schema":{"@context":"https:\/\/schema.org","@graph":[{"@type":"WebPage","@id":"https:\/\/www.ppdgroup.com\/fr\/services-solutions\/moulage-et-outillage\/","url":"https:\/\/www.ppdgroup.com\/fr\/services-solutions\/moulage-et-outillage\/","name":"Moule et outillage - PPD","isPartOf":{"@id":"https:\/\/www.ppdgroup.com\/fr\/#website"},"datePublished":"2013-04-18T19:49:14+00:00","dateModified":"2013-10-31T14:48:55+00:00","description":"De la conception \u00e0 la pi\u00e8ce finie, PPD, fournisseur int\u00e9gr\u00e9 de solutions cl\u00e9s en main, r\u00e9pond \u00e0 tous les besoins en mati\u00e8re de moule et outillage.","breadcrumb":{"@id":"https:\/\/www.ppdgroup.com\/fr\/services-solutions\/moulage-et-outillage\/#breadcrumb"},"inLanguage":"fr-FR","potentialAction":[{"@type":"ReadAction","target":["https:\/\/www.ppdgroup.com\/fr\/services-solutions\/moulage-et-outillage\/"]}]},{"@type":"BreadcrumbList","@id":"https:\/\/www.ppdgroup.com\/fr\/services-solutions\/moulage-et-outillage\/#breadcrumb","itemListElement":[{"@type":"ListItem","position":1,"name":"Accueil","item":"https:\/\/www.ppdgroup.com\/fr\/"},{"@type":"ListItem","position":2,"name":"Services \/ Solutions","item":"https:\/\/www.ppdgroup.com\/fr\/services-solutions\/"},{"@type":"ListItem","position":3,"name":"Moule et outillage"}]},{"@type":"WebSite","@id":"https:\/\/www.ppdgroup.com\/fr\/#website","url":"https:\/\/www.ppdgroup.com\/fr\/","name":"PPD","description":"","potentialAction":[{"@type":"SearchAction","target":{"@type":"EntryPoint","urlTemplate":"https:\/\/www.ppdgroup.com\/fr\/?s={search_term_string}"},"query-input":{"@type":"PropertyValueSpecification","valueRequired":true,"valueName":"search_term_string"}}],"inLanguage":"fr-FR"}]}},"_links":{"self":[{"href":"https:\/\/www.ppdgroup.com\/fr\/wp-json\/wp\/v2\/pages\/182","targetHints":{"allow":["GET"]}}],"collection":[{"href":"https:\/\/www.ppdgroup.com\/fr\/wp-json\/wp\/v2\/pages"}],"about":[{"href":"https:\/\/www.ppdgroup.com\/fr\/wp-json\/wp\/v2\/types\/page"}],"author":[{"embeddable":true,"href":"https:\/\/www.ppdgroup.com\/fr\/wp-json\/wp\/v2\/users\/1"}],"replies":[{"embeddable":true,"href":"https:\/\/www.ppdgroup.com\/fr\/wp-json\/wp\/v2\/comments?post=182"}],"version-history":[{"count":15,"href":"https:\/\/www.ppdgroup.com\/fr\/wp-json\/wp\/v2\/pages\/182\/revisions"}],"predecessor-version":[{"id":2936,"href":"https:\/\/www.ppdgroup.com\/fr\/wp-json\/wp\/v2\/pages\/182\/revisions\/2936"}],"up":[{"embeddable":true,"href":"https:\/\/www.ppdgroup.com\/fr\/wp-json\/wp\/v2\/pages\/132"}],"wp:attachment":[{"href":"https:\/\/www.ppdgroup.com\/fr\/wp-json\/wp\/v2\/media?parent=182"}],"curies":[{"name":"wp","href":"https:\/\/api.w.org\/{rel}","templated":true}]}}