{"id":180,"date":"2013-04-18T20:48:57","date_gmt":"2013-04-18T19:48:57","guid":{"rendered":"http:\/\/www.ppdgroup.com\/?page_id=180"},"modified":"2018-06-20T20:24:55","modified_gmt":"2018-06-20T19:24:55","slug":"eps-polystyrene-expanse","status":"publish","type":"page","link":"https:\/\/www.ppdgroup.com\/fr\/services-solutions\/eps-polystyrene-expanse\/","title":{"rendered":"EPS &#8211; Polystyr\u00e8ne Expans\u00e9"},"content":{"rendered":"<h2>Votre fournisseur int\u00e9gr\u00e9 de polystyr\u00e8ne expans\u00e9<\/h2>\n<p>Le polystyr\u00e8ne expans\u00e9 (PSE) est fait de billes de polystyr\u00e8ne \u00e0 alv\u00e9oles ferm\u00e9es qui, sous l\u2019effet de la vapeur, se dilatent \u00e0 la densit\u00e9 d\u00e9sir\u00e9e au cours du processus de pr\u00e9-expansion et de moulage.<\/p>\n<p>Le PSE convient \u00e0 une grande vari\u00e9t\u00e9 d&#8217;applications, et peut \u00eatre moul\u00e9 dans diverses\u00a0densit\u00e9s. Des composantes\u00a0peuvent \u00e9galement \u00eatre int\u00e9gr\u00e9es au moulage (surmoulage).<\/p>\n<p>PPD vous propose une gamme compl\u00e8te de services pour r\u00e9pondre \u00e0 vos besoins sp\u00e9cifiques, notamment :<\/p>\n<ul>\n<li>la fabrication et la conception de moules<\/li>\n<li>un soutien d&#8217;ing\u00e9nierie<\/li>\n<li>surmoulage<\/li>\n<li>des densit\u00e9s et des couleurs personnalis\u00e9es<\/li>\n<\/ul>\n","protected":false},"excerpt":{"rendered":"<p>Votre fournisseur int\u00e9gr\u00e9 de polystyr\u00e8ne expans\u00e9 Le polystyr\u00e8ne expans\u00e9 (PSE) est fait de billes de polystyr\u00e8ne \u00e0 alv\u00e9oles ferm\u00e9es qui, sous l\u2019effet de la vapeur, se dilatent \u00e0 la densit\u00e9 d\u00e9sir\u00e9e au cours du processus de pr\u00e9-expansion et de moulage. Le PSE convient \u00e0 une grande vari\u00e9t\u00e9 d&#8217;applications, et peut \u00eatre moul\u00e9 dans diverses\u00a0densit\u00e9s. Des [&hellip;]<\/p>\n","protected":false},"author":1,"featured_media":0,"parent":132,"menu_order":20,"comment_status":"open","ping_status":"closed","template":"capabilities.php","meta":{"_acf_changed":false,"footnotes":""},"class_list":["post-180","page","type-page","status-publish","hentry"],"acf":[],"yoast_head":"<!-- This site is optimized with the Yoast SEO plugin v27.4 - https:\/\/yoast.com\/product\/yoast-seo-wordpress\/ -->\n<title>EPS - Polystyr\u00e8ne Expans\u00e9 - PPD<\/title>\n<meta name=\"description\" content=\"Le polystyr\u00e8ne expans\u00e9 (PSE) est fait de billes de polystyr\u00e8ne \u00e0 alv\u00e9oles ferm\u00e9es qui, sous l\u2019effet de la vapeur, se dilatent jusqu\u2019\u00e0 atteindre 40 fois...\" \/>\n<meta name=\"robots\" content=\"index, follow, max-snippet:-1, max-image-preview:large, max-video-preview:-1\" \/>\n<link rel=\"canonical\" href=\"https:\/\/www.ppdgroup.com\/fr\/services-solutions\/eps-polystyrene-expanse\/\" \/>\n<meta name=\"twitter:label1\" content=\"Dur\u00e9e de lecture estim\u00e9e\" \/>\n\t<meta name=\"twitter:data1\" content=\"1 minute\" \/>\n<script type=\"application\/ld+json\" class=\"yoast-schema-graph\">{\"@context\":\"https:\\\/\\\/schema.org\",\"@graph\":[{\"@type\":\"WebPage\",\"@id\":\"https:\\\/\\\/www.ppdgroup.com\\\/fr\\\/services-solutions\\\/eps-polystyrene-expanse\\\/\",\"url\":\"https:\\\/\\\/www.ppdgroup.com\\\/fr\\\/services-solutions\\\/eps-polystyrene-expanse\\\/\",\"name\":\"EPS - Polystyr\u00e8ne Expans\u00e9 - PPD\",\"isPartOf\":{\"@id\":\"https:\\\/\\\/www.ppdgroup.com\\\/fr\\\/#website\"},\"datePublished\":\"2013-04-18T19:48:57+00:00\",\"dateModified\":\"2018-06-20T19:24:55+00:00\",\"description\":\"Le polystyr\u00e8ne expans\u00e9 (PSE) est fait de billes de polystyr\u00e8ne \u00e0 alv\u00e9oles ferm\u00e9es qui, sous l\u2019effet de la vapeur, se dilatent jusqu\u2019\u00e0 atteindre 40 fois...\",\"breadcrumb\":{\"@id\":\"https:\\\/\\\/www.ppdgroup.com\\\/fr\\\/services-solutions\\\/eps-polystyrene-expanse\\\/#breadcrumb\"},\"inLanguage\":\"fr-FR\",\"potentialAction\":[{\"@type\":\"ReadAction\",\"target\":[\"https:\\\/\\\/www.ppdgroup.com\\\/fr\\\/services-solutions\\\/eps-polystyrene-expanse\\\/\"]}]},{\"@type\":\"BreadcrumbList\",\"@id\":\"https:\\\/\\\/www.ppdgroup.com\\\/fr\\\/services-solutions\\\/eps-polystyrene-expanse\\\/#breadcrumb\",\"itemListElement\":[{\"@type\":\"ListItem\",\"position\":1,\"name\":\"Accueil\",\"item\":\"https:\\\/\\\/www.ppdgroup.com\\\/fr\\\/\"},{\"@type\":\"ListItem\",\"position\":2,\"name\":\"Services \\\/ Solutions\",\"item\":\"https:\\\/\\\/www.ppdgroup.com\\\/fr\\\/services-solutions\\\/\"},{\"@type\":\"ListItem\",\"position\":3,\"name\":\"EPS &#8211; Polystyr\u00e8ne Expans\u00e9\"}]},{\"@type\":\"WebSite\",\"@id\":\"https:\\\/\\\/www.ppdgroup.com\\\/fr\\\/#website\",\"url\":\"https:\\\/\\\/www.ppdgroup.com\\\/fr\\\/\",\"name\":\"PPD\",\"description\":\"\",\"potentialAction\":[{\"@type\":\"SearchAction\",\"target\":{\"@type\":\"EntryPoint\",\"urlTemplate\":\"https:\\\/\\\/www.ppdgroup.com\\\/fr\\\/?s={search_term_string}\"},\"query-input\":{\"@type\":\"PropertyValueSpecification\",\"valueRequired\":true,\"valueName\":\"search_term_string\"}}],\"inLanguage\":\"fr-FR\"}]}<\/script>\n<!-- \/ Yoast SEO plugin. -->","yoast_head_json":{"title":"EPS - Polystyr\u00e8ne Expans\u00e9 - PPD","description":"Le polystyr\u00e8ne expans\u00e9 (PSE) est fait de billes de polystyr\u00e8ne \u00e0 alv\u00e9oles ferm\u00e9es qui, sous l\u2019effet de la vapeur, se dilatent jusqu\u2019\u00e0 atteindre 40 fois...","robots":{"index":"index","follow":"follow","max-snippet":"max-snippet:-1","max-image-preview":"max-image-preview:large","max-video-preview":"max-video-preview:-1"},"canonical":"https:\/\/www.ppdgroup.com\/fr\/services-solutions\/eps-polystyrene-expanse\/","twitter_misc":{"Dur\u00e9e de lecture estim\u00e9e":"1 minute"},"schema":{"@context":"https:\/\/schema.org","@graph":[{"@type":"WebPage","@id":"https:\/\/www.ppdgroup.com\/fr\/services-solutions\/eps-polystyrene-expanse\/","url":"https:\/\/www.ppdgroup.com\/fr\/services-solutions\/eps-polystyrene-expanse\/","name":"EPS - Polystyr\u00e8ne Expans\u00e9 - PPD","isPartOf":{"@id":"https:\/\/www.ppdgroup.com\/fr\/#website"},"datePublished":"2013-04-18T19:48:57+00:00","dateModified":"2018-06-20T19:24:55+00:00","description":"Le polystyr\u00e8ne expans\u00e9 (PSE) est fait de billes de polystyr\u00e8ne \u00e0 alv\u00e9oles ferm\u00e9es qui, sous l\u2019effet de la vapeur, se dilatent jusqu\u2019\u00e0 atteindre 40 fois...","breadcrumb":{"@id":"https:\/\/www.ppdgroup.com\/fr\/services-solutions\/eps-polystyrene-expanse\/#breadcrumb"},"inLanguage":"fr-FR","potentialAction":[{"@type":"ReadAction","target":["https:\/\/www.ppdgroup.com\/fr\/services-solutions\/eps-polystyrene-expanse\/"]}]},{"@type":"BreadcrumbList","@id":"https:\/\/www.ppdgroup.com\/fr\/services-solutions\/eps-polystyrene-expanse\/#breadcrumb","itemListElement":[{"@type":"ListItem","position":1,"name":"Accueil","item":"https:\/\/www.ppdgroup.com\/fr\/"},{"@type":"ListItem","position":2,"name":"Services \/ Solutions","item":"https:\/\/www.ppdgroup.com\/fr\/services-solutions\/"},{"@type":"ListItem","position":3,"name":"EPS &#8211; Polystyr\u00e8ne Expans\u00e9"}]},{"@type":"WebSite","@id":"https:\/\/www.ppdgroup.com\/fr\/#website","url":"https:\/\/www.ppdgroup.com\/fr\/","name":"PPD","description":"","potentialAction":[{"@type":"SearchAction","target":{"@type":"EntryPoint","urlTemplate":"https:\/\/www.ppdgroup.com\/fr\/?s={search_term_string}"},"query-input":{"@type":"PropertyValueSpecification","valueRequired":true,"valueName":"search_term_string"}}],"inLanguage":"fr-FR"}]}},"_links":{"self":[{"href":"https:\/\/www.ppdgroup.com\/fr\/wp-json\/wp\/v2\/pages\/180","targetHints":{"allow":["GET"]}}],"collection":[{"href":"https:\/\/www.ppdgroup.com\/fr\/wp-json\/wp\/v2\/pages"}],"about":[{"href":"https:\/\/www.ppdgroup.com\/fr\/wp-json\/wp\/v2\/types\/page"}],"author":[{"embeddable":true,"href":"https:\/\/www.ppdgroup.com\/fr\/wp-json\/wp\/v2\/users\/1"}],"replies":[{"embeddable":true,"href":"https:\/\/www.ppdgroup.com\/fr\/wp-json\/wp\/v2\/comments?post=180"}],"version-history":[{"count":15,"href":"https:\/\/www.ppdgroup.com\/fr\/wp-json\/wp\/v2\/pages\/180\/revisions"}],"predecessor-version":[{"id":6400,"href":"https:\/\/www.ppdgroup.com\/fr\/wp-json\/wp\/v2\/pages\/180\/revisions\/6400"}],"up":[{"embeddable":true,"href":"https:\/\/www.ppdgroup.com\/fr\/wp-json\/wp\/v2\/pages\/132"}],"wp:attachment":[{"href":"https:\/\/www.ppdgroup.com\/fr\/wp-json\/wp\/v2\/media?parent=180"}],"curies":[{"name":"wp","href":"https:\/\/api.w.org\/{rel}","templated":true}]}}