{"id":178,"date":"2013-04-18T20:48:25","date_gmt":"2013-04-18T19:48:25","guid":{"rendered":"http:\/\/www.ppdgroup.com\/?page_id=178"},"modified":"2018-06-20T20:31:22","modified_gmt":"2018-06-20T19:31:22","slug":"composes-de-caoutchouc","status":"publish","type":"page","link":"https:\/\/www.ppdgroup.com\/fr\/services-solutions\/composes-de-caoutchouc\/","title":{"rendered":"Compos\u00e9s de caoutchouc"},"content":{"rendered":"<h2>Cr\u00e9ation sur mesure de compos\u00e9s de caoutchouc selon vos applications<b> <\/b><\/h2>\n<p>Dans notre division de caoutchouc PPD, nous sommes sp\u00e9cialis\u00e9s dans l&#8217;\u00e9laboration de formulations, et nous d\u00e9veloppons des compos\u00e9s de caoutchouc novateurs et \u00e0 valeur ajout\u00e9e qui vont au-del\u00e0 des exigences de l&#8217;industrie.<\/p>\n<p>L\u2019atteinte d\u2019un produit de haute qualit\u00e9 d\u00e9coule de solides efforts en R&amp;D \u00e0 long terme et d&#8217;une feuille de route impeccable : Nous livrons un produit de qualit\u00e9 sup\u00e9rieure, de mani\u00e8re r\u00e9p\u00e9t\u00e9e et constante, d\u00e8s la premi\u00e8re fois.<\/p>\n<p>Experts certifi\u00e9s, nous cr\u00e9ons, sous un m\u00eame toit, toute une gamme de produits pour r\u00e9pondre \u00e0 vos processus et applications\u00a0:<\/p>\n<ul>\n<li>M\u00e9langes de polym\u00e8res<\/li>\n<li>Charge de renforcement<\/li>\n<li>Huiles de mise en \u0153uvre<\/li>\n<li>Additifs de proc\u00e9d\u00e9<\/li>\n<li>Agents de vulcanisation<\/li>\n<li>Agents protecteurs<\/li>\n<\/ul>\n<p>Chaque formule de caoutchouc que nous \u00e9laborons chez PPD est con\u00e7ue pour faciliter les proc\u00e9d\u00e9s et offrir des propri\u00e9t\u00e9s m\u00e9caniques et chimiques sup\u00e9rieures.<\/p>\n<p><a href=\"http:\/\/www.ppdgroup.com\/wp-content\/uploads\/2013\/04\/pic51.jpg\"><img loading=\"lazy\" decoding=\"async\" class=\"alignnone size-full wp-image-1315\" src=\"http:\/\/www.ppdgroup.com\/wp-content\/uploads\/2013\/04\/pic51.jpg\" alt=\"pic5\" width=\"300\" height=\"200\" \/><\/a>\u00a0 \u00a0\u00a0<img loading=\"lazy\" decoding=\"async\" class=\"alignnone size-full wp-image-1314\" src=\"http:\/\/www.ppdgroup.com\/wp-content\/uploads\/2013\/04\/pic361.jpg\" alt=\"pic36\" width=\"300\" height=\"200\" \/><\/p>\n","protected":false},"excerpt":{"rendered":"<p>Cr\u00e9ation sur mesure de compos\u00e9s de caoutchouc selon vos applications Dans notre division de caoutchouc PPD, nous sommes sp\u00e9cialis\u00e9s dans l&#8217;\u00e9laboration de formulations, et nous d\u00e9veloppons des compos\u00e9s de caoutchouc novateurs et \u00e0 valeur ajout\u00e9e qui vont au-del\u00e0 des exigences de l&#8217;industrie. L\u2019atteinte d\u2019un produit de haute qualit\u00e9 d\u00e9coule de solides efforts en R&amp;D \u00e0 [&hellip;]<\/p>\n","protected":false},"author":1,"featured_media":0,"parent":132,"menu_order":19,"comment_status":"open","ping_status":"closed","template":"capabilities.php","meta":{"_acf_changed":false,"footnotes":""},"class_list":["post-178","page","type-page","status-publish","hentry"],"acf":[],"yoast_head":"<!-- This site is optimized with the Yoast SEO plugin v27.4 - https:\/\/yoast.com\/product\/yoast-seo-wordpress\/ -->\n<title>Compos\u00e9s de caoutchouc - PPD<\/title>\n<meta name=\"description\" content=\"Chez PPD Rubtech, nous sommes sp\u00e9cialis\u00e9s dans l\u2019\u00e9laboration de formulations, nos compos\u00e9s de caoutchouc novateurs vont au-del\u00e0 des exigences de l\u2019industrie\" \/>\n<meta name=\"robots\" content=\"index, follow, max-snippet:-1, max-image-preview:large, max-video-preview:-1\" \/>\n<link rel=\"canonical\" href=\"https:\/\/www.ppdgroup.com\/fr\/services-solutions\/composes-de-caoutchouc\/\" \/>\n<meta name=\"twitter:label1\" content=\"Dur\u00e9e de lecture estim\u00e9e\" \/>\n\t<meta name=\"twitter:data1\" content=\"1 minute\" \/>\n<script type=\"application\/ld+json\" class=\"yoast-schema-graph\">{\"@context\":\"https:\\\/\\\/schema.org\",\"@graph\":[{\"@type\":\"WebPage\",\"@id\":\"https:\\\/\\\/www.ppdgroup.com\\\/fr\\\/services-solutions\\\/composes-de-caoutchouc\\\/\",\"url\":\"https:\\\/\\\/www.ppdgroup.com\\\/fr\\\/services-solutions\\\/composes-de-caoutchouc\\\/\",\"name\":\"Compos\u00e9s de caoutchouc - PPD\",\"isPartOf\":{\"@id\":\"https:\\\/\\\/www.ppdgroup.com\\\/fr\\\/#website\"},\"primaryImageOfPage\":{\"@id\":\"https:\\\/\\\/www.ppdgroup.com\\\/fr\\\/services-solutions\\\/composes-de-caoutchouc\\\/#primaryimage\"},\"image\":{\"@id\":\"https:\\\/\\\/www.ppdgroup.com\\\/fr\\\/services-solutions\\\/composes-de-caoutchouc\\\/#primaryimage\"},\"thumbnailUrl\":\"http:\\\/\\\/www.ppdgroup.com\\\/wp-content\\\/uploads\\\/2013\\\/04\\\/pic51.jpg\",\"datePublished\":\"2013-04-18T19:48:25+00:00\",\"dateModified\":\"2018-06-20T19:31:22+00:00\",\"description\":\"Chez PPD Rubtech, nous sommes sp\u00e9cialis\u00e9s dans l\u2019\u00e9laboration de formulations, nos compos\u00e9s de caoutchouc novateurs vont au-del\u00e0 des exigences de l\u2019industrie\",\"breadcrumb\":{\"@id\":\"https:\\\/\\\/www.ppdgroup.com\\\/fr\\\/services-solutions\\\/composes-de-caoutchouc\\\/#breadcrumb\"},\"inLanguage\":\"fr-FR\",\"potentialAction\":[{\"@type\":\"ReadAction\",\"target\":[\"https:\\\/\\\/www.ppdgroup.com\\\/fr\\\/services-solutions\\\/composes-de-caoutchouc\\\/\"]}]},{\"@type\":\"ImageObject\",\"inLanguage\":\"fr-FR\",\"@id\":\"https:\\\/\\\/www.ppdgroup.com\\\/fr\\\/services-solutions\\\/composes-de-caoutchouc\\\/#primaryimage\",\"url\":\"http:\\\/\\\/www.ppdgroup.com\\\/wp-content\\\/uploads\\\/2013\\\/04\\\/pic51.jpg\",\"contentUrl\":\"http:\\\/\\\/www.ppdgroup.com\\\/wp-content\\\/uploads\\\/2013\\\/04\\\/pic51.jpg\"},{\"@type\":\"BreadcrumbList\",\"@id\":\"https:\\\/\\\/www.ppdgroup.com\\\/fr\\\/services-solutions\\\/composes-de-caoutchouc\\\/#breadcrumb\",\"itemListElement\":[{\"@type\":\"ListItem\",\"position\":1,\"name\":\"Accueil\",\"item\":\"https:\\\/\\\/www.ppdgroup.com\\\/fr\\\/\"},{\"@type\":\"ListItem\",\"position\":2,\"name\":\"Services \\\/ Solutions\",\"item\":\"https:\\\/\\\/www.ppdgroup.com\\\/fr\\\/services-solutions\\\/\"},{\"@type\":\"ListItem\",\"position\":3,\"name\":\"Compos\u00e9s de caoutchouc\"}]},{\"@type\":\"WebSite\",\"@id\":\"https:\\\/\\\/www.ppdgroup.com\\\/fr\\\/#website\",\"url\":\"https:\\\/\\\/www.ppdgroup.com\\\/fr\\\/\",\"name\":\"PPD\",\"description\":\"\",\"potentialAction\":[{\"@type\":\"SearchAction\",\"target\":{\"@type\":\"EntryPoint\",\"urlTemplate\":\"https:\\\/\\\/www.ppdgroup.com\\\/fr\\\/?s={search_term_string}\"},\"query-input\":{\"@type\":\"PropertyValueSpecification\",\"valueRequired\":true,\"valueName\":\"search_term_string\"}}],\"inLanguage\":\"fr-FR\"}]}<\/script>\n<!-- \/ Yoast SEO plugin. -->","yoast_head_json":{"title":"Compos\u00e9s de caoutchouc - PPD","description":"Chez PPD Rubtech, nous sommes sp\u00e9cialis\u00e9s dans l\u2019\u00e9laboration de formulations, nos compos\u00e9s de caoutchouc novateurs vont au-del\u00e0 des exigences de l\u2019industrie","robots":{"index":"index","follow":"follow","max-snippet":"max-snippet:-1","max-image-preview":"max-image-preview:large","max-video-preview":"max-video-preview:-1"},"canonical":"https:\/\/www.ppdgroup.com\/fr\/services-solutions\/composes-de-caoutchouc\/","twitter_misc":{"Dur\u00e9e de lecture estim\u00e9e":"1 minute"},"schema":{"@context":"https:\/\/schema.org","@graph":[{"@type":"WebPage","@id":"https:\/\/www.ppdgroup.com\/fr\/services-solutions\/composes-de-caoutchouc\/","url":"https:\/\/www.ppdgroup.com\/fr\/services-solutions\/composes-de-caoutchouc\/","name":"Compos\u00e9s de caoutchouc - PPD","isPartOf":{"@id":"https:\/\/www.ppdgroup.com\/fr\/#website"},"primaryImageOfPage":{"@id":"https:\/\/www.ppdgroup.com\/fr\/services-solutions\/composes-de-caoutchouc\/#primaryimage"},"image":{"@id":"https:\/\/www.ppdgroup.com\/fr\/services-solutions\/composes-de-caoutchouc\/#primaryimage"},"thumbnailUrl":"http:\/\/www.ppdgroup.com\/wp-content\/uploads\/2013\/04\/pic51.jpg","datePublished":"2013-04-18T19:48:25+00:00","dateModified":"2018-06-20T19:31:22+00:00","description":"Chez PPD Rubtech, nous sommes sp\u00e9cialis\u00e9s dans l\u2019\u00e9laboration de formulations, nos compos\u00e9s de caoutchouc novateurs vont au-del\u00e0 des exigences de l\u2019industrie","breadcrumb":{"@id":"https:\/\/www.ppdgroup.com\/fr\/services-solutions\/composes-de-caoutchouc\/#breadcrumb"},"inLanguage":"fr-FR","potentialAction":[{"@type":"ReadAction","target":["https:\/\/www.ppdgroup.com\/fr\/services-solutions\/composes-de-caoutchouc\/"]}]},{"@type":"ImageObject","inLanguage":"fr-FR","@id":"https:\/\/www.ppdgroup.com\/fr\/services-solutions\/composes-de-caoutchouc\/#primaryimage","url":"http:\/\/www.ppdgroup.com\/wp-content\/uploads\/2013\/04\/pic51.jpg","contentUrl":"http:\/\/www.ppdgroup.com\/wp-content\/uploads\/2013\/04\/pic51.jpg"},{"@type":"BreadcrumbList","@id":"https:\/\/www.ppdgroup.com\/fr\/services-solutions\/composes-de-caoutchouc\/#breadcrumb","itemListElement":[{"@type":"ListItem","position":1,"name":"Accueil","item":"https:\/\/www.ppdgroup.com\/fr\/"},{"@type":"ListItem","position":2,"name":"Services \/ Solutions","item":"https:\/\/www.ppdgroup.com\/fr\/services-solutions\/"},{"@type":"ListItem","position":3,"name":"Compos\u00e9s de caoutchouc"}]},{"@type":"WebSite","@id":"https:\/\/www.ppdgroup.com\/fr\/#website","url":"https:\/\/www.ppdgroup.com\/fr\/","name":"PPD","description":"","potentialAction":[{"@type":"SearchAction","target":{"@type":"EntryPoint","urlTemplate":"https:\/\/www.ppdgroup.com\/fr\/?s={search_term_string}"},"query-input":{"@type":"PropertyValueSpecification","valueRequired":true,"valueName":"search_term_string"}}],"inLanguage":"fr-FR"}]}},"_links":{"self":[{"href":"https:\/\/www.ppdgroup.com\/fr\/wp-json\/wp\/v2\/pages\/178","targetHints":{"allow":["GET"]}}],"collection":[{"href":"https:\/\/www.ppdgroup.com\/fr\/wp-json\/wp\/v2\/pages"}],"about":[{"href":"https:\/\/www.ppdgroup.com\/fr\/wp-json\/wp\/v2\/types\/page"}],"author":[{"embeddable":true,"href":"https:\/\/www.ppdgroup.com\/fr\/wp-json\/wp\/v2\/users\/1"}],"replies":[{"embeddable":true,"href":"https:\/\/www.ppdgroup.com\/fr\/wp-json\/wp\/v2\/comments?post=178"}],"version-history":[{"count":15,"href":"https:\/\/www.ppdgroup.com\/fr\/wp-json\/wp\/v2\/pages\/178\/revisions"}],"predecessor-version":[{"id":6404,"href":"https:\/\/www.ppdgroup.com\/fr\/wp-json\/wp\/v2\/pages\/178\/revisions\/6404"}],"up":[{"embeddable":true,"href":"https:\/\/www.ppdgroup.com\/fr\/wp-json\/wp\/v2\/pages\/132"}],"wp:attachment":[{"href":"https:\/\/www.ppdgroup.com\/fr\/wp-json\/wp\/v2\/media?parent=178"}],"curies":[{"name":"wp","href":"https:\/\/api.w.org\/{rel}","templated":true}]}}