{"id":176,"date":"2013-04-18T20:47:50","date_gmt":"2013-04-18T19:47:50","guid":{"rendered":"http:\/\/www.ppdgroup.com\/?page_id=176"},"modified":"2013-11-26T23:12:49","modified_gmt":"2013-11-26T22:12:49","slug":"moulage-de-polyurethane-souple","status":"publish","type":"page","link":"https:\/\/www.ppdgroup.com\/fr\/services-solutions\/moulage-de-polyurethane\/moulage-de-polyurethane-souple\/","title":{"rendered":"Moulage de polyur\u00e9thane souple"},"content":{"rendered":"<h2>Mousses \u00ab confort \u00bb pour votre application!<\/h2>\n<p>La division PPD de solutions de mousse produit une grande vari\u00e9t\u00e9 de syst\u00e8mes de mousses flexibles de diverses densit\u00e9s. Notre d\u00e9partement d&#8217;ing\u00e9nierie peut vous assister dans le choix de la bonne combinaison de compression, de fermet\u00e9 et de densit\u00e9 de mousse afin d\u2019optimiser le confort de vos produits finis.<\/p>\n<p>PPD travaille avec un large \u00e9ventail de syst\u00e8mes de mousse de polyur\u00e9thane hautement r\u00e9silients qui satisfont \u00e0 toutes les exigences industrielles, ainsi qu\u2019aux normes d&#8217;inflammabilit\u00e9, p. ex., CAL-117.<\/p>\n","protected":false},"excerpt":{"rendered":"<p>Mousses \u00ab confort \u00bb pour votre application! La division PPD de solutions de mousse produit une grande vari\u00e9t\u00e9 de syst\u00e8mes de mousses flexibles de diverses densit\u00e9s. Notre d\u00e9partement d&#8217;ing\u00e9nierie peut vous assister dans le choix de la bonne combinaison de compression, de fermet\u00e9 et de densit\u00e9 de mousse afin d\u2019optimiser le confort de vos produits [&hellip;]<\/p>\n","protected":false},"author":1,"featured_media":0,"parent":167,"menu_order":16,"comment_status":"open","ping_status":"closed","template":"capabilities.php","meta":{"_acf_changed":false,"footnotes":""},"class_list":["post-176","page","type-page","status-publish","hentry"],"acf":[],"yoast_head":"<!-- This site is optimized with the Yoast SEO plugin v27.4 - https:\/\/yoast.com\/product\/yoast-seo-wordpress\/ -->\n<title>Moulage de polyur\u00e9thane souple - PPD<\/title>\n<meta name=\"description\" content=\"PPD Solutions de Mousse produit une grande vari\u00e9t\u00e9 de syst\u00e8mes de mousses flexibles. Notre d\u00e9partement d\u2019ing\u00e9nierie peut vous assister dans votre choix.\" \/>\n<meta name=\"robots\" content=\"index, follow, max-snippet:-1, max-image-preview:large, max-video-preview:-1\" \/>\n<link rel=\"canonical\" href=\"https:\/\/www.ppdgroup.com\/fr\/services-solutions\/moulage-de-polyurethane\/moulage-de-polyurethane-souple\/\" \/>\n<script type=\"application\/ld+json\" class=\"yoast-schema-graph\">{\"@context\":\"https:\\\/\\\/schema.org\",\"@graph\":[{\"@type\":\"WebPage\",\"@id\":\"https:\\\/\\\/www.ppdgroup.com\\\/fr\\\/services-solutions\\\/moulage-de-polyurethane\\\/moulage-de-polyurethane-souple\\\/\",\"url\":\"https:\\\/\\\/www.ppdgroup.com\\\/fr\\\/services-solutions\\\/moulage-de-polyurethane\\\/moulage-de-polyurethane-souple\\\/\",\"name\":\"Moulage de polyur\u00e9thane souple - PPD\",\"isPartOf\":{\"@id\":\"https:\\\/\\\/www.ppdgroup.com\\\/fr\\\/#website\"},\"datePublished\":\"2013-04-18T19:47:50+00:00\",\"dateModified\":\"2013-11-26T22:12:49+00:00\",\"description\":\"PPD Solutions de Mousse produit une grande vari\u00e9t\u00e9 de syst\u00e8mes de mousses flexibles. Notre d\u00e9partement d\u2019ing\u00e9nierie peut vous assister dans votre choix.\",\"breadcrumb\":{\"@id\":\"https:\\\/\\\/www.ppdgroup.com\\\/fr\\\/services-solutions\\\/moulage-de-polyurethane\\\/moulage-de-polyurethane-souple\\\/#breadcrumb\"},\"inLanguage\":\"fr-FR\",\"potentialAction\":[{\"@type\":\"ReadAction\",\"target\":[\"https:\\\/\\\/www.ppdgroup.com\\\/fr\\\/services-solutions\\\/moulage-de-polyurethane\\\/moulage-de-polyurethane-souple\\\/\"]}]},{\"@type\":\"BreadcrumbList\",\"@id\":\"https:\\\/\\\/www.ppdgroup.com\\\/fr\\\/services-solutions\\\/moulage-de-polyurethane\\\/moulage-de-polyurethane-souple\\\/#breadcrumb\",\"itemListElement\":[{\"@type\":\"ListItem\",\"position\":1,\"name\":\"Accueil\",\"item\":\"https:\\\/\\\/www.ppdgroup.com\\\/fr\\\/\"},{\"@type\":\"ListItem\",\"position\":2,\"name\":\"Services \\\/ Solutions\",\"item\":\"https:\\\/\\\/www.ppdgroup.com\\\/fr\\\/services-solutions\\\/\"},{\"@type\":\"ListItem\",\"position\":3,\"name\":\"Moulage de polyur\u00e9thane\",\"item\":\"https:\\\/\\\/www.ppdgroup.com\\\/fr\\\/services-solutions\\\/moulage-de-polyurethane\\\/\"},{\"@type\":\"ListItem\",\"position\":4,\"name\":\"Moulage de polyur\u00e9thane souple\"}]},{\"@type\":\"WebSite\",\"@id\":\"https:\\\/\\\/www.ppdgroup.com\\\/fr\\\/#website\",\"url\":\"https:\\\/\\\/www.ppdgroup.com\\\/fr\\\/\",\"name\":\"PPD\",\"description\":\"\",\"potentialAction\":[{\"@type\":\"SearchAction\",\"target\":{\"@type\":\"EntryPoint\",\"urlTemplate\":\"https:\\\/\\\/www.ppdgroup.com\\\/fr\\\/?s={search_term_string}\"},\"query-input\":{\"@type\":\"PropertyValueSpecification\",\"valueRequired\":true,\"valueName\":\"search_term_string\"}}],\"inLanguage\":\"fr-FR\"}]}<\/script>\n<!-- \/ Yoast SEO plugin. -->","yoast_head_json":{"title":"Moulage de polyur\u00e9thane souple - PPD","description":"PPD Solutions de Mousse produit une grande vari\u00e9t\u00e9 de syst\u00e8mes de mousses flexibles. Notre d\u00e9partement d\u2019ing\u00e9nierie peut vous assister dans votre choix.","robots":{"index":"index","follow":"follow","max-snippet":"max-snippet:-1","max-image-preview":"max-image-preview:large","max-video-preview":"max-video-preview:-1"},"canonical":"https:\/\/www.ppdgroup.com\/fr\/services-solutions\/moulage-de-polyurethane\/moulage-de-polyurethane-souple\/","schema":{"@context":"https:\/\/schema.org","@graph":[{"@type":"WebPage","@id":"https:\/\/www.ppdgroup.com\/fr\/services-solutions\/moulage-de-polyurethane\/moulage-de-polyurethane-souple\/","url":"https:\/\/www.ppdgroup.com\/fr\/services-solutions\/moulage-de-polyurethane\/moulage-de-polyurethane-souple\/","name":"Moulage de polyur\u00e9thane souple - PPD","isPartOf":{"@id":"https:\/\/www.ppdgroup.com\/fr\/#website"},"datePublished":"2013-04-18T19:47:50+00:00","dateModified":"2013-11-26T22:12:49+00:00","description":"PPD Solutions de Mousse produit une grande vari\u00e9t\u00e9 de syst\u00e8mes de mousses flexibles. Notre d\u00e9partement d\u2019ing\u00e9nierie peut vous assister dans votre choix.","breadcrumb":{"@id":"https:\/\/www.ppdgroup.com\/fr\/services-solutions\/moulage-de-polyurethane\/moulage-de-polyurethane-souple\/#breadcrumb"},"inLanguage":"fr-FR","potentialAction":[{"@type":"ReadAction","target":["https:\/\/www.ppdgroup.com\/fr\/services-solutions\/moulage-de-polyurethane\/moulage-de-polyurethane-souple\/"]}]},{"@type":"BreadcrumbList","@id":"https:\/\/www.ppdgroup.com\/fr\/services-solutions\/moulage-de-polyurethane\/moulage-de-polyurethane-souple\/#breadcrumb","itemListElement":[{"@type":"ListItem","position":1,"name":"Accueil","item":"https:\/\/www.ppdgroup.com\/fr\/"},{"@type":"ListItem","position":2,"name":"Services \/ Solutions","item":"https:\/\/www.ppdgroup.com\/fr\/services-solutions\/"},{"@type":"ListItem","position":3,"name":"Moulage de polyur\u00e9thane","item":"https:\/\/www.ppdgroup.com\/fr\/services-solutions\/moulage-de-polyurethane\/"},{"@type":"ListItem","position":4,"name":"Moulage de polyur\u00e9thane souple"}]},{"@type":"WebSite","@id":"https:\/\/www.ppdgroup.com\/fr\/#website","url":"https:\/\/www.ppdgroup.com\/fr\/","name":"PPD","description":"","potentialAction":[{"@type":"SearchAction","target":{"@type":"EntryPoint","urlTemplate":"https:\/\/www.ppdgroup.com\/fr\/?s={search_term_string}"},"query-input":{"@type":"PropertyValueSpecification","valueRequired":true,"valueName":"search_term_string"}}],"inLanguage":"fr-FR"}]}},"_links":{"self":[{"href":"https:\/\/www.ppdgroup.com\/fr\/wp-json\/wp\/v2\/pages\/176","targetHints":{"allow":["GET"]}}],"collection":[{"href":"https:\/\/www.ppdgroup.com\/fr\/wp-json\/wp\/v2\/pages"}],"about":[{"href":"https:\/\/www.ppdgroup.com\/fr\/wp-json\/wp\/v2\/types\/page"}],"author":[{"embeddable":true,"href":"https:\/\/www.ppdgroup.com\/fr\/wp-json\/wp\/v2\/users\/1"}],"replies":[{"embeddable":true,"href":"https:\/\/www.ppdgroup.com\/fr\/wp-json\/wp\/v2\/comments?post=176"}],"version-history":[{"count":15,"href":"https:\/\/www.ppdgroup.com\/fr\/wp-json\/wp\/v2\/pages\/176\/revisions"}],"predecessor-version":[{"id":2799,"href":"https:\/\/www.ppdgroup.com\/fr\/wp-json\/wp\/v2\/pages\/176\/revisions\/2799"}],"up":[{"embeddable":true,"href":"https:\/\/www.ppdgroup.com\/fr\/wp-json\/wp\/v2\/pages\/167"}],"wp:attachment":[{"href":"https:\/\/www.ppdgroup.com\/fr\/wp-json\/wp\/v2\/media?parent=176"}],"curies":[{"name":"wp","href":"https:\/\/api.w.org\/{rel}","templated":true}]}}