{"id":174,"date":"2013-04-18T20:47:21","date_gmt":"2013-04-18T19:47:21","guid":{"rendered":"http:\/\/www.ppdgroup.com\/?page_id=174"},"modified":"2013-10-31T15:40:12","modified_gmt":"2013-10-31T14:40:12","slug":"integral-skin","status":"publish","type":"page","link":"https:\/\/www.ppdgroup.com\/fr\/services-solutions\/moulage-de-polyurethane\/integral-skin\/","title":{"rendered":"Integral Skin"},"content":{"rendered":"<h2><i>Integral Skin<\/i>, la mousse flexible au fini durable<\/h2>\n<p>La mousse \u00e0 peau int\u00e9gr\u00e9e (<em>Integral Skin <\/em>) est un polyur\u00e9thane microcellulaire dont le fini ext\u00e9rieur robuste pr\u00e9sente une grande r\u00e9sistance \u00e0 l&#8217;abrasion.<\/p>\n<p>Ce produit, disponible en une large gamme de densit\u00e9s, est la solution id\u00e9ale dans une grande vari\u00e9t\u00e9 d&#8217;applications o\u00f9 l\u2019on recherche un fini \u00e0 la fois r\u00e9sistant et souple.<\/p>\n<p><b>Les solutions personnalis\u00e9es PPD<\/b><\/p>\n<ul>\n<li>Couleurs personnalis\u00e9es<\/li>\n<li>Multiples textures et finitions<\/li>\n<li>Surmoulage sur inserts en m\u00e9tal ou en plastique<\/li>\n<\/ul>\n<p>PPD\u00a0 travaille avec des mat\u00e9riaux conformes aux normes d&#8217;inflammabilit\u00e9 telles que MVSS-302 et CAL-117 .<\/p>\n<p><b>Applications<\/b><\/p>\n<ul>\n<li>Accoudoirs de chaises de bureau<\/li>\n<li>Pi\u00e8ces de protection<\/li>\n<li>Si\u00e8ges pour appareils d\u2019exercice<\/li>\n<li>Poign\u00e9es de soutien pour v\u00e9hicules de transport en commun<\/li>\n<\/ul>\n","protected":false},"excerpt":{"rendered":"<p>Integral Skin, la mousse flexible au fini durable La mousse \u00e0 peau int\u00e9gr\u00e9e (Integral Skin ) est un polyur\u00e9thane microcellulaire dont le fini ext\u00e9rieur robuste pr\u00e9sente une grande r\u00e9sistance \u00e0 l&#8217;abrasion. Ce produit, disponible en une large gamme de densit\u00e9s, est la solution id\u00e9ale dans une grande vari\u00e9t\u00e9 d&#8217;applications o\u00f9 l\u2019on recherche un fini \u00e0 [&hellip;]<\/p>\n","protected":false},"author":1,"featured_media":0,"parent":167,"menu_order":17,"comment_status":"open","ping_status":"closed","template":"capabilities.php","meta":{"_acf_changed":false,"footnotes":""},"class_list":["post-174","page","type-page","status-publish","hentry"],"acf":[],"yoast_head":"<!-- This site is optimized with the Yoast SEO plugin v27.4 - https:\/\/yoast.com\/product\/yoast-seo-wordpress\/ -->\n<title>Integral Skin - PPD<\/title>\n<meta name=\"description\" content=\"La mousse \u00e0 peau int\u00e9gr\u00e9e (Integral Skin) est un polyur\u00e9thane microcellulaire dont le fini ext\u00e9rieur robuste pr\u00e9sente une grande r\u00e9sistance \u00e0 l\u2019abrasion.\" \/>\n<meta name=\"robots\" content=\"index, follow, max-snippet:-1, max-image-preview:large, max-video-preview:-1\" \/>\n<link rel=\"canonical\" href=\"https:\/\/www.ppdgroup.com\/fr\/services-solutions\/moulage-de-polyurethane\/integral-skin\/\" \/>\n<meta name=\"twitter:label1\" content=\"Dur\u00e9e de lecture estim\u00e9e\" \/>\n\t<meta name=\"twitter:data1\" content=\"1 minute\" \/>\n<script type=\"application\/ld+json\" class=\"yoast-schema-graph\">{\"@context\":\"https:\\\/\\\/schema.org\",\"@graph\":[{\"@type\":\"WebPage\",\"@id\":\"https:\\\/\\\/www.ppdgroup.com\\\/fr\\\/services-solutions\\\/moulage-de-polyurethane\\\/integral-skin\\\/\",\"url\":\"https:\\\/\\\/www.ppdgroup.com\\\/fr\\\/services-solutions\\\/moulage-de-polyurethane\\\/integral-skin\\\/\",\"name\":\"Integral Skin - PPD\",\"isPartOf\":{\"@id\":\"https:\\\/\\\/www.ppdgroup.com\\\/fr\\\/#website\"},\"datePublished\":\"2013-04-18T19:47:21+00:00\",\"dateModified\":\"2013-10-31T14:40:12+00:00\",\"description\":\"La mousse \u00e0 peau int\u00e9gr\u00e9e (Integral Skin) est un polyur\u00e9thane microcellulaire dont le fini ext\u00e9rieur robuste pr\u00e9sente une grande r\u00e9sistance \u00e0 l\u2019abrasion.\",\"breadcrumb\":{\"@id\":\"https:\\\/\\\/www.ppdgroup.com\\\/fr\\\/services-solutions\\\/moulage-de-polyurethane\\\/integral-skin\\\/#breadcrumb\"},\"inLanguage\":\"fr-FR\",\"potentialAction\":[{\"@type\":\"ReadAction\",\"target\":[\"https:\\\/\\\/www.ppdgroup.com\\\/fr\\\/services-solutions\\\/moulage-de-polyurethane\\\/integral-skin\\\/\"]}]},{\"@type\":\"BreadcrumbList\",\"@id\":\"https:\\\/\\\/www.ppdgroup.com\\\/fr\\\/services-solutions\\\/moulage-de-polyurethane\\\/integral-skin\\\/#breadcrumb\",\"itemListElement\":[{\"@type\":\"ListItem\",\"position\":1,\"name\":\"Accueil\",\"item\":\"https:\\\/\\\/www.ppdgroup.com\\\/fr\\\/\"},{\"@type\":\"ListItem\",\"position\":2,\"name\":\"Services \\\/ Solutions\",\"item\":\"https:\\\/\\\/www.ppdgroup.com\\\/fr\\\/services-solutions\\\/\"},{\"@type\":\"ListItem\",\"position\":3,\"name\":\"Moulage de polyur\u00e9thane\",\"item\":\"https:\\\/\\\/www.ppdgroup.com\\\/fr\\\/services-solutions\\\/moulage-de-polyurethane\\\/\"},{\"@type\":\"ListItem\",\"position\":4,\"name\":\"Integral Skin\"}]},{\"@type\":\"WebSite\",\"@id\":\"https:\\\/\\\/www.ppdgroup.com\\\/fr\\\/#website\",\"url\":\"https:\\\/\\\/www.ppdgroup.com\\\/fr\\\/\",\"name\":\"PPD\",\"description\":\"\",\"potentialAction\":[{\"@type\":\"SearchAction\",\"target\":{\"@type\":\"EntryPoint\",\"urlTemplate\":\"https:\\\/\\\/www.ppdgroup.com\\\/fr\\\/?s={search_term_string}\"},\"query-input\":{\"@type\":\"PropertyValueSpecification\",\"valueRequired\":true,\"valueName\":\"search_term_string\"}}],\"inLanguage\":\"fr-FR\"}]}<\/script>\n<!-- \/ Yoast SEO plugin. -->","yoast_head_json":{"title":"Integral Skin - PPD","description":"La mousse \u00e0 peau int\u00e9gr\u00e9e (Integral Skin) est un polyur\u00e9thane microcellulaire dont le fini ext\u00e9rieur robuste pr\u00e9sente une grande r\u00e9sistance \u00e0 l\u2019abrasion.","robots":{"index":"index","follow":"follow","max-snippet":"max-snippet:-1","max-image-preview":"max-image-preview:large","max-video-preview":"max-video-preview:-1"},"canonical":"https:\/\/www.ppdgroup.com\/fr\/services-solutions\/moulage-de-polyurethane\/integral-skin\/","twitter_misc":{"Dur\u00e9e de lecture estim\u00e9e":"1 minute"},"schema":{"@context":"https:\/\/schema.org","@graph":[{"@type":"WebPage","@id":"https:\/\/www.ppdgroup.com\/fr\/services-solutions\/moulage-de-polyurethane\/integral-skin\/","url":"https:\/\/www.ppdgroup.com\/fr\/services-solutions\/moulage-de-polyurethane\/integral-skin\/","name":"Integral Skin - PPD","isPartOf":{"@id":"https:\/\/www.ppdgroup.com\/fr\/#website"},"datePublished":"2013-04-18T19:47:21+00:00","dateModified":"2013-10-31T14:40:12+00:00","description":"La mousse \u00e0 peau int\u00e9gr\u00e9e (Integral Skin) est un polyur\u00e9thane microcellulaire dont le fini ext\u00e9rieur robuste pr\u00e9sente une grande r\u00e9sistance \u00e0 l\u2019abrasion.","breadcrumb":{"@id":"https:\/\/www.ppdgroup.com\/fr\/services-solutions\/moulage-de-polyurethane\/integral-skin\/#breadcrumb"},"inLanguage":"fr-FR","potentialAction":[{"@type":"ReadAction","target":["https:\/\/www.ppdgroup.com\/fr\/services-solutions\/moulage-de-polyurethane\/integral-skin\/"]}]},{"@type":"BreadcrumbList","@id":"https:\/\/www.ppdgroup.com\/fr\/services-solutions\/moulage-de-polyurethane\/integral-skin\/#breadcrumb","itemListElement":[{"@type":"ListItem","position":1,"name":"Accueil","item":"https:\/\/www.ppdgroup.com\/fr\/"},{"@type":"ListItem","position":2,"name":"Services \/ Solutions","item":"https:\/\/www.ppdgroup.com\/fr\/services-solutions\/"},{"@type":"ListItem","position":3,"name":"Moulage de polyur\u00e9thane","item":"https:\/\/www.ppdgroup.com\/fr\/services-solutions\/moulage-de-polyurethane\/"},{"@type":"ListItem","position":4,"name":"Integral Skin"}]},{"@type":"WebSite","@id":"https:\/\/www.ppdgroup.com\/fr\/#website","url":"https:\/\/www.ppdgroup.com\/fr\/","name":"PPD","description":"","potentialAction":[{"@type":"SearchAction","target":{"@type":"EntryPoint","urlTemplate":"https:\/\/www.ppdgroup.com\/fr\/?s={search_term_string}"},"query-input":{"@type":"PropertyValueSpecification","valueRequired":true,"valueName":"search_term_string"}}],"inLanguage":"fr-FR"}]}},"_links":{"self":[{"href":"https:\/\/www.ppdgroup.com\/fr\/wp-json\/wp\/v2\/pages\/174","targetHints":{"allow":["GET"]}}],"collection":[{"href":"https:\/\/www.ppdgroup.com\/fr\/wp-json\/wp\/v2\/pages"}],"about":[{"href":"https:\/\/www.ppdgroup.com\/fr\/wp-json\/wp\/v2\/types\/page"}],"author":[{"embeddable":true,"href":"https:\/\/www.ppdgroup.com\/fr\/wp-json\/wp\/v2\/users\/1"}],"replies":[{"embeddable":true,"href":"https:\/\/www.ppdgroup.com\/fr\/wp-json\/wp\/v2\/comments?post=174"}],"version-history":[{"count":15,"href":"https:\/\/www.ppdgroup.com\/fr\/wp-json\/wp\/v2\/pages\/174\/revisions"}],"predecessor-version":[{"id":2764,"href":"https:\/\/www.ppdgroup.com\/fr\/wp-json\/wp\/v2\/pages\/174\/revisions\/2764"}],"up":[{"embeddable":true,"href":"https:\/\/www.ppdgroup.com\/fr\/wp-json\/wp\/v2\/pages\/167"}],"wp:attachment":[{"href":"https:\/\/www.ppdgroup.com\/fr\/wp-json\/wp\/v2\/media?parent=174"}],"curies":[{"name":"wp","href":"https:\/\/api.w.org\/{rel}","templated":true}]}}