{"id":171,"date":"2013-04-18T20:46:31","date_gmt":"2013-04-18T19:46:31","guid":{"rendered":"http:\/\/www.ppdgroup.com\/?page_id=171"},"modified":"2013-10-31T15:42:59","modified_gmt":"2013-10-31T14:42:59","slug":"moulage-de-polyurethane-rigide","status":"publish","type":"page","link":"https:\/\/www.ppdgroup.com\/fr\/services-solutions\/moulage-de-polyurethane\/moulage-de-polyurethane-rigide\/","title":{"rendered":"Moulage de polyur\u00e9thane rigide"},"content":{"rendered":"<h2><b>Solutions de m<\/b>ousse isolante et structurelle<\/h2>\n<p>Le polyur\u00e9thane rigide est une structure de mousse \u00e0 cellules ferm\u00e9es qui \u2013 m\u00eame \u00e0 faible \u00e9paisseur \u2013 offre des performances sup\u00e9rieures en mati\u00e8re d&#8217;isolation.<\/p>\n<p>Notre syst\u00e8me de mousse rigide offre \u00e9galement d&#8217;excellentes propri\u00e9t\u00e9s structurelles, et il se pr\u00eate \u00e0 de nombreuses applications :<\/p>\n<ul>\n<li>Composantes d&#8217;isolation thermique<\/li>\n<li>Panneaux de construction<\/li>\n<li>Pi\u00e8ces structurelles<\/li>\n<li>Moulures architecturales ou d\u00e9coratives<\/li>\n<li>\u00c9l\u00e9ments de flottaison<\/li>\n<\/ul>\n<p>Le polyur\u00e9thane rigide poss\u00e8de d&#8217;excellentes propri\u00e9t\u00e9s m\u00e9caniques et une bonne adh\u00e9rence, d&#8217;o\u00f9 la possibilit\u00e9 de surmouler la mousse sur des inserts en plastique ou en m\u00e9tal.<\/p>\n","protected":false},"excerpt":{"rendered":"<p>Solutions de mousse isolante et structurelle Le polyur\u00e9thane rigide est une structure de mousse \u00e0 cellules ferm\u00e9es qui \u2013 m\u00eame \u00e0 faible \u00e9paisseur \u2013 offre des performances sup\u00e9rieures en mati\u00e8re d&#8217;isolation. Notre syst\u00e8me de mousse rigide offre \u00e9galement d&#8217;excellentes propri\u00e9t\u00e9s structurelles, et il se pr\u00eate \u00e0 de nombreuses applications : Composantes d&#8217;isolation thermique Panneaux de [&hellip;]<\/p>\n","protected":false},"author":1,"featured_media":0,"parent":167,"menu_order":18,"comment_status":"open","ping_status":"closed","template":"capabilities.php","meta":{"_acf_changed":false,"footnotes":""},"class_list":["post-171","page","type-page","status-publish","hentry"],"acf":[],"yoast_head":"<!-- This site is optimized with the Yoast SEO plugin v27.4 - https:\/\/yoast.com\/product\/yoast-seo-wordpress\/ -->\n<title>Moulage de polyur\u00e9thane rigide - PPD<\/title>\n<meta name=\"description\" content=\"Le moulage de polyur\u00e9thane rigide est une structure de mousse \u00e0 cellules ferm\u00e9es qui, m\u00eame \u00e0 faible \u00e9paisseur, offre une performance sup\u00e9rieure d\u2019isolation.\" \/>\n<meta name=\"robots\" content=\"index, follow, max-snippet:-1, max-image-preview:large, max-video-preview:-1\" \/>\n<link rel=\"canonical\" href=\"https:\/\/www.ppdgroup.com\/fr\/services-solutions\/moulage-de-polyurethane\/moulage-de-polyurethane-rigide\/\" \/>\n<meta name=\"twitter:label1\" content=\"Dur\u00e9e de lecture estim\u00e9e\" \/>\n\t<meta name=\"twitter:data1\" content=\"1 minute\" \/>\n<script type=\"application\/ld+json\" class=\"yoast-schema-graph\">{\"@context\":\"https:\\\/\\\/schema.org\",\"@graph\":[{\"@type\":\"WebPage\",\"@id\":\"https:\\\/\\\/www.ppdgroup.com\\\/fr\\\/services-solutions\\\/moulage-de-polyurethane\\\/moulage-de-polyurethane-rigide\\\/\",\"url\":\"https:\\\/\\\/www.ppdgroup.com\\\/fr\\\/services-solutions\\\/moulage-de-polyurethane\\\/moulage-de-polyurethane-rigide\\\/\",\"name\":\"Moulage de polyur\u00e9thane rigide - PPD\",\"isPartOf\":{\"@id\":\"https:\\\/\\\/www.ppdgroup.com\\\/fr\\\/#website\"},\"datePublished\":\"2013-04-18T19:46:31+00:00\",\"dateModified\":\"2013-10-31T14:42:59+00:00\",\"description\":\"Le moulage de polyur\u00e9thane rigide est une structure de mousse \u00e0 cellules ferm\u00e9es qui, m\u00eame \u00e0 faible \u00e9paisseur, offre une performance sup\u00e9rieure d\u2019isolation.\",\"breadcrumb\":{\"@id\":\"https:\\\/\\\/www.ppdgroup.com\\\/fr\\\/services-solutions\\\/moulage-de-polyurethane\\\/moulage-de-polyurethane-rigide\\\/#breadcrumb\"},\"inLanguage\":\"fr-FR\",\"potentialAction\":[{\"@type\":\"ReadAction\",\"target\":[\"https:\\\/\\\/www.ppdgroup.com\\\/fr\\\/services-solutions\\\/moulage-de-polyurethane\\\/moulage-de-polyurethane-rigide\\\/\"]}]},{\"@type\":\"BreadcrumbList\",\"@id\":\"https:\\\/\\\/www.ppdgroup.com\\\/fr\\\/services-solutions\\\/moulage-de-polyurethane\\\/moulage-de-polyurethane-rigide\\\/#breadcrumb\",\"itemListElement\":[{\"@type\":\"ListItem\",\"position\":1,\"name\":\"Accueil\",\"item\":\"https:\\\/\\\/www.ppdgroup.com\\\/fr\\\/\"},{\"@type\":\"ListItem\",\"position\":2,\"name\":\"Services \\\/ Solutions\",\"item\":\"https:\\\/\\\/www.ppdgroup.com\\\/fr\\\/services-solutions\\\/\"},{\"@type\":\"ListItem\",\"position\":3,\"name\":\"Moulage de polyur\u00e9thane\",\"item\":\"https:\\\/\\\/www.ppdgroup.com\\\/fr\\\/services-solutions\\\/moulage-de-polyurethane\\\/\"},{\"@type\":\"ListItem\",\"position\":4,\"name\":\"Moulage de polyur\u00e9thane rigide\"}]},{\"@type\":\"WebSite\",\"@id\":\"https:\\\/\\\/www.ppdgroup.com\\\/fr\\\/#website\",\"url\":\"https:\\\/\\\/www.ppdgroup.com\\\/fr\\\/\",\"name\":\"PPD\",\"description\":\"\",\"potentialAction\":[{\"@type\":\"SearchAction\",\"target\":{\"@type\":\"EntryPoint\",\"urlTemplate\":\"https:\\\/\\\/www.ppdgroup.com\\\/fr\\\/?s={search_term_string}\"},\"query-input\":{\"@type\":\"PropertyValueSpecification\",\"valueRequired\":true,\"valueName\":\"search_term_string\"}}],\"inLanguage\":\"fr-FR\"}]}<\/script>\n<!-- \/ Yoast SEO plugin. -->","yoast_head_json":{"title":"Moulage de polyur\u00e9thane rigide - PPD","description":"Le moulage de polyur\u00e9thane rigide est une structure de mousse \u00e0 cellules ferm\u00e9es qui, m\u00eame \u00e0 faible \u00e9paisseur, offre une performance sup\u00e9rieure d\u2019isolation.","robots":{"index":"index","follow":"follow","max-snippet":"max-snippet:-1","max-image-preview":"max-image-preview:large","max-video-preview":"max-video-preview:-1"},"canonical":"https:\/\/www.ppdgroup.com\/fr\/services-solutions\/moulage-de-polyurethane\/moulage-de-polyurethane-rigide\/","twitter_misc":{"Dur\u00e9e de lecture estim\u00e9e":"1 minute"},"schema":{"@context":"https:\/\/schema.org","@graph":[{"@type":"WebPage","@id":"https:\/\/www.ppdgroup.com\/fr\/services-solutions\/moulage-de-polyurethane\/moulage-de-polyurethane-rigide\/","url":"https:\/\/www.ppdgroup.com\/fr\/services-solutions\/moulage-de-polyurethane\/moulage-de-polyurethane-rigide\/","name":"Moulage de polyur\u00e9thane rigide - PPD","isPartOf":{"@id":"https:\/\/www.ppdgroup.com\/fr\/#website"},"datePublished":"2013-04-18T19:46:31+00:00","dateModified":"2013-10-31T14:42:59+00:00","description":"Le moulage de polyur\u00e9thane rigide est une structure de mousse \u00e0 cellules ferm\u00e9es qui, m\u00eame \u00e0 faible \u00e9paisseur, offre une performance sup\u00e9rieure d\u2019isolation.","breadcrumb":{"@id":"https:\/\/www.ppdgroup.com\/fr\/services-solutions\/moulage-de-polyurethane\/moulage-de-polyurethane-rigide\/#breadcrumb"},"inLanguage":"fr-FR","potentialAction":[{"@type":"ReadAction","target":["https:\/\/www.ppdgroup.com\/fr\/services-solutions\/moulage-de-polyurethane\/moulage-de-polyurethane-rigide\/"]}]},{"@type":"BreadcrumbList","@id":"https:\/\/www.ppdgroup.com\/fr\/services-solutions\/moulage-de-polyurethane\/moulage-de-polyurethane-rigide\/#breadcrumb","itemListElement":[{"@type":"ListItem","position":1,"name":"Accueil","item":"https:\/\/www.ppdgroup.com\/fr\/"},{"@type":"ListItem","position":2,"name":"Services \/ Solutions","item":"https:\/\/www.ppdgroup.com\/fr\/services-solutions\/"},{"@type":"ListItem","position":3,"name":"Moulage de polyur\u00e9thane","item":"https:\/\/www.ppdgroup.com\/fr\/services-solutions\/moulage-de-polyurethane\/"},{"@type":"ListItem","position":4,"name":"Moulage de polyur\u00e9thane rigide"}]},{"@type":"WebSite","@id":"https:\/\/www.ppdgroup.com\/fr\/#website","url":"https:\/\/www.ppdgroup.com\/fr\/","name":"PPD","description":"","potentialAction":[{"@type":"SearchAction","target":{"@type":"EntryPoint","urlTemplate":"https:\/\/www.ppdgroup.com\/fr\/?s={search_term_string}"},"query-input":{"@type":"PropertyValueSpecification","valueRequired":true,"valueName":"search_term_string"}}],"inLanguage":"fr-FR"}]}},"_links":{"self":[{"href":"https:\/\/www.ppdgroup.com\/fr\/wp-json\/wp\/v2\/pages\/171","targetHints":{"allow":["GET"]}}],"collection":[{"href":"https:\/\/www.ppdgroup.com\/fr\/wp-json\/wp\/v2\/pages"}],"about":[{"href":"https:\/\/www.ppdgroup.com\/fr\/wp-json\/wp\/v2\/types\/page"}],"author":[{"embeddable":true,"href":"https:\/\/www.ppdgroup.com\/fr\/wp-json\/wp\/v2\/users\/1"}],"replies":[{"embeddable":true,"href":"https:\/\/www.ppdgroup.com\/fr\/wp-json\/wp\/v2\/comments?post=171"}],"version-history":[{"count":15,"href":"https:\/\/www.ppdgroup.com\/fr\/wp-json\/wp\/v2\/pages\/171\/revisions"}],"predecessor-version":[{"id":2766,"href":"https:\/\/www.ppdgroup.com\/fr\/wp-json\/wp\/v2\/pages\/171\/revisions\/2766"}],"up":[{"embeddable":true,"href":"https:\/\/www.ppdgroup.com\/fr\/wp-json\/wp\/v2\/pages\/167"}],"wp:attachment":[{"href":"https:\/\/www.ppdgroup.com\/fr\/wp-json\/wp\/v2\/media?parent=171"}],"curies":[{"name":"wp","href":"https:\/\/api.w.org\/{rel}","templated":true}]}}