{"id":169,"date":"2013-04-18T20:45:58","date_gmt":"2013-04-18T19:45:58","guid":{"rendered":"http:\/\/www.ppdgroup.com\/?page_id=169"},"modified":"2018-06-19T21:24:38","modified_gmt":"2018-06-19T20:24:38","slug":"solutions-de-polyurethane","status":"publish","type":"page","link":"https:\/\/www.ppdgroup.com\/fr\/services-solutions\/moulage-de-polyurethane\/solutions-de-polyurethane\/","title":{"rendered":"Solutions de polyur\u00e9thane"},"content":{"rendered":"<h2>Solutions int\u00e9gr\u00e9es de mousse de polyur\u00e9thane<\/h2>\n<p>PPD offre des services enti\u00e8rement int\u00e9gr\u00e9s de moulage de polyur\u00e9thane, depuis la production de panneaux isolants rigides jusqu\u2019aux mousses flexibles de diverses densit\u00e9s en passant par la fabrication compl\u00e8te de si\u00e8ges.<\/p>\n<p>Nous moulons divers types de polyur\u00e9thane\u00a0:<\/p>\n<ol>\n<li><a title=\"Solutions de Si\u00e8ges\" href=\"http:\/\/www.ppdgroup.com\/services-solutions\/solutions-de-sieges\/solutions-de-sieges\/\"><span style=\"text-decoration: underline;\">Solutions de si\u00e8ges<\/span><\/a><\/li>\n<li><a title=\"Moulage de Polyur\u00e9thane souple\" href=\"http:\/\/www.ppdgroup.com\/services-solutions\/moulage-de-polyurethane\/moulage-de-polyurethane-souple\/\"><span style=\"text-decoration: underline;\">Moulage de polyur\u00e9thane souple<\/span><\/a><\/li>\n<li><a title=\"Integral Skin\" href=\"http:\/\/www.ppdgroup.com\/services-solutions\/moulage-de-polyurethane\/integral-skin\/\"><i><span style=\"text-decoration: underline;\">Integral Skin<\/span><\/i><\/a><\/li>\n<li><a title=\"Moulage de polyur\u00e9thane rigide\" href=\"http:\/\/www.ppdgroup.com\/services-solutions\/moulage-de-polyurethane\/moulage-de-polyurethane-rigide\/\"><span style=\"text-decoration: underline;\">Moulage de polyur\u00e9thane rigide<\/span><\/a><\/li>\n<\/ol>\n<p>Selon vos applications, nos services d\u2019ing\u00e9nierie peuvent vous aider \u00e0 s\u00e9lectionner la formulation qui vous permettra d\u2019atteindre vos objectifs de performance, d\u2019esth\u00e9tique et d\u2019ergonomie.<\/p>\n","protected":false},"excerpt":{"rendered":"<p>Solutions int\u00e9gr\u00e9es de mousse de polyur\u00e9thane PPD offre des services enti\u00e8rement int\u00e9gr\u00e9s de moulage de polyur\u00e9thane, depuis la production de panneaux isolants rigides jusqu\u2019aux mousses flexibles de diverses densit\u00e9s en passant par la fabrication compl\u00e8te de si\u00e8ges. Nous moulons divers types de polyur\u00e9thane\u00a0: Solutions de si\u00e8ges Moulage de polyur\u00e9thane souple Integral Skin Moulage de polyur\u00e9thane [&hellip;]<\/p>\n","protected":false},"author":1,"featured_media":0,"parent":167,"menu_order":15,"comment_status":"open","ping_status":"closed","template":"capabilities.php","meta":{"_acf_changed":false,"footnotes":""},"class_list":["post-169","page","type-page","status-publish","hentry"],"acf":[],"yoast_head":"<!-- This site is optimized with the Yoast SEO plugin v27.4 - https:\/\/yoast.com\/product\/yoast-seo-wordpress\/ -->\n<title>Solutions de polyur\u00e9thane - PPD<\/title>\n<meta name=\"description\" content=\"PPD offre des services enti\u00e8rement int\u00e9gr\u00e9s de moulage de polyur\u00e9thane, de la production de panneaux isolants rigides jusqu\u2019aux mousses flexibles.\" \/>\n<meta name=\"robots\" content=\"index, follow, max-snippet:-1, max-image-preview:large, max-video-preview:-1\" \/>\n<link rel=\"canonical\" href=\"https:\/\/www.ppdgroup.com\/fr\/services-solutions\/moulage-de-polyurethane\/solutions-de-polyurethane\/\" \/>\n<meta name=\"twitter:label1\" content=\"Dur\u00e9e de lecture estim\u00e9e\" \/>\n\t<meta name=\"twitter:data1\" content=\"1 minute\" \/>\n<script type=\"application\/ld+json\" class=\"yoast-schema-graph\">{\"@context\":\"https:\\\/\\\/schema.org\",\"@graph\":[{\"@type\":\"WebPage\",\"@id\":\"https:\\\/\\\/www.ppdgroup.com\\\/fr\\\/services-solutions\\\/moulage-de-polyurethane\\\/solutions-de-polyurethane\\\/\",\"url\":\"https:\\\/\\\/www.ppdgroup.com\\\/fr\\\/services-solutions\\\/moulage-de-polyurethane\\\/solutions-de-polyurethane\\\/\",\"name\":\"Solutions de polyur\u00e9thane - PPD\",\"isPartOf\":{\"@id\":\"https:\\\/\\\/www.ppdgroup.com\\\/fr\\\/#website\"},\"datePublished\":\"2013-04-18T19:45:58+00:00\",\"dateModified\":\"2018-06-19T20:24:38+00:00\",\"description\":\"PPD offre des services enti\u00e8rement int\u00e9gr\u00e9s de moulage de polyur\u00e9thane, de la production de panneaux isolants rigides jusqu\u2019aux mousses flexibles.\",\"breadcrumb\":{\"@id\":\"https:\\\/\\\/www.ppdgroup.com\\\/fr\\\/services-solutions\\\/moulage-de-polyurethane\\\/solutions-de-polyurethane\\\/#breadcrumb\"},\"inLanguage\":\"fr-FR\",\"potentialAction\":[{\"@type\":\"ReadAction\",\"target\":[\"https:\\\/\\\/www.ppdgroup.com\\\/fr\\\/services-solutions\\\/moulage-de-polyurethane\\\/solutions-de-polyurethane\\\/\"]}]},{\"@type\":\"BreadcrumbList\",\"@id\":\"https:\\\/\\\/www.ppdgroup.com\\\/fr\\\/services-solutions\\\/moulage-de-polyurethane\\\/solutions-de-polyurethane\\\/#breadcrumb\",\"itemListElement\":[{\"@type\":\"ListItem\",\"position\":1,\"name\":\"Accueil\",\"item\":\"https:\\\/\\\/www.ppdgroup.com\\\/fr\\\/\"},{\"@type\":\"ListItem\",\"position\":2,\"name\":\"Services \\\/ Solutions\",\"item\":\"https:\\\/\\\/www.ppdgroup.com\\\/fr\\\/services-solutions\\\/\"},{\"@type\":\"ListItem\",\"position\":3,\"name\":\"Moulage de polyur\u00e9thane\",\"item\":\"https:\\\/\\\/www.ppdgroup.com\\\/fr\\\/services-solutions\\\/moulage-de-polyurethane\\\/\"},{\"@type\":\"ListItem\",\"position\":4,\"name\":\"Solutions de polyur\u00e9thane\"}]},{\"@type\":\"WebSite\",\"@id\":\"https:\\\/\\\/www.ppdgroup.com\\\/fr\\\/#website\",\"url\":\"https:\\\/\\\/www.ppdgroup.com\\\/fr\\\/\",\"name\":\"PPD\",\"description\":\"\",\"potentialAction\":[{\"@type\":\"SearchAction\",\"target\":{\"@type\":\"EntryPoint\",\"urlTemplate\":\"https:\\\/\\\/www.ppdgroup.com\\\/fr\\\/?s={search_term_string}\"},\"query-input\":{\"@type\":\"PropertyValueSpecification\",\"valueRequired\":true,\"valueName\":\"search_term_string\"}}],\"inLanguage\":\"fr-FR\"}]}<\/script>\n<!-- \/ Yoast SEO plugin. -->","yoast_head_json":{"title":"Solutions de polyur\u00e9thane - PPD","description":"PPD offre des services enti\u00e8rement int\u00e9gr\u00e9s de moulage de polyur\u00e9thane, de la production de panneaux isolants rigides jusqu\u2019aux mousses flexibles.","robots":{"index":"index","follow":"follow","max-snippet":"max-snippet:-1","max-image-preview":"max-image-preview:large","max-video-preview":"max-video-preview:-1"},"canonical":"https:\/\/www.ppdgroup.com\/fr\/services-solutions\/moulage-de-polyurethane\/solutions-de-polyurethane\/","twitter_misc":{"Dur\u00e9e de lecture estim\u00e9e":"1 minute"},"schema":{"@context":"https:\/\/schema.org","@graph":[{"@type":"WebPage","@id":"https:\/\/www.ppdgroup.com\/fr\/services-solutions\/moulage-de-polyurethane\/solutions-de-polyurethane\/","url":"https:\/\/www.ppdgroup.com\/fr\/services-solutions\/moulage-de-polyurethane\/solutions-de-polyurethane\/","name":"Solutions de polyur\u00e9thane - PPD","isPartOf":{"@id":"https:\/\/www.ppdgroup.com\/fr\/#website"},"datePublished":"2013-04-18T19:45:58+00:00","dateModified":"2018-06-19T20:24:38+00:00","description":"PPD offre des services enti\u00e8rement int\u00e9gr\u00e9s de moulage de polyur\u00e9thane, de la production de panneaux isolants rigides jusqu\u2019aux mousses flexibles.","breadcrumb":{"@id":"https:\/\/www.ppdgroup.com\/fr\/services-solutions\/moulage-de-polyurethane\/solutions-de-polyurethane\/#breadcrumb"},"inLanguage":"fr-FR","potentialAction":[{"@type":"ReadAction","target":["https:\/\/www.ppdgroup.com\/fr\/services-solutions\/moulage-de-polyurethane\/solutions-de-polyurethane\/"]}]},{"@type":"BreadcrumbList","@id":"https:\/\/www.ppdgroup.com\/fr\/services-solutions\/moulage-de-polyurethane\/solutions-de-polyurethane\/#breadcrumb","itemListElement":[{"@type":"ListItem","position":1,"name":"Accueil","item":"https:\/\/www.ppdgroup.com\/fr\/"},{"@type":"ListItem","position":2,"name":"Services \/ Solutions","item":"https:\/\/www.ppdgroup.com\/fr\/services-solutions\/"},{"@type":"ListItem","position":3,"name":"Moulage de polyur\u00e9thane","item":"https:\/\/www.ppdgroup.com\/fr\/services-solutions\/moulage-de-polyurethane\/"},{"@type":"ListItem","position":4,"name":"Solutions de polyur\u00e9thane"}]},{"@type":"WebSite","@id":"https:\/\/www.ppdgroup.com\/fr\/#website","url":"https:\/\/www.ppdgroup.com\/fr\/","name":"PPD","description":"","potentialAction":[{"@type":"SearchAction","target":{"@type":"EntryPoint","urlTemplate":"https:\/\/www.ppdgroup.com\/fr\/?s={search_term_string}"},"query-input":{"@type":"PropertyValueSpecification","valueRequired":true,"valueName":"search_term_string"}}],"inLanguage":"fr-FR"}]}},"_links":{"self":[{"href":"https:\/\/www.ppdgroup.com\/fr\/wp-json\/wp\/v2\/pages\/169","targetHints":{"allow":["GET"]}}],"collection":[{"href":"https:\/\/www.ppdgroup.com\/fr\/wp-json\/wp\/v2\/pages"}],"about":[{"href":"https:\/\/www.ppdgroup.com\/fr\/wp-json\/wp\/v2\/types\/page"}],"author":[{"embeddable":true,"href":"https:\/\/www.ppdgroup.com\/fr\/wp-json\/wp\/v2\/users\/1"}],"replies":[{"embeddable":true,"href":"https:\/\/www.ppdgroup.com\/fr\/wp-json\/wp\/v2\/comments?post=169"}],"version-history":[{"count":15,"href":"https:\/\/www.ppdgroup.com\/fr\/wp-json\/wp\/v2\/pages\/169\/revisions"}],"predecessor-version":[{"id":6390,"href":"https:\/\/www.ppdgroup.com\/fr\/wp-json\/wp\/v2\/pages\/169\/revisions\/6390"}],"up":[{"embeddable":true,"href":"https:\/\/www.ppdgroup.com\/fr\/wp-json\/wp\/v2\/pages\/167"}],"wp:attachment":[{"href":"https:\/\/www.ppdgroup.com\/fr\/wp-json\/wp\/v2\/media?parent=169"}],"curies":[{"name":"wp","href":"https:\/\/api.w.org\/{rel}","templated":true}]}}