{"id":165,"date":"2013-04-18T20:45:10","date_gmt":"2013-04-18T19:45:10","guid":{"rendered":"http:\/\/www.ppdgroup.com\/?page_id=165"},"modified":"2013-11-26T23:03:49","modified_gmt":"2013-11-26T22:03:49","slug":"couture-industrielle","status":"publish","type":"page","link":"https:\/\/www.ppdgroup.com\/fr\/services-solutions\/solutions-de-sieges\/couture-industrielle\/","title":{"rendered":"Couture industrielle"},"content":{"rendered":"<h2>Couture industrielle sur devis<\/h2>\n<p>PPD poss\u00e8de une longue exp\u00e9rience en mati\u00e8re de projets complexes de couture industrielle. Cela nous permet de remplir des crit\u00e8res tr\u00e8s stricts du point de vue esth\u00e9tique, d&#8217;offrir une capacit\u00e9 de production \u00e9lev\u00e9e et de respecter des d\u00e9lais d&#8217;ex\u00e9cution tr\u00e8s courts.<\/p>\n<p>Gr\u00e2ce \u00e0 des proc\u00e9d\u00e9s de production \u00e0 valeur ajout\u00e9e et des processus de tra\u00e7abilit\u00e9 des produits, PPD est devenu un important fabricant de housses de si\u00e8ge pour l\u2019industrie du transport en commun et des sports motoris\u00e9s.<\/p>\n<p><b>Notre offre de service comprend :<\/b><\/p>\n<ul>\n<li>Num\u00e9risation et d\u00e9coupe informatis\u00e9e (CNC) des tissus<\/li>\n<li>Couture industrielle<\/li>\n<li>Soudage des tissus par radiofr\u00e9quence (RF) et ultrasons<\/li>\n<li>Gaufrage et texturation des tissus<\/li>\n<li>S\u00e9rigraphie<\/li>\n<\/ul>\n<p>PPD utilise une large gamme de mat\u00e9riaux pour r\u00e9pondre \u00e0 vos besoins :<\/p>\n<ul>\n<li>Diff\u00e9rentes cat\u00e9gories de vinyle<\/li>\n<li>Textiles techniques<\/li>\n<li>Cuir<\/li>\n<\/ul>\n<p><b>Caract\u00e9ristiques des mat\u00e9riaux :<\/b><\/p>\n<ul>\n<li>Normes d&#8217;inflammabilit\u00e9<\/li>\n<li>De qualit\u00e9 antibact\u00e9rienne et antimicrobienne<\/li>\n<li>R\u00e9sistance \u00e9lev\u00e9e \u00e0 l&#8217;abrasion et \u00e0 l\u2019usure<\/li>\n<li>R\u00e9sistance au\u00a0 froid \u00e0 -40\u00b0C (-40 \u00b0F)<\/li>\n<li>R\u00e9sistance aux rayons UV<\/li>\n<\/ul>\n","protected":false},"excerpt":{"rendered":"<p>Couture industrielle sur devis PPD poss\u00e8de une longue exp\u00e9rience en mati\u00e8re de projets complexes de couture industrielle. Cela nous permet de remplir des crit\u00e8res tr\u00e8s stricts du point de vue esth\u00e9tique, d&#8217;offrir une capacit\u00e9 de production \u00e9lev\u00e9e et de respecter des d\u00e9lais d&#8217;ex\u00e9cution tr\u00e8s courts. Gr\u00e2ce \u00e0 des proc\u00e9d\u00e9s de production \u00e0 valeur ajout\u00e9e et [&hellip;]<\/p>\n","protected":false},"author":1,"featured_media":0,"parent":159,"menu_order":13,"comment_status":"open","ping_status":"closed","template":"capabilities.php","meta":{"_acf_changed":false,"footnotes":""},"class_list":["post-165","page","type-page","status-publish","hentry"],"acf":[],"yoast_head":"<!-- This site is optimized with the Yoast SEO plugin v27.4 - https:\/\/yoast.com\/product\/yoast-seo-wordpress\/ -->\n<title>Couture industrielle - PPD<\/title>\n<meta name=\"description\" content=\"PPD poss\u00e8de une longue exp\u00e9rience en mati\u00e8re de projets complexes de couture industrielle. Cela nous permet d\u2019offrir une capacit\u00e9 de production \u00e9lev\u00e9e.\" \/>\n<meta name=\"robots\" content=\"index, follow, max-snippet:-1, max-image-preview:large, max-video-preview:-1\" \/>\n<link rel=\"canonical\" href=\"https:\/\/www.ppdgroup.com\/fr\/services-solutions\/solutions-de-sieges\/couture-industrielle\/\" \/>\n<meta name=\"twitter:label1\" content=\"Dur\u00e9e de lecture estim\u00e9e\" \/>\n\t<meta name=\"twitter:data1\" content=\"1 minute\" \/>\n<script type=\"application\/ld+json\" class=\"yoast-schema-graph\">{\"@context\":\"https:\\\/\\\/schema.org\",\"@graph\":[{\"@type\":\"WebPage\",\"@id\":\"https:\\\/\\\/www.ppdgroup.com\\\/fr\\\/services-solutions\\\/solutions-de-sieges\\\/couture-industrielle\\\/\",\"url\":\"https:\\\/\\\/www.ppdgroup.com\\\/fr\\\/services-solutions\\\/solutions-de-sieges\\\/couture-industrielle\\\/\",\"name\":\"Couture industrielle - PPD\",\"isPartOf\":{\"@id\":\"https:\\\/\\\/www.ppdgroup.com\\\/fr\\\/#website\"},\"datePublished\":\"2013-04-18T19:45:10+00:00\",\"dateModified\":\"2013-11-26T22:03:49+00:00\",\"description\":\"PPD poss\u00e8de une longue exp\u00e9rience en mati\u00e8re de projets complexes de couture industrielle. Cela nous permet d\u2019offrir une capacit\u00e9 de production \u00e9lev\u00e9e.\",\"breadcrumb\":{\"@id\":\"https:\\\/\\\/www.ppdgroup.com\\\/fr\\\/services-solutions\\\/solutions-de-sieges\\\/couture-industrielle\\\/#breadcrumb\"},\"inLanguage\":\"fr-FR\",\"potentialAction\":[{\"@type\":\"ReadAction\",\"target\":[\"https:\\\/\\\/www.ppdgroup.com\\\/fr\\\/services-solutions\\\/solutions-de-sieges\\\/couture-industrielle\\\/\"]}]},{\"@type\":\"BreadcrumbList\",\"@id\":\"https:\\\/\\\/www.ppdgroup.com\\\/fr\\\/services-solutions\\\/solutions-de-sieges\\\/couture-industrielle\\\/#breadcrumb\",\"itemListElement\":[{\"@type\":\"ListItem\",\"position\":1,\"name\":\"Accueil\",\"item\":\"https:\\\/\\\/www.ppdgroup.com\\\/fr\\\/\"},{\"@type\":\"ListItem\",\"position\":2,\"name\":\"Services \\\/ Solutions\",\"item\":\"https:\\\/\\\/www.ppdgroup.com\\\/fr\\\/services-solutions\\\/\"},{\"@type\":\"ListItem\",\"position\":3,\"name\":\"Solutions de si\u00e8ges\",\"item\":\"https:\\\/\\\/www.ppdgroup.com\\\/fr\\\/services-solutions\\\/solutions-de-sieges\\\/\"},{\"@type\":\"ListItem\",\"position\":4,\"name\":\"Couture industrielle\"}]},{\"@type\":\"WebSite\",\"@id\":\"https:\\\/\\\/www.ppdgroup.com\\\/fr\\\/#website\",\"url\":\"https:\\\/\\\/www.ppdgroup.com\\\/fr\\\/\",\"name\":\"PPD\",\"description\":\"\",\"potentialAction\":[{\"@type\":\"SearchAction\",\"target\":{\"@type\":\"EntryPoint\",\"urlTemplate\":\"https:\\\/\\\/www.ppdgroup.com\\\/fr\\\/?s={search_term_string}\"},\"query-input\":{\"@type\":\"PropertyValueSpecification\",\"valueRequired\":true,\"valueName\":\"search_term_string\"}}],\"inLanguage\":\"fr-FR\"}]}<\/script>\n<!-- \/ Yoast SEO plugin. -->","yoast_head_json":{"title":"Couture industrielle - PPD","description":"PPD poss\u00e8de une longue exp\u00e9rience en mati\u00e8re de projets complexes de couture industrielle. Cela nous permet d\u2019offrir une capacit\u00e9 de production \u00e9lev\u00e9e.","robots":{"index":"index","follow":"follow","max-snippet":"max-snippet:-1","max-image-preview":"max-image-preview:large","max-video-preview":"max-video-preview:-1"},"canonical":"https:\/\/www.ppdgroup.com\/fr\/services-solutions\/solutions-de-sieges\/couture-industrielle\/","twitter_misc":{"Dur\u00e9e de lecture estim\u00e9e":"1 minute"},"schema":{"@context":"https:\/\/schema.org","@graph":[{"@type":"WebPage","@id":"https:\/\/www.ppdgroup.com\/fr\/services-solutions\/solutions-de-sieges\/couture-industrielle\/","url":"https:\/\/www.ppdgroup.com\/fr\/services-solutions\/solutions-de-sieges\/couture-industrielle\/","name":"Couture industrielle - PPD","isPartOf":{"@id":"https:\/\/www.ppdgroup.com\/fr\/#website"},"datePublished":"2013-04-18T19:45:10+00:00","dateModified":"2013-11-26T22:03:49+00:00","description":"PPD poss\u00e8de une longue exp\u00e9rience en mati\u00e8re de projets complexes de couture industrielle. Cela nous permet d\u2019offrir une capacit\u00e9 de production \u00e9lev\u00e9e.","breadcrumb":{"@id":"https:\/\/www.ppdgroup.com\/fr\/services-solutions\/solutions-de-sieges\/couture-industrielle\/#breadcrumb"},"inLanguage":"fr-FR","potentialAction":[{"@type":"ReadAction","target":["https:\/\/www.ppdgroup.com\/fr\/services-solutions\/solutions-de-sieges\/couture-industrielle\/"]}]},{"@type":"BreadcrumbList","@id":"https:\/\/www.ppdgroup.com\/fr\/services-solutions\/solutions-de-sieges\/couture-industrielle\/#breadcrumb","itemListElement":[{"@type":"ListItem","position":1,"name":"Accueil","item":"https:\/\/www.ppdgroup.com\/fr\/"},{"@type":"ListItem","position":2,"name":"Services \/ Solutions","item":"https:\/\/www.ppdgroup.com\/fr\/services-solutions\/"},{"@type":"ListItem","position":3,"name":"Solutions de si\u00e8ges","item":"https:\/\/www.ppdgroup.com\/fr\/services-solutions\/solutions-de-sieges\/"},{"@type":"ListItem","position":4,"name":"Couture industrielle"}]},{"@type":"WebSite","@id":"https:\/\/www.ppdgroup.com\/fr\/#website","url":"https:\/\/www.ppdgroup.com\/fr\/","name":"PPD","description":"","potentialAction":[{"@type":"SearchAction","target":{"@type":"EntryPoint","urlTemplate":"https:\/\/www.ppdgroup.com\/fr\/?s={search_term_string}"},"query-input":{"@type":"PropertyValueSpecification","valueRequired":true,"valueName":"search_term_string"}}],"inLanguage":"fr-FR"}]}},"_links":{"self":[{"href":"https:\/\/www.ppdgroup.com\/fr\/wp-json\/wp\/v2\/pages\/165","targetHints":{"allow":["GET"]}}],"collection":[{"href":"https:\/\/www.ppdgroup.com\/fr\/wp-json\/wp\/v2\/pages"}],"about":[{"href":"https:\/\/www.ppdgroup.com\/fr\/wp-json\/wp\/v2\/types\/page"}],"author":[{"embeddable":true,"href":"https:\/\/www.ppdgroup.com\/fr\/wp-json\/wp\/v2\/users\/1"}],"replies":[{"embeddable":true,"href":"https:\/\/www.ppdgroup.com\/fr\/wp-json\/wp\/v2\/comments?post=165"}],"version-history":[{"count":16,"href":"https:\/\/www.ppdgroup.com\/fr\/wp-json\/wp\/v2\/pages\/165\/revisions"}],"predecessor-version":[{"id":2758,"href":"https:\/\/www.ppdgroup.com\/fr\/wp-json\/wp\/v2\/pages\/165\/revisions\/2758"}],"up":[{"embeddable":true,"href":"https:\/\/www.ppdgroup.com\/fr\/wp-json\/wp\/v2\/pages\/159"}],"wp:attachment":[{"href":"https:\/\/www.ppdgroup.com\/fr\/wp-json\/wp\/v2\/media?parent=165"}],"curies":[{"name":"wp","href":"https:\/\/api.w.org\/{rel}","templated":true}]}}