{"id":163,"date":"2013-04-18T20:44:51","date_gmt":"2013-04-18T19:44:51","guid":{"rendered":"http:\/\/www.ppdgroup.com\/?page_id=163"},"modified":"2013-11-26T22:59:01","modified_gmt":"2013-11-26T21:59:01","slug":"foam-in-place","status":"publish","type":"page","link":"https:\/\/www.ppdgroup.com\/fr\/services-solutions\/solutions-de-sieges\/foam-in-place\/","title":{"rendered":"Foam-In-Place"},"content":{"rendered":"<h2>Les proc\u00e9d\u00e9s <i>Foam-in-place <\/i>et<i> thermoformage<\/i>, pour des si\u00e8ges plus robustes et durables!<\/h2>\n<p>&nbsp;<\/p>\n<h3><b>Le <em>Foam-in-place<\/em><\/b><\/h3>\n<p>Dans ce proc\u00e9d\u00e9, un rev\u00eatement en vinyle est thermoform\u00e9 puis une r\u00e9sine de polyur\u00e9thane est inject\u00e9e directement par-dessus le vinyle, ce qui a pour effet de lier les deux mat\u00e9riaux ensemble.<\/p>\n<h3><b>Le thermoformage<\/b><\/h3>\n<p>Ce proc\u00e9d\u00e9 consiste \u00e0 thermoformer une housse de vinyle et de recouvrir la mousse pr\u00e9alablement moul\u00e9e pour en \u00e9pouser ses formes ergonomiques.<\/p>\n<p>Ces proc\u00e9d\u00e9s permettent de produire des formes de si\u00e8ges complexes et d\u2019en \u00e9liminer les coutures, offrant ainsi une plus grande imperm\u00e9abilit\u00e9, durabilit\u00e9 et une r\u00e9sistance antibact\u00e9rienne et antimicrobienne accrue.<\/p>\n<p>Solutions id\u00e9ales pour\u00a0:<a href=\"http:\/\/www.ppdgroup.com\/wp-content\/uploads\/2013\/05\/iStock_000000244792Small.jpg\"><img loading=\"lazy\" decoding=\"async\" class=\"size-medium wp-image-2060 alignright\" alt=\"iStock_000000244792Small\" src=\"http:\/\/www.ppdgroup.com\/wp-content\/uploads\/2013\/05\/iStock_000000244792Small-300x225.jpg\" width=\"300\" height=\"225\" srcset=\"https:\/\/www.ppdgroup.com\/wp-content\/uploads\/2013\/05\/iStock_000000244792Small-300x225.jpg 300w, https:\/\/www.ppdgroup.com\/wp-content\/uploads\/2013\/05\/iStock_000000244792Small.jpg 800w\" sizes=\"auto, (max-width: 300px) 100vw, 300px\" \/><\/a><\/p>\n<ul>\n<li>les chariots de golf<\/li>\n<li>les tracteurs de ferme et de gazon<\/li>\n<li>les motos, VTT et v\u00e9hicules utilitaires<\/li>\n<li>les coussins m\u00e9dicaux<\/li>\n<li>etc.<\/li>\n<\/ul>\n<p><i><\/i><i><span style=\"font-size: 12px;\"><br \/>\n<\/span><\/i><\/p>\n","protected":false},"excerpt":{"rendered":"<p>Les proc\u00e9d\u00e9s Foam-in-place et thermoformage, pour des si\u00e8ges plus robustes et durables! &nbsp; Le Foam-in-place Dans ce proc\u00e9d\u00e9, un rev\u00eatement en vinyle est thermoform\u00e9 puis une r\u00e9sine de polyur\u00e9thane est inject\u00e9e directement par-dessus le vinyle, ce qui a pour effet de lier les deux mat\u00e9riaux ensemble. Le thermoformage Ce proc\u00e9d\u00e9 consiste \u00e0 thermoformer une housse [&hellip;]<\/p>\n","protected":false},"author":1,"featured_media":0,"parent":159,"menu_order":12,"comment_status":"open","ping_status":"closed","template":"capabilities.php","meta":{"_acf_changed":false,"footnotes":""},"class_list":["post-163","page","type-page","status-publish","hentry"],"acf":[],"yoast_head":"<!-- This site is optimized with the Yoast SEO plugin v27.4 - https:\/\/yoast.com\/product\/yoast-seo-wordpress\/ -->\n<title>Foam-In-Place - PPD<\/title>\n<meta name=\"description\" content=\"PPD poss\u00e8de une longue exp\u00e9rience en mati\u00e8re de proc\u00e9d\u00e9s Foam-in-place et de thermoformage. Cela nous permet d\u2019offrir des si\u00e8ges plus robustes et durables!\" \/>\n<meta name=\"robots\" content=\"index, follow, max-snippet:-1, max-image-preview:large, max-video-preview:-1\" \/>\n<link rel=\"canonical\" href=\"https:\/\/www.ppdgroup.com\/fr\/services-solutions\/solutions-de-sieges\/foam-in-place\/\" \/>\n<meta name=\"twitter:label1\" content=\"Dur\u00e9e de lecture estim\u00e9e\" \/>\n\t<meta name=\"twitter:data1\" content=\"1 minute\" \/>\n<script type=\"application\/ld+json\" class=\"yoast-schema-graph\">{\"@context\":\"https:\\\/\\\/schema.org\",\"@graph\":[{\"@type\":\"WebPage\",\"@id\":\"https:\\\/\\\/www.ppdgroup.com\\\/fr\\\/services-solutions\\\/solutions-de-sieges\\\/foam-in-place\\\/\",\"url\":\"https:\\\/\\\/www.ppdgroup.com\\\/fr\\\/services-solutions\\\/solutions-de-sieges\\\/foam-in-place\\\/\",\"name\":\"Foam-In-Place - PPD\",\"isPartOf\":{\"@id\":\"https:\\\/\\\/www.ppdgroup.com\\\/fr\\\/#website\"},\"primaryImageOfPage\":{\"@id\":\"https:\\\/\\\/www.ppdgroup.com\\\/fr\\\/services-solutions\\\/solutions-de-sieges\\\/foam-in-place\\\/#primaryimage\"},\"image\":{\"@id\":\"https:\\\/\\\/www.ppdgroup.com\\\/fr\\\/services-solutions\\\/solutions-de-sieges\\\/foam-in-place\\\/#primaryimage\"},\"thumbnailUrl\":\"http:\\\/\\\/www.ppdgroup.com\\\/wp-content\\\/uploads\\\/2013\\\/05\\\/iStock_000000244792Small-300x225.jpg\",\"datePublished\":\"2013-04-18T19:44:51+00:00\",\"dateModified\":\"2013-11-26T21:59:01+00:00\",\"description\":\"PPD poss\u00e8de une longue exp\u00e9rience en mati\u00e8re de proc\u00e9d\u00e9s Foam-in-place et de thermoformage. Cela nous permet d\u2019offrir des si\u00e8ges plus robustes et durables!\",\"breadcrumb\":{\"@id\":\"https:\\\/\\\/www.ppdgroup.com\\\/fr\\\/services-solutions\\\/solutions-de-sieges\\\/foam-in-place\\\/#breadcrumb\"},\"inLanguage\":\"fr-FR\",\"potentialAction\":[{\"@type\":\"ReadAction\",\"target\":[\"https:\\\/\\\/www.ppdgroup.com\\\/fr\\\/services-solutions\\\/solutions-de-sieges\\\/foam-in-place\\\/\"]}]},{\"@type\":\"ImageObject\",\"inLanguage\":\"fr-FR\",\"@id\":\"https:\\\/\\\/www.ppdgroup.com\\\/fr\\\/services-solutions\\\/solutions-de-sieges\\\/foam-in-place\\\/#primaryimage\",\"url\":\"http:\\\/\\\/www.ppdgroup.com\\\/wp-content\\\/uploads\\\/2013\\\/05\\\/iStock_000000244792Small-300x225.jpg\",\"contentUrl\":\"http:\\\/\\\/www.ppdgroup.com\\\/wp-content\\\/uploads\\\/2013\\\/05\\\/iStock_000000244792Small-300x225.jpg\"},{\"@type\":\"BreadcrumbList\",\"@id\":\"https:\\\/\\\/www.ppdgroup.com\\\/fr\\\/services-solutions\\\/solutions-de-sieges\\\/foam-in-place\\\/#breadcrumb\",\"itemListElement\":[{\"@type\":\"ListItem\",\"position\":1,\"name\":\"Accueil\",\"item\":\"https:\\\/\\\/www.ppdgroup.com\\\/fr\\\/\"},{\"@type\":\"ListItem\",\"position\":2,\"name\":\"Services \\\/ Solutions\",\"item\":\"https:\\\/\\\/www.ppdgroup.com\\\/fr\\\/services-solutions\\\/\"},{\"@type\":\"ListItem\",\"position\":3,\"name\":\"Solutions de si\u00e8ges\",\"item\":\"https:\\\/\\\/www.ppdgroup.com\\\/fr\\\/services-solutions\\\/solutions-de-sieges\\\/\"},{\"@type\":\"ListItem\",\"position\":4,\"name\":\"Foam-In-Place\"}]},{\"@type\":\"WebSite\",\"@id\":\"https:\\\/\\\/www.ppdgroup.com\\\/fr\\\/#website\",\"url\":\"https:\\\/\\\/www.ppdgroup.com\\\/fr\\\/\",\"name\":\"PPD\",\"description\":\"\",\"potentialAction\":[{\"@type\":\"SearchAction\",\"target\":{\"@type\":\"EntryPoint\",\"urlTemplate\":\"https:\\\/\\\/www.ppdgroup.com\\\/fr\\\/?s={search_term_string}\"},\"query-input\":{\"@type\":\"PropertyValueSpecification\",\"valueRequired\":true,\"valueName\":\"search_term_string\"}}],\"inLanguage\":\"fr-FR\"}]}<\/script>\n<!-- \/ Yoast SEO plugin. -->","yoast_head_json":{"title":"Foam-In-Place - PPD","description":"PPD poss\u00e8de une longue exp\u00e9rience en mati\u00e8re de proc\u00e9d\u00e9s Foam-in-place et de thermoformage. Cela nous permet d\u2019offrir des si\u00e8ges plus robustes et durables!","robots":{"index":"index","follow":"follow","max-snippet":"max-snippet:-1","max-image-preview":"max-image-preview:large","max-video-preview":"max-video-preview:-1"},"canonical":"https:\/\/www.ppdgroup.com\/fr\/services-solutions\/solutions-de-sieges\/foam-in-place\/","twitter_misc":{"Dur\u00e9e de lecture estim\u00e9e":"1 minute"},"schema":{"@context":"https:\/\/schema.org","@graph":[{"@type":"WebPage","@id":"https:\/\/www.ppdgroup.com\/fr\/services-solutions\/solutions-de-sieges\/foam-in-place\/","url":"https:\/\/www.ppdgroup.com\/fr\/services-solutions\/solutions-de-sieges\/foam-in-place\/","name":"Foam-In-Place - PPD","isPartOf":{"@id":"https:\/\/www.ppdgroup.com\/fr\/#website"},"primaryImageOfPage":{"@id":"https:\/\/www.ppdgroup.com\/fr\/services-solutions\/solutions-de-sieges\/foam-in-place\/#primaryimage"},"image":{"@id":"https:\/\/www.ppdgroup.com\/fr\/services-solutions\/solutions-de-sieges\/foam-in-place\/#primaryimage"},"thumbnailUrl":"http:\/\/www.ppdgroup.com\/wp-content\/uploads\/2013\/05\/iStock_000000244792Small-300x225.jpg","datePublished":"2013-04-18T19:44:51+00:00","dateModified":"2013-11-26T21:59:01+00:00","description":"PPD poss\u00e8de une longue exp\u00e9rience en mati\u00e8re de proc\u00e9d\u00e9s Foam-in-place et de thermoformage. Cela nous permet d\u2019offrir des si\u00e8ges plus robustes et durables!","breadcrumb":{"@id":"https:\/\/www.ppdgroup.com\/fr\/services-solutions\/solutions-de-sieges\/foam-in-place\/#breadcrumb"},"inLanguage":"fr-FR","potentialAction":[{"@type":"ReadAction","target":["https:\/\/www.ppdgroup.com\/fr\/services-solutions\/solutions-de-sieges\/foam-in-place\/"]}]},{"@type":"ImageObject","inLanguage":"fr-FR","@id":"https:\/\/www.ppdgroup.com\/fr\/services-solutions\/solutions-de-sieges\/foam-in-place\/#primaryimage","url":"http:\/\/www.ppdgroup.com\/wp-content\/uploads\/2013\/05\/iStock_000000244792Small-300x225.jpg","contentUrl":"http:\/\/www.ppdgroup.com\/wp-content\/uploads\/2013\/05\/iStock_000000244792Small-300x225.jpg"},{"@type":"BreadcrumbList","@id":"https:\/\/www.ppdgroup.com\/fr\/services-solutions\/solutions-de-sieges\/foam-in-place\/#breadcrumb","itemListElement":[{"@type":"ListItem","position":1,"name":"Accueil","item":"https:\/\/www.ppdgroup.com\/fr\/"},{"@type":"ListItem","position":2,"name":"Services \/ Solutions","item":"https:\/\/www.ppdgroup.com\/fr\/services-solutions\/"},{"@type":"ListItem","position":3,"name":"Solutions de si\u00e8ges","item":"https:\/\/www.ppdgroup.com\/fr\/services-solutions\/solutions-de-sieges\/"},{"@type":"ListItem","position":4,"name":"Foam-In-Place"}]},{"@type":"WebSite","@id":"https:\/\/www.ppdgroup.com\/fr\/#website","url":"https:\/\/www.ppdgroup.com\/fr\/","name":"PPD","description":"","potentialAction":[{"@type":"SearchAction","target":{"@type":"EntryPoint","urlTemplate":"https:\/\/www.ppdgroup.com\/fr\/?s={search_term_string}"},"query-input":{"@type":"PropertyValueSpecification","valueRequired":true,"valueName":"search_term_string"}}],"inLanguage":"fr-FR"}]}},"_links":{"self":[{"href":"https:\/\/www.ppdgroup.com\/fr\/wp-json\/wp\/v2\/pages\/163","targetHints":{"allow":["GET"]}}],"collection":[{"href":"https:\/\/www.ppdgroup.com\/fr\/wp-json\/wp\/v2\/pages"}],"about":[{"href":"https:\/\/www.ppdgroup.com\/fr\/wp-json\/wp\/v2\/types\/page"}],"author":[{"embeddable":true,"href":"https:\/\/www.ppdgroup.com\/fr\/wp-json\/wp\/v2\/users\/1"}],"replies":[{"embeddable":true,"href":"https:\/\/www.ppdgroup.com\/fr\/wp-json\/wp\/v2\/comments?post=163"}],"version-history":[{"count":15,"href":"https:\/\/www.ppdgroup.com\/fr\/wp-json\/wp\/v2\/pages\/163\/revisions"}],"predecessor-version":[{"id":2803,"href":"https:\/\/www.ppdgroup.com\/fr\/wp-json\/wp\/v2\/pages\/163\/revisions\/2803"}],"up":[{"embeddable":true,"href":"https:\/\/www.ppdgroup.com\/fr\/wp-json\/wp\/v2\/pages\/159"}],"wp:attachment":[{"href":"https:\/\/www.ppdgroup.com\/fr\/wp-json\/wp\/v2\/media?parent=163"}],"curies":[{"name":"wp","href":"https:\/\/api.w.org\/{rel}","templated":true}]}}