{"id":157,"date":"2013-04-18T20:43:17","date_gmt":"2013-04-18T19:43:17","guid":{"rendered":"http:\/\/www.ppdgroup.com\/?page_id=157"},"modified":"2026-03-05T17:12:58","modified_gmt":"2026-03-05T16:12:58","slug":"usinage-de-precision-de-biomateriaux","status":"publish","type":"page","link":"https:\/\/www.ppdgroup.com\/fr\/services-solutions\/moulage-et-usinage-de-qualite-medicale\/usinage-de-precision-de-biomateriaux\/","title":{"rendered":"Usinage de pr\u00e9cision de biomat\u00e9riaux"},"content":{"rendered":"<h2>L\u2019usinage de pr\u00e9cision red\u00e9finie<\/h2>\n<p>Nous produisons des <strong>implants m\u00e9dicaux<\/strong> de haute qualit\u00e9 qui pr\u00e9sentent les caract\u00e9ristiques suivantes:<\/p>\n<ul>\n<li>Biomat\u00e9riaux en plastique haute performance<\/li>\n<li>Surfaces d\u2019articulation haute pr\u00e9cision de qualit\u00e9 sup\u00e9rieure<\/li>\n<li>Tol\u00e9rance de haute pr\u00e9cision\u00a0 en mode de production<\/li>\n<li>Usinage de pr\u00e9cision \u00e0 sec sur mati\u00e8res plastiques<\/li>\n<li>Formes complexes<\/li>\n<li>Installation de pointe strictement d\u00e9di\u00e9e, certifi\u00e9e ISO 13485:2016<\/li>\n<\/ul>\n<p>Outre une expertise exceptionnelle, nous disposons de fraiseuses CNC \u00e0 5 axes, gr\u00e2ce auxquelles nous r\u00e9alisons les formes complexes exig\u00e9es par le secteur m\u00e9dical.<\/p>\n<p>Enfin, nous offrons des installations compl\u00e8tes et une expertise d&#8217;ing\u00e9nierie int\u00e9gr\u00e9e, notamment en ce qui concerne la propri\u00e9t\u00e9 des mat\u00e9riaux et les proc\u00e9d\u00e9s de fabrication.<\/p>\n","protected":false},"excerpt":{"rendered":"<p>L\u2019usinage de pr\u00e9cision red\u00e9finie Nous produisons des implants m\u00e9dicaux de haute qualit\u00e9 qui pr\u00e9sentent les caract\u00e9ristiques suivantes: Biomat\u00e9riaux en plastique haute performance Surfaces d\u2019articulation haute pr\u00e9cision de qualit\u00e9 sup\u00e9rieure Tol\u00e9rance de haute pr\u00e9cision\u00a0 en mode de production Usinage de pr\u00e9cision \u00e0 sec sur mati\u00e8res plastiques Formes complexes Installation de pointe strictement d\u00e9di\u00e9e, certifi\u00e9e ISO 13485:2016 [&hellip;]<\/p>\n","protected":false},"author":1,"featured_media":0,"parent":151,"menu_order":9,"comment_status":"open","ping_status":"closed","template":"capabilities.php","meta":{"_acf_changed":false,"footnotes":""},"class_list":["post-157","page","type-page","status-publish","hentry"],"acf":[],"yoast_head":"<!-- This site is optimized with the Yoast SEO plugin v27.4 - https:\/\/yoast.com\/product\/yoast-seo-wordpress\/ -->\n<title>Usinage de pr\u00e9cision de biomat\u00e9riaux - PPD<\/title>\n<meta name=\"description\" content=\"PPD Meditech est un pionnier en usinage de pr\u00e9cision de biomat\u00e9riaux. Depuis 1998, nous avons acquis une expertise dans le domaine m\u00e9dical.\" \/>\n<meta name=\"robots\" content=\"index, follow, max-snippet:-1, max-image-preview:large, max-video-preview:-1\" \/>\n<link rel=\"canonical\" href=\"https:\/\/www.ppdgroup.com\/fr\/services-solutions\/moulage-et-usinage-de-qualite-medicale\/usinage-de-precision-de-biomateriaux\/\" \/>\n<meta name=\"twitter:label1\" content=\"Dur\u00e9e de lecture estim\u00e9e\" \/>\n\t<meta name=\"twitter:data1\" content=\"1 minute\" \/>\n<script type=\"application\/ld+json\" class=\"yoast-schema-graph\">{\"@context\":\"https:\\\/\\\/schema.org\",\"@graph\":[{\"@type\":\"WebPage\",\"@id\":\"https:\\\/\\\/www.ppdgroup.com\\\/fr\\\/services-solutions\\\/moulage-et-usinage-de-qualite-medicale\\\/usinage-de-precision-de-biomateriaux\\\/\",\"url\":\"https:\\\/\\\/www.ppdgroup.com\\\/fr\\\/services-solutions\\\/moulage-et-usinage-de-qualite-medicale\\\/usinage-de-precision-de-biomateriaux\\\/\",\"name\":\"Usinage de pr\u00e9cision de biomat\u00e9riaux - PPD\",\"isPartOf\":{\"@id\":\"https:\\\/\\\/www.ppdgroup.com\\\/fr\\\/#website\"},\"datePublished\":\"2013-04-18T19:43:17+00:00\",\"dateModified\":\"2026-03-05T16:12:58+00:00\",\"description\":\"PPD Meditech est un pionnier en usinage de pr\u00e9cision de biomat\u00e9riaux. Depuis 1998, nous avons acquis une expertise dans le domaine m\u00e9dical.\",\"breadcrumb\":{\"@id\":\"https:\\\/\\\/www.ppdgroup.com\\\/fr\\\/services-solutions\\\/moulage-et-usinage-de-qualite-medicale\\\/usinage-de-precision-de-biomateriaux\\\/#breadcrumb\"},\"inLanguage\":\"fr-FR\",\"potentialAction\":[{\"@type\":\"ReadAction\",\"target\":[\"https:\\\/\\\/www.ppdgroup.com\\\/fr\\\/services-solutions\\\/moulage-et-usinage-de-qualite-medicale\\\/usinage-de-precision-de-biomateriaux\\\/\"]}]},{\"@type\":\"BreadcrumbList\",\"@id\":\"https:\\\/\\\/www.ppdgroup.com\\\/fr\\\/services-solutions\\\/moulage-et-usinage-de-qualite-medicale\\\/usinage-de-precision-de-biomateriaux\\\/#breadcrumb\",\"itemListElement\":[{\"@type\":\"ListItem\",\"position\":1,\"name\":\"Accueil\",\"item\":\"https:\\\/\\\/www.ppdgroup.com\\\/fr\\\/\"},{\"@type\":\"ListItem\",\"position\":2,\"name\":\"Services \\\/ Solutions\",\"item\":\"https:\\\/\\\/www.ppdgroup.com\\\/fr\\\/services-solutions\\\/\"},{\"@type\":\"ListItem\",\"position\":3,\"name\":\"M\u00e9dical Moulage\\\/Usinage\",\"item\":\"https:\\\/\\\/www.ppdgroup.com\\\/fr\\\/services-solutions\\\/moulage-et-usinage-de-qualite-medicale\\\/\"},{\"@type\":\"ListItem\",\"position\":4,\"name\":\"Usinage de pr\u00e9cision de biomat\u00e9riaux\"}]},{\"@type\":\"WebSite\",\"@id\":\"https:\\\/\\\/www.ppdgroup.com\\\/fr\\\/#website\",\"url\":\"https:\\\/\\\/www.ppdgroup.com\\\/fr\\\/\",\"name\":\"PPD\",\"description\":\"\",\"potentialAction\":[{\"@type\":\"SearchAction\",\"target\":{\"@type\":\"EntryPoint\",\"urlTemplate\":\"https:\\\/\\\/www.ppdgroup.com\\\/fr\\\/?s={search_term_string}\"},\"query-input\":{\"@type\":\"PropertyValueSpecification\",\"valueRequired\":true,\"valueName\":\"search_term_string\"}}],\"inLanguage\":\"fr-FR\"}]}<\/script>\n<!-- \/ Yoast SEO plugin. -->","yoast_head_json":{"title":"Usinage de pr\u00e9cision de biomat\u00e9riaux - PPD","description":"PPD Meditech est un pionnier en usinage de pr\u00e9cision de biomat\u00e9riaux. Depuis 1998, nous avons acquis une expertise dans le domaine m\u00e9dical.","robots":{"index":"index","follow":"follow","max-snippet":"max-snippet:-1","max-image-preview":"max-image-preview:large","max-video-preview":"max-video-preview:-1"},"canonical":"https:\/\/www.ppdgroup.com\/fr\/services-solutions\/moulage-et-usinage-de-qualite-medicale\/usinage-de-precision-de-biomateriaux\/","twitter_misc":{"Dur\u00e9e de lecture estim\u00e9e":"1 minute"},"schema":{"@context":"https:\/\/schema.org","@graph":[{"@type":"WebPage","@id":"https:\/\/www.ppdgroup.com\/fr\/services-solutions\/moulage-et-usinage-de-qualite-medicale\/usinage-de-precision-de-biomateriaux\/","url":"https:\/\/www.ppdgroup.com\/fr\/services-solutions\/moulage-et-usinage-de-qualite-medicale\/usinage-de-precision-de-biomateriaux\/","name":"Usinage de pr\u00e9cision de biomat\u00e9riaux - PPD","isPartOf":{"@id":"https:\/\/www.ppdgroup.com\/fr\/#website"},"datePublished":"2013-04-18T19:43:17+00:00","dateModified":"2026-03-05T16:12:58+00:00","description":"PPD Meditech est un pionnier en usinage de pr\u00e9cision de biomat\u00e9riaux. Depuis 1998, nous avons acquis une expertise dans le domaine m\u00e9dical.","breadcrumb":{"@id":"https:\/\/www.ppdgroup.com\/fr\/services-solutions\/moulage-et-usinage-de-qualite-medicale\/usinage-de-precision-de-biomateriaux\/#breadcrumb"},"inLanguage":"fr-FR","potentialAction":[{"@type":"ReadAction","target":["https:\/\/www.ppdgroup.com\/fr\/services-solutions\/moulage-et-usinage-de-qualite-medicale\/usinage-de-precision-de-biomateriaux\/"]}]},{"@type":"BreadcrumbList","@id":"https:\/\/www.ppdgroup.com\/fr\/services-solutions\/moulage-et-usinage-de-qualite-medicale\/usinage-de-precision-de-biomateriaux\/#breadcrumb","itemListElement":[{"@type":"ListItem","position":1,"name":"Accueil","item":"https:\/\/www.ppdgroup.com\/fr\/"},{"@type":"ListItem","position":2,"name":"Services \/ Solutions","item":"https:\/\/www.ppdgroup.com\/fr\/services-solutions\/"},{"@type":"ListItem","position":3,"name":"M\u00e9dical Moulage\/Usinage","item":"https:\/\/www.ppdgroup.com\/fr\/services-solutions\/moulage-et-usinage-de-qualite-medicale\/"},{"@type":"ListItem","position":4,"name":"Usinage de pr\u00e9cision de biomat\u00e9riaux"}]},{"@type":"WebSite","@id":"https:\/\/www.ppdgroup.com\/fr\/#website","url":"https:\/\/www.ppdgroup.com\/fr\/","name":"PPD","description":"","potentialAction":[{"@type":"SearchAction","target":{"@type":"EntryPoint","urlTemplate":"https:\/\/www.ppdgroup.com\/fr\/?s={search_term_string}"},"query-input":{"@type":"PropertyValueSpecification","valueRequired":true,"valueName":"search_term_string"}}],"inLanguage":"fr-FR"}]}},"_links":{"self":[{"href":"https:\/\/www.ppdgroup.com\/fr\/wp-json\/wp\/v2\/pages\/157","targetHints":{"allow":["GET"]}}],"collection":[{"href":"https:\/\/www.ppdgroup.com\/fr\/wp-json\/wp\/v2\/pages"}],"about":[{"href":"https:\/\/www.ppdgroup.com\/fr\/wp-json\/wp\/v2\/types\/page"}],"author":[{"embeddable":true,"href":"https:\/\/www.ppdgroup.com\/fr\/wp-json\/wp\/v2\/users\/1"}],"replies":[{"embeddable":true,"href":"https:\/\/www.ppdgroup.com\/fr\/wp-json\/wp\/v2\/comments?post=157"}],"version-history":[{"count":16,"href":"https:\/\/www.ppdgroup.com\/fr\/wp-json\/wp\/v2\/pages\/157\/revisions"}],"predecessor-version":[{"id":17423,"href":"https:\/\/www.ppdgroup.com\/fr\/wp-json\/wp\/v2\/pages\/157\/revisions\/17423"}],"up":[{"embeddable":true,"href":"https:\/\/www.ppdgroup.com\/fr\/wp-json\/wp\/v2\/pages\/151"}],"wp:attachment":[{"href":"https:\/\/www.ppdgroup.com\/fr\/wp-json\/wp\/v2\/media?parent=157"}],"curies":[{"name":"wp","href":"https:\/\/api.w.org\/{rel}","templated":true}]}}