{"id":155,"date":"2013-04-18T20:41:21","date_gmt":"2013-04-18T19:41:21","guid":{"rendered":"http:\/\/www.ppdgroup.com\/?page_id=155"},"modified":"2026-03-05T04:54:22","modified_gmt":"2026-03-05T03:54:22","slug":"moulage-par-compression-de-biomateriaux","status":"publish","type":"page","link":"https:\/\/www.ppdgroup.com\/fr\/services-solutions\/moulage-et-usinage-de-qualite-medicale\/moulage-par-compression-de-biomateriaux\/","title":{"rendered":"Moulage par compression de biomat\u00e9riaux"},"content":{"rendered":"<h2>Chef de file du moulage medical<\/h2>\n<p>\u00c0 titre de leader parmi les fournisseurs de l\u2019industrie depuis 1998, nous avons accumul\u00e9 une expertise d\u00e9terminante en mati\u00e8re de fabrication pour le secteur m\u00e9dical, avec un nombre impressionnant d\u2019innovations \u00e0 notre actif.<\/p>\n<p><b>Les innovations de PPD<\/b><\/p>\n<p>PPD s\u2019est positionn\u00e9e comme une pionni\u00e8re de l\u2019industrie, avec le moulage par compression\u00a0:<\/p>\n<ul>\n<li>de UHMW dans un implant m\u00e9tallique poreux approuv\u00e9 par la FDA<\/li>\n<li>de PEEK-Optima\u00ae, utilis\u00e9 pour l\u2019usinage d\u2019un dispositif de colonne vert\u00e9brale approuv\u00e9 par la FDA<\/li>\n<li>de e-CIMA\/CIMA en UHMWpe r\u00e9ticul\u00e9 <em>(crosslinked)<\/em> pour un implant Cupule ac\u00e9tabulaire approuv\u00e9 par la FDA<\/li>\n<li>de clous centrom\u00e9dullaires PEEK \u00e0 fils continus en fibre de carbone, approuv\u00e9 par la FDA<\/li>\n<li>et usiner une proth\u00e8se unicompartimentale du genou propre au patient, approuv\u00e9e par la FDA<\/li>\n<\/ul>\n<p><b>\u00c9quipements, processus et mat\u00e9riaux de pointe<\/b><\/p>\n<p>PPD a d\u00e9velopp\u00e9 une technologie exclusive de moulage par compression, obtenant ainsi des mat\u00e9riaux fortement consolid\u00e9s de faible contrainte destin\u00e9s aux processus suivants :<\/p>\n<ul>\n<li>le moulage par compression dans des substrats poreux (titane poreux, tantale poreux, PEEK poreux, billes fritt\u00e9es, etc.)<\/li>\n<li>le moulage de formes standard<\/li>\n<li>le moulage proche des dimensions finales<\/li>\n<li>le surmoulage<\/li>\n<\/ul>\n<p><b>Installations de pointe<\/b><\/p>\n<ul>\n<li>Multiples configurations de production en salle blanche<\/li>\n<li>Mat\u00e9riel d&#8217;essais m\u00e9caniques conforme aux normes ASTM<\/li>\n<\/ul>\n","protected":false},"excerpt":{"rendered":"<p>Chef de file du moulage medical \u00c0 titre de leader parmi les fournisseurs de l\u2019industrie depuis 1998, nous avons accumul\u00e9 une expertise d\u00e9terminante en mati\u00e8re de fabrication pour le secteur m\u00e9dical, avec un nombre impressionnant d\u2019innovations \u00e0 notre actif. Les innovations de PPD PPD s\u2019est positionn\u00e9e comme une pionni\u00e8re de l\u2019industrie, avec le moulage par [&hellip;]<\/p>\n","protected":false},"author":1,"featured_media":0,"parent":151,"menu_order":8,"comment_status":"open","ping_status":"closed","template":"capabilities.php","meta":{"_acf_changed":false,"footnotes":""},"class_list":["post-155","page","type-page","status-publish","hentry"],"acf":[],"yoast_head":"<!-- This site is optimized with the Yoast SEO plugin v27.4 - https:\/\/yoast.com\/product\/yoast-seo-wordpress\/ -->\n<title>Moulage par compression de biomat\u00e9riaux - PPD<\/title>\n<meta name=\"description\" content=\"PPD Meditech est un pionnier dans le moulage par compression de biomat\u00e9riaux. Depuis 1998, nous avons acquis une expertise dans le domaine m\u00e9dical.\" \/>\n<meta name=\"robots\" content=\"index, follow, max-snippet:-1, max-image-preview:large, max-video-preview:-1\" \/>\n<link rel=\"canonical\" href=\"https:\/\/www.ppdgroup.com\/fr\/services-solutions\/moulage-et-usinage-de-qualite-medicale\/moulage-par-compression-de-biomateriaux\/\" \/>\n<meta name=\"twitter:label1\" content=\"Dur\u00e9e de lecture estim\u00e9e\" \/>\n\t<meta name=\"twitter:data1\" content=\"2 minutes\" \/>\n<script type=\"application\/ld+json\" class=\"yoast-schema-graph\">{\"@context\":\"https:\\\/\\\/schema.org\",\"@graph\":[{\"@type\":\"WebPage\",\"@id\":\"https:\\\/\\\/www.ppdgroup.com\\\/fr\\\/services-solutions\\\/moulage-et-usinage-de-qualite-medicale\\\/moulage-par-compression-de-biomateriaux\\\/\",\"url\":\"https:\\\/\\\/www.ppdgroup.com\\\/fr\\\/services-solutions\\\/moulage-et-usinage-de-qualite-medicale\\\/moulage-par-compression-de-biomateriaux\\\/\",\"name\":\"Moulage par compression de biomat\u00e9riaux - PPD\",\"isPartOf\":{\"@id\":\"https:\\\/\\\/www.ppdgroup.com\\\/fr\\\/#website\"},\"datePublished\":\"2013-04-18T19:41:21+00:00\",\"dateModified\":\"2026-03-05T03:54:22+00:00\",\"description\":\"PPD Meditech est un pionnier dans le moulage par compression de biomat\u00e9riaux. Depuis 1998, nous avons acquis une expertise dans le domaine m\u00e9dical.\",\"breadcrumb\":{\"@id\":\"https:\\\/\\\/www.ppdgroup.com\\\/fr\\\/services-solutions\\\/moulage-et-usinage-de-qualite-medicale\\\/moulage-par-compression-de-biomateriaux\\\/#breadcrumb\"},\"inLanguage\":\"fr-FR\",\"potentialAction\":[{\"@type\":\"ReadAction\",\"target\":[\"https:\\\/\\\/www.ppdgroup.com\\\/fr\\\/services-solutions\\\/moulage-et-usinage-de-qualite-medicale\\\/moulage-par-compression-de-biomateriaux\\\/\"]}]},{\"@type\":\"BreadcrumbList\",\"@id\":\"https:\\\/\\\/www.ppdgroup.com\\\/fr\\\/services-solutions\\\/moulage-et-usinage-de-qualite-medicale\\\/moulage-par-compression-de-biomateriaux\\\/#breadcrumb\",\"itemListElement\":[{\"@type\":\"ListItem\",\"position\":1,\"name\":\"Accueil\",\"item\":\"https:\\\/\\\/www.ppdgroup.com\\\/fr\\\/\"},{\"@type\":\"ListItem\",\"position\":2,\"name\":\"Services \\\/ Solutions\",\"item\":\"https:\\\/\\\/www.ppdgroup.com\\\/fr\\\/services-solutions\\\/\"},{\"@type\":\"ListItem\",\"position\":3,\"name\":\"M\u00e9dical Moulage\\\/Usinage\",\"item\":\"https:\\\/\\\/www.ppdgroup.com\\\/fr\\\/services-solutions\\\/moulage-et-usinage-de-qualite-medicale\\\/\"},{\"@type\":\"ListItem\",\"position\":4,\"name\":\"Moulage par compression de biomat\u00e9riaux\"}]},{\"@type\":\"WebSite\",\"@id\":\"https:\\\/\\\/www.ppdgroup.com\\\/fr\\\/#website\",\"url\":\"https:\\\/\\\/www.ppdgroup.com\\\/fr\\\/\",\"name\":\"PPD\",\"description\":\"\",\"potentialAction\":[{\"@type\":\"SearchAction\",\"target\":{\"@type\":\"EntryPoint\",\"urlTemplate\":\"https:\\\/\\\/www.ppdgroup.com\\\/fr\\\/?s={search_term_string}\"},\"query-input\":{\"@type\":\"PropertyValueSpecification\",\"valueRequired\":true,\"valueName\":\"search_term_string\"}}],\"inLanguage\":\"fr-FR\"}]}<\/script>\n<!-- \/ Yoast SEO plugin. -->","yoast_head_json":{"title":"Moulage par compression de biomat\u00e9riaux - PPD","description":"PPD Meditech est un pionnier dans le moulage par compression de biomat\u00e9riaux. Depuis 1998, nous avons acquis une expertise dans le domaine m\u00e9dical.","robots":{"index":"index","follow":"follow","max-snippet":"max-snippet:-1","max-image-preview":"max-image-preview:large","max-video-preview":"max-video-preview:-1"},"canonical":"https:\/\/www.ppdgroup.com\/fr\/services-solutions\/moulage-et-usinage-de-qualite-medicale\/moulage-par-compression-de-biomateriaux\/","twitter_misc":{"Dur\u00e9e de lecture estim\u00e9e":"2 minutes"},"schema":{"@context":"https:\/\/schema.org","@graph":[{"@type":"WebPage","@id":"https:\/\/www.ppdgroup.com\/fr\/services-solutions\/moulage-et-usinage-de-qualite-medicale\/moulage-par-compression-de-biomateriaux\/","url":"https:\/\/www.ppdgroup.com\/fr\/services-solutions\/moulage-et-usinage-de-qualite-medicale\/moulage-par-compression-de-biomateriaux\/","name":"Moulage par compression de biomat\u00e9riaux - PPD","isPartOf":{"@id":"https:\/\/www.ppdgroup.com\/fr\/#website"},"datePublished":"2013-04-18T19:41:21+00:00","dateModified":"2026-03-05T03:54:22+00:00","description":"PPD Meditech est un pionnier dans le moulage par compression de biomat\u00e9riaux. Depuis 1998, nous avons acquis une expertise dans le domaine m\u00e9dical.","breadcrumb":{"@id":"https:\/\/www.ppdgroup.com\/fr\/services-solutions\/moulage-et-usinage-de-qualite-medicale\/moulage-par-compression-de-biomateriaux\/#breadcrumb"},"inLanguage":"fr-FR","potentialAction":[{"@type":"ReadAction","target":["https:\/\/www.ppdgroup.com\/fr\/services-solutions\/moulage-et-usinage-de-qualite-medicale\/moulage-par-compression-de-biomateriaux\/"]}]},{"@type":"BreadcrumbList","@id":"https:\/\/www.ppdgroup.com\/fr\/services-solutions\/moulage-et-usinage-de-qualite-medicale\/moulage-par-compression-de-biomateriaux\/#breadcrumb","itemListElement":[{"@type":"ListItem","position":1,"name":"Accueil","item":"https:\/\/www.ppdgroup.com\/fr\/"},{"@type":"ListItem","position":2,"name":"Services \/ Solutions","item":"https:\/\/www.ppdgroup.com\/fr\/services-solutions\/"},{"@type":"ListItem","position":3,"name":"M\u00e9dical Moulage\/Usinage","item":"https:\/\/www.ppdgroup.com\/fr\/services-solutions\/moulage-et-usinage-de-qualite-medicale\/"},{"@type":"ListItem","position":4,"name":"Moulage par compression de biomat\u00e9riaux"}]},{"@type":"WebSite","@id":"https:\/\/www.ppdgroup.com\/fr\/#website","url":"https:\/\/www.ppdgroup.com\/fr\/","name":"PPD","description":"","potentialAction":[{"@type":"SearchAction","target":{"@type":"EntryPoint","urlTemplate":"https:\/\/www.ppdgroup.com\/fr\/?s={search_term_string}"},"query-input":{"@type":"PropertyValueSpecification","valueRequired":true,"valueName":"search_term_string"}}],"inLanguage":"fr-FR"}]}},"_links":{"self":[{"href":"https:\/\/www.ppdgroup.com\/fr\/wp-json\/wp\/v2\/pages\/155","targetHints":{"allow":["GET"]}}],"collection":[{"href":"https:\/\/www.ppdgroup.com\/fr\/wp-json\/wp\/v2\/pages"}],"about":[{"href":"https:\/\/www.ppdgroup.com\/fr\/wp-json\/wp\/v2\/types\/page"}],"author":[{"embeddable":true,"href":"https:\/\/www.ppdgroup.com\/fr\/wp-json\/wp\/v2\/users\/1"}],"replies":[{"embeddable":true,"href":"https:\/\/www.ppdgroup.com\/fr\/wp-json\/wp\/v2\/comments?post=155"}],"version-history":[{"count":15,"href":"https:\/\/www.ppdgroup.com\/fr\/wp-json\/wp\/v2\/pages\/155\/revisions"}],"predecessor-version":[{"id":17414,"href":"https:\/\/www.ppdgroup.com\/fr\/wp-json\/wp\/v2\/pages\/155\/revisions\/17414"}],"up":[{"embeddable":true,"href":"https:\/\/www.ppdgroup.com\/fr\/wp-json\/wp\/v2\/pages\/151"}],"wp:attachment":[{"href":"https:\/\/www.ppdgroup.com\/fr\/wp-json\/wp\/v2\/media?parent=155"}],"curies":[{"name":"wp","href":"https:\/\/api.w.org\/{rel}","templated":true}]}}