{"id":153,"date":"2013-04-18T20:41:01","date_gmt":"2013-04-18T19:41:01","guid":{"rendered":"http:\/\/www.ppdgroup.com\/?page_id=153"},"modified":"2026-03-05T17:02:59","modified_gmt":"2026-03-05T16:02:59","slug":"solutions-medicales","status":"publish","type":"page","link":"https:\/\/www.ppdgroup.com\/fr\/services-solutions\/moulage-et-usinage-de-qualite-medicale\/solutions-medicales\/","title":{"rendered":"Solutions m\u00e9dicales"},"content":{"rendered":"<h2>Moulage par compression et usinage de pr\u00e9cision pour le secteur m\u00e9dical<\/h2>\n<p>La division m\u00e9dicale de PPD se sp\u00e9cialise dans le moulage par compression et l&#8217;usinage de pr\u00e9cision de plastiques pour implants orthop\u00e9diques, \u00e0 l\u2019usage du secteur m\u00e9dical.<\/p>\n<p>Notre engagement : vous soutenir avec ce qu\u2019il se fait de mieux en termes d&#8217;expertise, de mat\u00e9riel, de proc\u00e9d\u00e9s et de syst\u00e8mes pour produire \u2013 \u00e0 moindre co\u00fbt et dans le respect des d\u00e9lais \u2013 des pi\u00e8ces m\u00e9dicales qui r\u00e9pondent aux exigences les plus s\u00e9v\u00e8res de l&#8217;industrie.<\/p>\n<p>Du prototype \u00e0 la production, nous couvrons l\u2019ensemble du processus avec une expertise unique sur la <a title=\"Moulage par compression de biomat\u00e9riaux\" href=\"http:\/\/www.ppdgroup.com\/services-solutions\/moulage-et-usinage-de-qualite-medicale\/moulage-par-compression-de-biomateriaux\/\"><span style=\"text-decoration: underline;\">compression de moulage<\/span><\/a> et d&#8217;<a title=\"Usinage de pr\u00e9cision de biomat\u00e9riaux\" href=\"http:\/\/www.ppdgroup.com\/services-solutions\/moulage-et-usinage-de-qualite-medicale\/usinage-de-precision-de-biomateriaux\/\"><span style=\"text-decoration: underline;\">usinage<\/span><\/a>. Pour cela, nous offrons :<\/p>\n<ul>\n<li>des installations de pointe 100 % d\u00e9di\u00e9es \u00e0 l&#8217;usinage \u00e0 sec de polym\u00e8res de qualit\u00e9 m\u00e9dicale<\/li>\n<li>le prototypage et mise en production<\/li>\n<li>une capacit\u00e9 \u00e9lev\u00e9e de production sur mesure propre aux patients<\/li>\n<li>la conception et le d\u00e9veloppement d&#8217;outillage \u00e0 l\u2019interne<\/li>\n<\/ul>\n<p><b>Leader de l&#8217;innovation<\/b><\/p>\n<p>Chez PPD, l&#8217;innovation est rien de moins qu\u2019un mode de vie : nous avons r\u00e9ussi plusieurs perc\u00e9es dans le domaine des plastiques biocompatibles. Nous sommes continuellement \u00e0 la recherche de nouvelles fa\u00e7ons de r\u00e9pondre aux besoins, en constante \u00e9volution, de nos clients.<\/p>\n","protected":false},"excerpt":{"rendered":"<p>Moulage par compression et usinage de pr\u00e9cision pour le secteur m\u00e9dical La division m\u00e9dicale de PPD se sp\u00e9cialise dans le moulage par compression et l&#8217;usinage de pr\u00e9cision de plastiques pour implants orthop\u00e9diques, \u00e0 l\u2019usage du secteur m\u00e9dical. Notre engagement : vous soutenir avec ce qu\u2019il se fait de mieux en termes d&#8217;expertise, de mat\u00e9riel, de [&hellip;]<\/p>\n","protected":false},"author":1,"featured_media":0,"parent":151,"menu_order":7,"comment_status":"open","ping_status":"closed","template":"capabilities.php","meta":{"_acf_changed":false,"footnotes":""},"class_list":["post-153","page","type-page","status-publish","hentry"],"acf":[],"yoast_head":"<!-- This site is optimized with the Yoast SEO plugin v27.4 - https:\/\/yoast.com\/product\/yoast-seo-wordpress\/ -->\n<title>Solutions m\u00e9dicales - PPD<\/title>\n<meta name=\"description\" content=\"La division m\u00e9dicale de PPD se sp\u00e9cialise dans le moulage par compression et l&#039;usinage de pr\u00e9cision pour implants orthop\u00e9diques pour le secteur m\u00e9dical.\" \/>\n<meta name=\"robots\" content=\"index, follow, max-snippet:-1, max-image-preview:large, max-video-preview:-1\" \/>\n<link rel=\"canonical\" href=\"https:\/\/www.ppdgroup.com\/fr\/services-solutions\/moulage-et-usinage-de-qualite-medicale\/solutions-medicales\/\" \/>\n<meta name=\"twitter:label1\" content=\"Dur\u00e9e de lecture estim\u00e9e\" \/>\n\t<meta name=\"twitter:data1\" content=\"1 minute\" \/>\n<script type=\"application\/ld+json\" class=\"yoast-schema-graph\">{\"@context\":\"https:\\\/\\\/schema.org\",\"@graph\":[{\"@type\":\"WebPage\",\"@id\":\"https:\\\/\\\/www.ppdgroup.com\\\/fr\\\/services-solutions\\\/moulage-et-usinage-de-qualite-medicale\\\/solutions-medicales\\\/\",\"url\":\"https:\\\/\\\/www.ppdgroup.com\\\/fr\\\/services-solutions\\\/moulage-et-usinage-de-qualite-medicale\\\/solutions-medicales\\\/\",\"name\":\"Solutions m\u00e9dicales - PPD\",\"isPartOf\":{\"@id\":\"https:\\\/\\\/www.ppdgroup.com\\\/fr\\\/#website\"},\"datePublished\":\"2013-04-18T19:41:01+00:00\",\"dateModified\":\"2026-03-05T16:02:59+00:00\",\"description\":\"La division m\u00e9dicale de PPD se sp\u00e9cialise dans le moulage par compression et l'usinage de pr\u00e9cision pour implants orthop\u00e9diques pour le secteur m\u00e9dical.\",\"breadcrumb\":{\"@id\":\"https:\\\/\\\/www.ppdgroup.com\\\/fr\\\/services-solutions\\\/moulage-et-usinage-de-qualite-medicale\\\/solutions-medicales\\\/#breadcrumb\"},\"inLanguage\":\"fr-FR\",\"potentialAction\":[{\"@type\":\"ReadAction\",\"target\":[\"https:\\\/\\\/www.ppdgroup.com\\\/fr\\\/services-solutions\\\/moulage-et-usinage-de-qualite-medicale\\\/solutions-medicales\\\/\"]}]},{\"@type\":\"BreadcrumbList\",\"@id\":\"https:\\\/\\\/www.ppdgroup.com\\\/fr\\\/services-solutions\\\/moulage-et-usinage-de-qualite-medicale\\\/solutions-medicales\\\/#breadcrumb\",\"itemListElement\":[{\"@type\":\"ListItem\",\"position\":1,\"name\":\"Accueil\",\"item\":\"https:\\\/\\\/www.ppdgroup.com\\\/fr\\\/\"},{\"@type\":\"ListItem\",\"position\":2,\"name\":\"Services \\\/ Solutions\",\"item\":\"https:\\\/\\\/www.ppdgroup.com\\\/fr\\\/services-solutions\\\/\"},{\"@type\":\"ListItem\",\"position\":3,\"name\":\"M\u00e9dical Moulage\\\/Usinage\",\"item\":\"https:\\\/\\\/www.ppdgroup.com\\\/fr\\\/services-solutions\\\/moulage-et-usinage-de-qualite-medicale\\\/\"},{\"@type\":\"ListItem\",\"position\":4,\"name\":\"Solutions m\u00e9dicales\"}]},{\"@type\":\"WebSite\",\"@id\":\"https:\\\/\\\/www.ppdgroup.com\\\/fr\\\/#website\",\"url\":\"https:\\\/\\\/www.ppdgroup.com\\\/fr\\\/\",\"name\":\"PPD\",\"description\":\"\",\"potentialAction\":[{\"@type\":\"SearchAction\",\"target\":{\"@type\":\"EntryPoint\",\"urlTemplate\":\"https:\\\/\\\/www.ppdgroup.com\\\/fr\\\/?s={search_term_string}\"},\"query-input\":{\"@type\":\"PropertyValueSpecification\",\"valueRequired\":true,\"valueName\":\"search_term_string\"}}],\"inLanguage\":\"fr-FR\"}]}<\/script>\n<!-- \/ Yoast SEO plugin. -->","yoast_head_json":{"title":"Solutions m\u00e9dicales - PPD","description":"La division m\u00e9dicale de PPD se sp\u00e9cialise dans le moulage par compression et l'usinage de pr\u00e9cision pour implants orthop\u00e9diques pour le secteur m\u00e9dical.","robots":{"index":"index","follow":"follow","max-snippet":"max-snippet:-1","max-image-preview":"max-image-preview:large","max-video-preview":"max-video-preview:-1"},"canonical":"https:\/\/www.ppdgroup.com\/fr\/services-solutions\/moulage-et-usinage-de-qualite-medicale\/solutions-medicales\/","twitter_misc":{"Dur\u00e9e de lecture estim\u00e9e":"1 minute"},"schema":{"@context":"https:\/\/schema.org","@graph":[{"@type":"WebPage","@id":"https:\/\/www.ppdgroup.com\/fr\/services-solutions\/moulage-et-usinage-de-qualite-medicale\/solutions-medicales\/","url":"https:\/\/www.ppdgroup.com\/fr\/services-solutions\/moulage-et-usinage-de-qualite-medicale\/solutions-medicales\/","name":"Solutions m\u00e9dicales - PPD","isPartOf":{"@id":"https:\/\/www.ppdgroup.com\/fr\/#website"},"datePublished":"2013-04-18T19:41:01+00:00","dateModified":"2026-03-05T16:02:59+00:00","description":"La division m\u00e9dicale de PPD se sp\u00e9cialise dans le moulage par compression et l'usinage de pr\u00e9cision pour implants orthop\u00e9diques pour le secteur m\u00e9dical.","breadcrumb":{"@id":"https:\/\/www.ppdgroup.com\/fr\/services-solutions\/moulage-et-usinage-de-qualite-medicale\/solutions-medicales\/#breadcrumb"},"inLanguage":"fr-FR","potentialAction":[{"@type":"ReadAction","target":["https:\/\/www.ppdgroup.com\/fr\/services-solutions\/moulage-et-usinage-de-qualite-medicale\/solutions-medicales\/"]}]},{"@type":"BreadcrumbList","@id":"https:\/\/www.ppdgroup.com\/fr\/services-solutions\/moulage-et-usinage-de-qualite-medicale\/solutions-medicales\/#breadcrumb","itemListElement":[{"@type":"ListItem","position":1,"name":"Accueil","item":"https:\/\/www.ppdgroup.com\/fr\/"},{"@type":"ListItem","position":2,"name":"Services \/ Solutions","item":"https:\/\/www.ppdgroup.com\/fr\/services-solutions\/"},{"@type":"ListItem","position":3,"name":"M\u00e9dical Moulage\/Usinage","item":"https:\/\/www.ppdgroup.com\/fr\/services-solutions\/moulage-et-usinage-de-qualite-medicale\/"},{"@type":"ListItem","position":4,"name":"Solutions m\u00e9dicales"}]},{"@type":"WebSite","@id":"https:\/\/www.ppdgroup.com\/fr\/#website","url":"https:\/\/www.ppdgroup.com\/fr\/","name":"PPD","description":"","potentialAction":[{"@type":"SearchAction","target":{"@type":"EntryPoint","urlTemplate":"https:\/\/www.ppdgroup.com\/fr\/?s={search_term_string}"},"query-input":{"@type":"PropertyValueSpecification","valueRequired":true,"valueName":"search_term_string"}}],"inLanguage":"fr-FR"}]}},"_links":{"self":[{"href":"https:\/\/www.ppdgroup.com\/fr\/wp-json\/wp\/v2\/pages\/153","targetHints":{"allow":["GET"]}}],"collection":[{"href":"https:\/\/www.ppdgroup.com\/fr\/wp-json\/wp\/v2\/pages"}],"about":[{"href":"https:\/\/www.ppdgroup.com\/fr\/wp-json\/wp\/v2\/types\/page"}],"author":[{"embeddable":true,"href":"https:\/\/www.ppdgroup.com\/fr\/wp-json\/wp\/v2\/users\/1"}],"replies":[{"embeddable":true,"href":"https:\/\/www.ppdgroup.com\/fr\/wp-json\/wp\/v2\/comments?post=153"}],"version-history":[{"count":15,"href":"https:\/\/www.ppdgroup.com\/fr\/wp-json\/wp\/v2\/pages\/153\/revisions"}],"predecessor-version":[{"id":17420,"href":"https:\/\/www.ppdgroup.com\/fr\/wp-json\/wp\/v2\/pages\/153\/revisions\/17420"}],"up":[{"embeddable":true,"href":"https:\/\/www.ppdgroup.com\/fr\/wp-json\/wp\/v2\/pages\/151"}],"wp:attachment":[{"href":"https:\/\/www.ppdgroup.com\/fr\/wp-json\/wp\/v2\/media?parent=153"}],"curies":[{"name":"wp","href":"https:\/\/api.w.org\/{rel}","templated":true}]}}