{"id":148,"date":"2013-04-18T20:39:07","date_gmt":"2013-04-18T19:39:07","guid":{"rendered":"http:\/\/www.ppdgroup.com\/?page_id=148"},"modified":"2018-06-19T21:42:29","modified_gmt":"2018-06-19T20:42:29","slug":"moulage-par-injection","status":"publish","type":"page","link":"https:\/\/www.ppdgroup.com\/fr\/services-solutions\/moulage-par-injection\/","title":{"rendered":"Moulage par injection"},"content":{"rendered":"<h2>L\u2019injection thermoplastique \u2013 tout un monde de possibilit\u00e9s !<\/h2>\n<p>PPD est un fournisseur comp\u00e9titif et fiable de service d\u2019injection thermoplastique. Nous moulons des pi\u00e8ces qui correspondent parfaitement \u00e0 vos exigences techniques, que ce soit au point de vue m\u00e9canique, esth\u00e9tique, couleur, assemblage, forme et fonction.<\/p>\n<p><b>Notre expertise<br \/>\n<\/b><\/p>\n<ul>\n<li>Moulage par injection de pi\u00e8ces en plastique de toutes tailles<\/li>\n<li>Fabrication de moules d&#8217;injection haute performance de toutes dimensions<\/li>\n<li>\u00c0 la fois mouleur et mouliste, notre\u00a0savoir-faire nous permet de maximiser le rendement de vos moules existants.<\/li>\n<li>Op\u00e9rations secondaires : assemblage et sous-assemblage, \u00e9tiquetage et\u00a0emballages sp\u00e9ciaux<\/li>\n<\/ul>\n<p><b>Des ressources de pointe<\/b><\/p>\n<p>Notre \u00e9quipe d\u2019outilleurs et de sp\u00e9cialistes de proc\u00e9d\u00e9s est \u00e0 votre disposition afin de vous assister dans\u00a0la conception et le d\u00e9veloppement de\u00a0vos produits en optimisant les caract\u00e9ristiques de vos pi\u00e8ces.<\/p>\n<p>Nous\u00a0pouvons vous guider dans vos projets par :<\/p>\n<ul>\n<li>Assistance \u00e0 la conception<\/li>\n<li>Recherche et recommandations sur les r\u00e9sines plastiques les mieux indiqu\u00e9es<\/li>\n<li>Notre connaissance approfondie des besoins des march\u00e9s domestiques et internationaux<\/li>\n<\/ul>\n<p>En tant qu\u2019entreprise int\u00e9gr\u00e9e, nous travaillons conjointement avec notre usine de moules. Nous pouvons donc concevoir, fabriquer et tester des moules d&#8217;injection selon vos sp\u00e9cifications et proc\u00e9der \u00e0 la production en s\u00e9rie de pi\u00e8ces ou de produits tout entiers.<\/p>\n","protected":false},"excerpt":{"rendered":"<p>L\u2019injection thermoplastique \u2013 tout un monde de possibilit\u00e9s ! PPD est un fournisseur comp\u00e9titif et fiable de service d\u2019injection thermoplastique. Nous moulons des pi\u00e8ces qui correspondent parfaitement \u00e0 vos exigences techniques, que ce soit au point de vue m\u00e9canique, esth\u00e9tique, couleur, assemblage, forme et fonction. Notre expertise Moulage par injection de pi\u00e8ces en plastique de [&hellip;]<\/p>\n","protected":false},"author":1,"featured_media":0,"parent":132,"menu_order":5,"comment_status":"open","ping_status":"closed","template":"capabilities.php","meta":{"_acf_changed":false,"footnotes":""},"class_list":["post-148","page","type-page","status-publish","hentry"],"acf":[],"yoast_head":"<!-- This site is optimized with the Yoast SEO plugin v27.4 - https:\/\/yoast.com\/product\/yoast-seo-wordpress\/ -->\n<title>Moulage par injection - PPD<\/title>\n<meta name=\"description\" content=\"PPD est un fournisseur comp\u00e9titif et fiable de moulage par injection thermoplastique. Nous moulons des pi\u00e8ces qui correspondent parfaitement \u00e0 vos exigences\" \/>\n<meta name=\"robots\" content=\"index, follow, max-snippet:-1, max-image-preview:large, max-video-preview:-1\" \/>\n<link rel=\"canonical\" href=\"https:\/\/www.ppdgroup.com\/fr\/services-solutions\/moulage-par-injection\/\" \/>\n<meta name=\"twitter:label1\" content=\"Dur\u00e9e de lecture estim\u00e9e\" \/>\n\t<meta name=\"twitter:data1\" content=\"1 minute\" \/>\n<script type=\"application\/ld+json\" class=\"yoast-schema-graph\">{\"@context\":\"https:\\\/\\\/schema.org\",\"@graph\":[{\"@type\":\"WebPage\",\"@id\":\"https:\\\/\\\/www.ppdgroup.com\\\/fr\\\/services-solutions\\\/moulage-par-injection\\\/\",\"url\":\"https:\\\/\\\/www.ppdgroup.com\\\/fr\\\/services-solutions\\\/moulage-par-injection\\\/\",\"name\":\"Moulage par injection - PPD\",\"isPartOf\":{\"@id\":\"https:\\\/\\\/www.ppdgroup.com\\\/fr\\\/#website\"},\"datePublished\":\"2013-04-18T19:39:07+00:00\",\"dateModified\":\"2018-06-19T20:42:29+00:00\",\"description\":\"PPD est un fournisseur comp\u00e9titif et fiable de moulage par injection thermoplastique. Nous moulons des pi\u00e8ces qui correspondent parfaitement \u00e0 vos exigences\",\"breadcrumb\":{\"@id\":\"https:\\\/\\\/www.ppdgroup.com\\\/fr\\\/services-solutions\\\/moulage-par-injection\\\/#breadcrumb\"},\"inLanguage\":\"fr-FR\",\"potentialAction\":[{\"@type\":\"ReadAction\",\"target\":[\"https:\\\/\\\/www.ppdgroup.com\\\/fr\\\/services-solutions\\\/moulage-par-injection\\\/\"]}]},{\"@type\":\"BreadcrumbList\",\"@id\":\"https:\\\/\\\/www.ppdgroup.com\\\/fr\\\/services-solutions\\\/moulage-par-injection\\\/#breadcrumb\",\"itemListElement\":[{\"@type\":\"ListItem\",\"position\":1,\"name\":\"Accueil\",\"item\":\"https:\\\/\\\/www.ppdgroup.com\\\/fr\\\/\"},{\"@type\":\"ListItem\",\"position\":2,\"name\":\"Services \\\/ Solutions\",\"item\":\"https:\\\/\\\/www.ppdgroup.com\\\/fr\\\/services-solutions\\\/\"},{\"@type\":\"ListItem\",\"position\":3,\"name\":\"Moulage par injection\"}]},{\"@type\":\"WebSite\",\"@id\":\"https:\\\/\\\/www.ppdgroup.com\\\/fr\\\/#website\",\"url\":\"https:\\\/\\\/www.ppdgroup.com\\\/fr\\\/\",\"name\":\"PPD\",\"description\":\"\",\"potentialAction\":[{\"@type\":\"SearchAction\",\"target\":{\"@type\":\"EntryPoint\",\"urlTemplate\":\"https:\\\/\\\/www.ppdgroup.com\\\/fr\\\/?s={search_term_string}\"},\"query-input\":{\"@type\":\"PropertyValueSpecification\",\"valueRequired\":true,\"valueName\":\"search_term_string\"}}],\"inLanguage\":\"fr-FR\"}]}<\/script>\n<!-- \/ Yoast SEO plugin. -->","yoast_head_json":{"title":"Moulage par injection - PPD","description":"PPD est un fournisseur comp\u00e9titif et fiable de moulage par injection thermoplastique. Nous moulons des pi\u00e8ces qui correspondent parfaitement \u00e0 vos exigences","robots":{"index":"index","follow":"follow","max-snippet":"max-snippet:-1","max-image-preview":"max-image-preview:large","max-video-preview":"max-video-preview:-1"},"canonical":"https:\/\/www.ppdgroup.com\/fr\/services-solutions\/moulage-par-injection\/","twitter_misc":{"Dur\u00e9e de lecture estim\u00e9e":"1 minute"},"schema":{"@context":"https:\/\/schema.org","@graph":[{"@type":"WebPage","@id":"https:\/\/www.ppdgroup.com\/fr\/services-solutions\/moulage-par-injection\/","url":"https:\/\/www.ppdgroup.com\/fr\/services-solutions\/moulage-par-injection\/","name":"Moulage par injection - PPD","isPartOf":{"@id":"https:\/\/www.ppdgroup.com\/fr\/#website"},"datePublished":"2013-04-18T19:39:07+00:00","dateModified":"2018-06-19T20:42:29+00:00","description":"PPD est un fournisseur comp\u00e9titif et fiable de moulage par injection thermoplastique. Nous moulons des pi\u00e8ces qui correspondent parfaitement \u00e0 vos exigences","breadcrumb":{"@id":"https:\/\/www.ppdgroup.com\/fr\/services-solutions\/moulage-par-injection\/#breadcrumb"},"inLanguage":"fr-FR","potentialAction":[{"@type":"ReadAction","target":["https:\/\/www.ppdgroup.com\/fr\/services-solutions\/moulage-par-injection\/"]}]},{"@type":"BreadcrumbList","@id":"https:\/\/www.ppdgroup.com\/fr\/services-solutions\/moulage-par-injection\/#breadcrumb","itemListElement":[{"@type":"ListItem","position":1,"name":"Accueil","item":"https:\/\/www.ppdgroup.com\/fr\/"},{"@type":"ListItem","position":2,"name":"Services \/ Solutions","item":"https:\/\/www.ppdgroup.com\/fr\/services-solutions\/"},{"@type":"ListItem","position":3,"name":"Moulage par injection"}]},{"@type":"WebSite","@id":"https:\/\/www.ppdgroup.com\/fr\/#website","url":"https:\/\/www.ppdgroup.com\/fr\/","name":"PPD","description":"","potentialAction":[{"@type":"SearchAction","target":{"@type":"EntryPoint","urlTemplate":"https:\/\/www.ppdgroup.com\/fr\/?s={search_term_string}"},"query-input":{"@type":"PropertyValueSpecification","valueRequired":true,"valueName":"search_term_string"}}],"inLanguage":"fr-FR"}]}},"_links":{"self":[{"href":"https:\/\/www.ppdgroup.com\/fr\/wp-json\/wp\/v2\/pages\/148","targetHints":{"allow":["GET"]}}],"collection":[{"href":"https:\/\/www.ppdgroup.com\/fr\/wp-json\/wp\/v2\/pages"}],"about":[{"href":"https:\/\/www.ppdgroup.com\/fr\/wp-json\/wp\/v2\/types\/page"}],"author":[{"embeddable":true,"href":"https:\/\/www.ppdgroup.com\/fr\/wp-json\/wp\/v2\/users\/1"}],"replies":[{"embeddable":true,"href":"https:\/\/www.ppdgroup.com\/fr\/wp-json\/wp\/v2\/comments?post=148"}],"version-history":[{"count":15,"href":"https:\/\/www.ppdgroup.com\/fr\/wp-json\/wp\/v2\/pages\/148\/revisions"}],"predecessor-version":[{"id":6398,"href":"https:\/\/www.ppdgroup.com\/fr\/wp-json\/wp\/v2\/pages\/148\/revisions\/6398"}],"up":[{"embeddable":true,"href":"https:\/\/www.ppdgroup.com\/fr\/wp-json\/wp\/v2\/pages\/132"}],"wp:attachment":[{"href":"https:\/\/www.ppdgroup.com\/fr\/wp-json\/wp\/v2\/media?parent=148"}],"curies":[{"name":"wp","href":"https:\/\/api.w.org\/{rel}","templated":true}]}}