{"id":145,"date":"2013-04-18T20:38:19","date_gmt":"2013-04-18T19:38:19","guid":{"rendered":"http:\/\/www.ppdgroup.com\/?page_id=145"},"modified":"2018-06-19T14:38:11","modified_gmt":"2018-06-19T13:38:11","slug":"moulage-par-compression-uhmw","status":"publish","type":"page","link":"https:\/\/www.ppdgroup.com\/fr\/services-solutions\/moulage-par-compression-uhmw\/","title":{"rendered":"UHMW Moulage\/Compression"},"content":{"rendered":"<h2>Des produits UHMW moul\u00e9s sur mesure!<\/h2>\n<p>Fabriqu\u00e9es avec les meilleurs polym\u00e8res UHMW disponibles, PPD produit des pi\u00e8ces sur mesure de haute qualit\u00e9 moul\u00e9es par compression et par extrusion. Pionniers du processus de moulage par compression directe (<i>Direct Compression Molding<\/i> \u2013 DCM), nous sommes reconnus comme un fournisseur de choix, renomm\u00e9s pour une qualit\u00e9 et un service de classe mondiale.<br \/>\n<a class=\"fancybox\" href=\"http:\/\/www.ppdgroup.com\/wp-content\/uploads\/2013\/07\/uhmw-extrusion.jpg\"><img loading=\"lazy\" decoding=\"async\" class=\" wp-image-2480 alignnone\" src=\"http:\/\/www.ppdgroup.com\/wp-content\/uploads\/2013\/07\/uhmw-extrusion-250x300.jpg\" alt=\"setp-24-67086\" width=\"194\" height=\"233\" srcset=\"https:\/\/www.ppdgroup.com\/wp-content\/uploads\/2013\/07\/uhmw-extrusion-250x300.jpg 250w, https:\/\/www.ppdgroup.com\/wp-content\/uploads\/2013\/07\/uhmw-extrusion.jpg 800w\" sizes=\"auto, (max-width: 194px) 100vw, 194px\" \/><\/a>\u00a0 \u00a0 \u00a0 \u00a0 \u00a0 \u00a0 \u00a0 \u00a0 \u00a0 \u00a0 \u00a0 \u00a0 \u00a0 \u00a0 \u00a0\u00a0<img loading=\"lazy\" decoding=\"async\" class=\"size-full wp-image-1311 alignnone\" src=\"http:\/\/www.ppdgroup.com\/wp-content\/uploads\/2013\/04\/sept-24-67086.jpg\" alt=\"sept-24-67086\" width=\"300\" height=\"200\" \/><\/p>\n<p>Dot\u00e9s d\u2019une masse mol\u00e9culaire minimum de 5\u00a0millions, nos polym\u00e8res d\u2019ing\u00e9nierie UHMW offrent une r\u00e9sistance accrue \u00e0 l&#8217;usure et \u00e0 l&#8217;abrasion. De plus, nous les moulons sur mesure pour r\u00e9pondre \u00e0 vos sp\u00e9cifications et propri\u00e9t\u00e9s techniques.<\/p>\n<p>Qu\u2019il s\u2019agisse de respecter les normes du secteur de l\u2019alimentation ou d\u2019une industrie lourde, nos experts vous aident toujours \u00e0 trouver la solution la plus efficace pour votre application.<\/p>\n","protected":false},"excerpt":{"rendered":"<p>Des produits UHMW moul\u00e9s sur mesure! Fabriqu\u00e9es avec les meilleurs polym\u00e8res UHMW disponibles, PPD produit des pi\u00e8ces sur mesure de haute qualit\u00e9 moul\u00e9es par compression et par extrusion. Pionniers du processus de moulage par compression directe (Direct Compression Molding \u2013 DCM), nous sommes reconnus comme un fournisseur de choix, renomm\u00e9s pour une qualit\u00e9 et un [&hellip;]<\/p>\n","protected":false},"author":1,"featured_media":0,"parent":132,"menu_order":4,"comment_status":"open","ping_status":"closed","template":"capabilities.php","meta":{"_acf_changed":false,"footnotes":""},"class_list":["post-145","page","type-page","status-publish","hentry"],"acf":[],"yoast_head":"<!-- This site is optimized with the Yoast SEO plugin v27.4 - https:\/\/yoast.com\/product\/yoast-seo-wordpress\/ -->\n<title>UHMW Moulage\/Compression - PPD<\/title>\n<meta name=\"description\" content=\"Nos polym\u00e8res d\u2019ing\u00e9nierie UHMW offrent une r\u00e9sistance accrue \u00e0 l&#039;usure et \u00e0 l&#039;abrasion. Nous les moulons sur mesure pour r\u00e9pondre \u00e0 vos sp\u00e9cifications.\" \/>\n<meta name=\"robots\" content=\"index, follow, max-snippet:-1, max-image-preview:large, max-video-preview:-1\" \/>\n<link rel=\"canonical\" href=\"https:\/\/www.ppdgroup.com\/fr\/services-solutions\/moulage-par-compression-uhmw\/\" \/>\n<meta name=\"twitter:label1\" content=\"Dur\u00e9e de lecture estim\u00e9e\" \/>\n\t<meta name=\"twitter:data1\" content=\"1 minute\" \/>\n<script type=\"application\/ld+json\" class=\"yoast-schema-graph\">{\"@context\":\"https:\\\/\\\/schema.org\",\"@graph\":[{\"@type\":\"WebPage\",\"@id\":\"https:\\\/\\\/www.ppdgroup.com\\\/fr\\\/services-solutions\\\/moulage-par-compression-uhmw\\\/\",\"url\":\"https:\\\/\\\/www.ppdgroup.com\\\/fr\\\/services-solutions\\\/moulage-par-compression-uhmw\\\/\",\"name\":\"UHMW Moulage\\\/Compression - PPD\",\"isPartOf\":{\"@id\":\"https:\\\/\\\/www.ppdgroup.com\\\/fr\\\/#website\"},\"primaryImageOfPage\":{\"@id\":\"https:\\\/\\\/www.ppdgroup.com\\\/fr\\\/services-solutions\\\/moulage-par-compression-uhmw\\\/#primaryimage\"},\"image\":{\"@id\":\"https:\\\/\\\/www.ppdgroup.com\\\/fr\\\/services-solutions\\\/moulage-par-compression-uhmw\\\/#primaryimage\"},\"thumbnailUrl\":\"http:\\\/\\\/www.ppdgroup.com\\\/wp-content\\\/uploads\\\/2013\\\/07\\\/uhmw-extrusion-250x300.jpg\",\"datePublished\":\"2013-04-18T19:38:19+00:00\",\"dateModified\":\"2018-06-19T13:38:11+00:00\",\"description\":\"Nos polym\u00e8res d\u2019ing\u00e9nierie UHMW offrent une r\u00e9sistance accrue \u00e0 l'usure et \u00e0 l'abrasion. Nous les moulons sur mesure pour r\u00e9pondre \u00e0 vos sp\u00e9cifications.\",\"breadcrumb\":{\"@id\":\"https:\\\/\\\/www.ppdgroup.com\\\/fr\\\/services-solutions\\\/moulage-par-compression-uhmw\\\/#breadcrumb\"},\"inLanguage\":\"fr-FR\",\"potentialAction\":[{\"@type\":\"ReadAction\",\"target\":[\"https:\\\/\\\/www.ppdgroup.com\\\/fr\\\/services-solutions\\\/moulage-par-compression-uhmw\\\/\"]}]},{\"@type\":\"ImageObject\",\"inLanguage\":\"fr-FR\",\"@id\":\"https:\\\/\\\/www.ppdgroup.com\\\/fr\\\/services-solutions\\\/moulage-par-compression-uhmw\\\/#primaryimage\",\"url\":\"http:\\\/\\\/www.ppdgroup.com\\\/wp-content\\\/uploads\\\/2013\\\/07\\\/uhmw-extrusion-250x300.jpg\",\"contentUrl\":\"http:\\\/\\\/www.ppdgroup.com\\\/wp-content\\\/uploads\\\/2013\\\/07\\\/uhmw-extrusion-250x300.jpg\"},{\"@type\":\"BreadcrumbList\",\"@id\":\"https:\\\/\\\/www.ppdgroup.com\\\/fr\\\/services-solutions\\\/moulage-par-compression-uhmw\\\/#breadcrumb\",\"itemListElement\":[{\"@type\":\"ListItem\",\"position\":1,\"name\":\"Accueil\",\"item\":\"https:\\\/\\\/www.ppdgroup.com\\\/fr\\\/\"},{\"@type\":\"ListItem\",\"position\":2,\"name\":\"Services \\\/ Solutions\",\"item\":\"https:\\\/\\\/www.ppdgroup.com\\\/fr\\\/services-solutions\\\/\"},{\"@type\":\"ListItem\",\"position\":3,\"name\":\"UHMW Moulage\\\/Compression\"}]},{\"@type\":\"WebSite\",\"@id\":\"https:\\\/\\\/www.ppdgroup.com\\\/fr\\\/#website\",\"url\":\"https:\\\/\\\/www.ppdgroup.com\\\/fr\\\/\",\"name\":\"PPD\",\"description\":\"\",\"potentialAction\":[{\"@type\":\"SearchAction\",\"target\":{\"@type\":\"EntryPoint\",\"urlTemplate\":\"https:\\\/\\\/www.ppdgroup.com\\\/fr\\\/?s={search_term_string}\"},\"query-input\":{\"@type\":\"PropertyValueSpecification\",\"valueRequired\":true,\"valueName\":\"search_term_string\"}}],\"inLanguage\":\"fr-FR\"}]}<\/script>\n<!-- \/ Yoast SEO plugin. -->","yoast_head_json":{"title":"UHMW Moulage\/Compression - PPD","description":"Nos polym\u00e8res d\u2019ing\u00e9nierie UHMW offrent une r\u00e9sistance accrue \u00e0 l'usure et \u00e0 l'abrasion. Nous les moulons sur mesure pour r\u00e9pondre \u00e0 vos sp\u00e9cifications.","robots":{"index":"index","follow":"follow","max-snippet":"max-snippet:-1","max-image-preview":"max-image-preview:large","max-video-preview":"max-video-preview:-1"},"canonical":"https:\/\/www.ppdgroup.com\/fr\/services-solutions\/moulage-par-compression-uhmw\/","twitter_misc":{"Dur\u00e9e de lecture estim\u00e9e":"1 minute"},"schema":{"@context":"https:\/\/schema.org","@graph":[{"@type":"WebPage","@id":"https:\/\/www.ppdgroup.com\/fr\/services-solutions\/moulage-par-compression-uhmw\/","url":"https:\/\/www.ppdgroup.com\/fr\/services-solutions\/moulage-par-compression-uhmw\/","name":"UHMW Moulage\/Compression - PPD","isPartOf":{"@id":"https:\/\/www.ppdgroup.com\/fr\/#website"},"primaryImageOfPage":{"@id":"https:\/\/www.ppdgroup.com\/fr\/services-solutions\/moulage-par-compression-uhmw\/#primaryimage"},"image":{"@id":"https:\/\/www.ppdgroup.com\/fr\/services-solutions\/moulage-par-compression-uhmw\/#primaryimage"},"thumbnailUrl":"http:\/\/www.ppdgroup.com\/wp-content\/uploads\/2013\/07\/uhmw-extrusion-250x300.jpg","datePublished":"2013-04-18T19:38:19+00:00","dateModified":"2018-06-19T13:38:11+00:00","description":"Nos polym\u00e8res d\u2019ing\u00e9nierie UHMW offrent une r\u00e9sistance accrue \u00e0 l'usure et \u00e0 l'abrasion. Nous les moulons sur mesure pour r\u00e9pondre \u00e0 vos sp\u00e9cifications.","breadcrumb":{"@id":"https:\/\/www.ppdgroup.com\/fr\/services-solutions\/moulage-par-compression-uhmw\/#breadcrumb"},"inLanguage":"fr-FR","potentialAction":[{"@type":"ReadAction","target":["https:\/\/www.ppdgroup.com\/fr\/services-solutions\/moulage-par-compression-uhmw\/"]}]},{"@type":"ImageObject","inLanguage":"fr-FR","@id":"https:\/\/www.ppdgroup.com\/fr\/services-solutions\/moulage-par-compression-uhmw\/#primaryimage","url":"http:\/\/www.ppdgroup.com\/wp-content\/uploads\/2013\/07\/uhmw-extrusion-250x300.jpg","contentUrl":"http:\/\/www.ppdgroup.com\/wp-content\/uploads\/2013\/07\/uhmw-extrusion-250x300.jpg"},{"@type":"BreadcrumbList","@id":"https:\/\/www.ppdgroup.com\/fr\/services-solutions\/moulage-par-compression-uhmw\/#breadcrumb","itemListElement":[{"@type":"ListItem","position":1,"name":"Accueil","item":"https:\/\/www.ppdgroup.com\/fr\/"},{"@type":"ListItem","position":2,"name":"Services \/ Solutions","item":"https:\/\/www.ppdgroup.com\/fr\/services-solutions\/"},{"@type":"ListItem","position":3,"name":"UHMW Moulage\/Compression"}]},{"@type":"WebSite","@id":"https:\/\/www.ppdgroup.com\/fr\/#website","url":"https:\/\/www.ppdgroup.com\/fr\/","name":"PPD","description":"","potentialAction":[{"@type":"SearchAction","target":{"@type":"EntryPoint","urlTemplate":"https:\/\/www.ppdgroup.com\/fr\/?s={search_term_string}"},"query-input":{"@type":"PropertyValueSpecification","valueRequired":true,"valueName":"search_term_string"}}],"inLanguage":"fr-FR"}]}},"_links":{"self":[{"href":"https:\/\/www.ppdgroup.com\/fr\/wp-json\/wp\/v2\/pages\/145","targetHints":{"allow":["GET"]}}],"collection":[{"href":"https:\/\/www.ppdgroup.com\/fr\/wp-json\/wp\/v2\/pages"}],"about":[{"href":"https:\/\/www.ppdgroup.com\/fr\/wp-json\/wp\/v2\/types\/page"}],"author":[{"embeddable":true,"href":"https:\/\/www.ppdgroup.com\/fr\/wp-json\/wp\/v2\/users\/1"}],"replies":[{"embeddable":true,"href":"https:\/\/www.ppdgroup.com\/fr\/wp-json\/wp\/v2\/comments?post=145"}],"version-history":[{"count":15,"href":"https:\/\/www.ppdgroup.com\/fr\/wp-json\/wp\/v2\/pages\/145\/revisions"}],"predecessor-version":[{"id":6375,"href":"https:\/\/www.ppdgroup.com\/fr\/wp-json\/wp\/v2\/pages\/145\/revisions\/6375"}],"up":[{"embeddable":true,"href":"https:\/\/www.ppdgroup.com\/fr\/wp-json\/wp\/v2\/pages\/132"}],"wp:attachment":[{"href":"https:\/\/www.ppdgroup.com\/fr\/wp-json\/wp\/v2\/media?parent=145"}],"curies":[{"name":"wp","href":"https:\/\/api.w.org\/{rel}","templated":true}]}}