{"id":135,"date":"2013-04-18T19:33:36","date_gmt":"2013-04-18T18:33:36","guid":{"rendered":"http:\/\/www.ppdgroup.com\/?page_id=135"},"modified":"2013-05-30T19:20:11","modified_gmt":"2013-05-30T18:20:11","slug":"groupe-ppd","status":"publish","type":"page","link":"https:\/\/www.ppdgroup.com\/fr\/groupe-ppd\/","title":{"rendered":"Groupe PPD"},"content":{"rendered":"<h2>Tourn\u00e9 vers l&#8217;avenir<\/h2>\n<p>\u00c0 titre de sous-traitant offrant des services complets de fabrication, le Groupe PPD propose des solutions innovantes et int\u00e9gr\u00e9es, \u00e0 partir d\u2019une vaste gamme de polym\u00e8res techniques et de compos\u00e9s de caoutchouc.<\/p>\n<p>Notre personnel technique chevronn\u00e9 travaille en \u00e9troite collaboration avec nos clients pour d\u00e9velopper des produits rentables \u00e0 partir de croquis pr\u00e9liminaires ou de mod\u00e8les surfaciques 3D.<\/p>\n<p>Depuis l\u2019\u00e9tape de recherche et d\u00e9veloppement jusqu&#8217;\u00e0 la production en s\u00e9rie, nous pouvons produire des prototypes et mettre en service des outillages industriels en respectant des \u00e9ch\u00e9anciers serr\u00e9s, gr\u00e2ce \u00e0 notre capacit\u00e9 de fabriquer des moules \u00e0 l\u2019interne.<\/p>\n<p>Une s\u00e9lection compl\u00e8te de capacit\u00e9s de transformation et une gamme de m\u00e9langes de caoutchouc \u2013 auxquels s&#8217;ajoute le moulage \u00e0 des fins m\u00e9dicales \u2013 viennent compl\u00e9ter notre offre de service.<\/p>\n","protected":false},"excerpt":{"rendered":"<p>Tourn\u00e9 vers l&#8217;avenir \u00c0 titre de sous-traitant offrant des services complets de fabrication, le Groupe PPD propose des solutions innovantes et int\u00e9gr\u00e9es, \u00e0 partir d\u2019une vaste gamme de polym\u00e8res techniques et de compos\u00e9s de caoutchouc. Notre personnel technique chevronn\u00e9 travaille en \u00e9troite collaboration avec nos clients pour d\u00e9velopper des produits rentables \u00e0 partir de croquis [&hellip;]<\/p>\n","protected":false},"author":1,"featured_media":0,"parent":0,"menu_order":4,"comment_status":"open","ping_status":"closed","template":"","meta":{"_acf_changed":false,"footnotes":""},"class_list":["post-135","page","type-page","status-publish","hentry"],"acf":[],"yoast_head":"<!-- This site is optimized with the Yoast SEO plugin v27.4 - https:\/\/yoast.com\/product\/yoast-seo-wordpress\/ -->\n<title>Groupe PPD - PPD<\/title>\n<meta name=\"robots\" content=\"index, follow, max-snippet:-1, max-image-preview:large, max-video-preview:-1\" \/>\n<link rel=\"canonical\" href=\"https:\/\/www.ppdgroup.com\/fr\/groupe-ppd\/\" \/>\n<meta name=\"twitter:label1\" content=\"Dur\u00e9e de lecture estim\u00e9e\" \/>\n\t<meta name=\"twitter:data1\" content=\"1 minute\" \/>\n<script type=\"application\/ld+json\" class=\"yoast-schema-graph\">{\"@context\":\"https:\\\/\\\/schema.org\",\"@graph\":[{\"@type\":\"WebPage\",\"@id\":\"https:\\\/\\\/www.ppdgroup.com\\\/fr\\\/groupe-ppd\\\/\",\"url\":\"https:\\\/\\\/www.ppdgroup.com\\\/fr\\\/groupe-ppd\\\/\",\"name\":\"Groupe PPD - PPD\",\"isPartOf\":{\"@id\":\"https:\\\/\\\/www.ppdgroup.com\\\/fr\\\/#website\"},\"datePublished\":\"2013-04-18T18:33:36+00:00\",\"dateModified\":\"2013-05-30T18:20:11+00:00\",\"breadcrumb\":{\"@id\":\"https:\\\/\\\/www.ppdgroup.com\\\/fr\\\/groupe-ppd\\\/#breadcrumb\"},\"inLanguage\":\"fr-FR\",\"potentialAction\":[{\"@type\":\"ReadAction\",\"target\":[\"https:\\\/\\\/www.ppdgroup.com\\\/fr\\\/groupe-ppd\\\/\"]}]},{\"@type\":\"BreadcrumbList\",\"@id\":\"https:\\\/\\\/www.ppdgroup.com\\\/fr\\\/groupe-ppd\\\/#breadcrumb\",\"itemListElement\":[{\"@type\":\"ListItem\",\"position\":1,\"name\":\"Accueil\",\"item\":\"https:\\\/\\\/www.ppdgroup.com\\\/fr\\\/\"},{\"@type\":\"ListItem\",\"position\":2,\"name\":\"Groupe PPD\"}]},{\"@type\":\"WebSite\",\"@id\":\"https:\\\/\\\/www.ppdgroup.com\\\/fr\\\/#website\",\"url\":\"https:\\\/\\\/www.ppdgroup.com\\\/fr\\\/\",\"name\":\"PPD\",\"description\":\"\",\"potentialAction\":[{\"@type\":\"SearchAction\",\"target\":{\"@type\":\"EntryPoint\",\"urlTemplate\":\"https:\\\/\\\/www.ppdgroup.com\\\/fr\\\/?s={search_term_string}\"},\"query-input\":{\"@type\":\"PropertyValueSpecification\",\"valueRequired\":true,\"valueName\":\"search_term_string\"}}],\"inLanguage\":\"fr-FR\"}]}<\/script>\n<!-- \/ Yoast SEO plugin. -->","yoast_head_json":{"title":"Groupe PPD - PPD","robots":{"index":"index","follow":"follow","max-snippet":"max-snippet:-1","max-image-preview":"max-image-preview:large","max-video-preview":"max-video-preview:-1"},"canonical":"https:\/\/www.ppdgroup.com\/fr\/groupe-ppd\/","twitter_misc":{"Dur\u00e9e de lecture estim\u00e9e":"1 minute"},"schema":{"@context":"https:\/\/schema.org","@graph":[{"@type":"WebPage","@id":"https:\/\/www.ppdgroup.com\/fr\/groupe-ppd\/","url":"https:\/\/www.ppdgroup.com\/fr\/groupe-ppd\/","name":"Groupe PPD - PPD","isPartOf":{"@id":"https:\/\/www.ppdgroup.com\/fr\/#website"},"datePublished":"2013-04-18T18:33:36+00:00","dateModified":"2013-05-30T18:20:11+00:00","breadcrumb":{"@id":"https:\/\/www.ppdgroup.com\/fr\/groupe-ppd\/#breadcrumb"},"inLanguage":"fr-FR","potentialAction":[{"@type":"ReadAction","target":["https:\/\/www.ppdgroup.com\/fr\/groupe-ppd\/"]}]},{"@type":"BreadcrumbList","@id":"https:\/\/www.ppdgroup.com\/fr\/groupe-ppd\/#breadcrumb","itemListElement":[{"@type":"ListItem","position":1,"name":"Accueil","item":"https:\/\/www.ppdgroup.com\/fr\/"},{"@type":"ListItem","position":2,"name":"Groupe PPD"}]},{"@type":"WebSite","@id":"https:\/\/www.ppdgroup.com\/fr\/#website","url":"https:\/\/www.ppdgroup.com\/fr\/","name":"PPD","description":"","potentialAction":[{"@type":"SearchAction","target":{"@type":"EntryPoint","urlTemplate":"https:\/\/www.ppdgroup.com\/fr\/?s={search_term_string}"},"query-input":{"@type":"PropertyValueSpecification","valueRequired":true,"valueName":"search_term_string"}}],"inLanguage":"fr-FR"}]}},"_links":{"self":[{"href":"https:\/\/www.ppdgroup.com\/fr\/wp-json\/wp\/v2\/pages\/135","targetHints":{"allow":["GET"]}}],"collection":[{"href":"https:\/\/www.ppdgroup.com\/fr\/wp-json\/wp\/v2\/pages"}],"about":[{"href":"https:\/\/www.ppdgroup.com\/fr\/wp-json\/wp\/v2\/types\/page"}],"author":[{"embeddable":true,"href":"https:\/\/www.ppdgroup.com\/fr\/wp-json\/wp\/v2\/users\/1"}],"replies":[{"embeddable":true,"href":"https:\/\/www.ppdgroup.com\/fr\/wp-json\/wp\/v2\/comments?post=135"}],"version-history":[{"count":4,"href":"https:\/\/www.ppdgroup.com\/fr\/wp-json\/wp\/v2\/pages\/135\/revisions"}],"predecessor-version":[{"id":1857,"href":"https:\/\/www.ppdgroup.com\/fr\/wp-json\/wp\/v2\/pages\/135\/revisions\/1857"}],"wp:attachment":[{"href":"https:\/\/www.ppdgroup.com\/fr\/wp-json\/wp\/v2\/media?parent=135"}],"curies":[{"name":"wp","href":"https:\/\/api.w.org\/{rel}","templated":true}]}}