{"id":1442,"date":"2013-05-27T16:01:45","date_gmt":"2013-05-27T15:01:45","guid":{"rendered":"http:\/\/www.ppdgroup.com\/?page_id=1442"},"modified":"2013-07-09T16:38:18","modified_gmt":"2013-07-09T15:38:18","slug":"oportunidades-de-empleo","status":"publish","type":"page","link":"https:\/\/www.ppdgroup.com\/es\/oportunidades-de-carrera\/oportunidades-de-empleo\/","title":{"rendered":"Oportunidades de Empleo"},"content":{"rendered":"<h2>Invierta en su carrera: \u00fanase PPD<\/h2>\n<p>PPD est\u00e1 en constante b\u00fasqueda de personas talentosas y apasionadas por su trabajo. Ofrecemos una gama completa de beneficios sociales y un ambiente de trabajo sano, seguro y estimulante.<\/p>\n<p>Le invitamos a consultar las ofertas de trabajo disponibles o a transmitir una candidatura espont\u00e1nea, especificando en una carta de presentaci\u00f3n sus intereses y su orientaci\u00f3n de carrera.<\/p>\n<p>Efectivamente, siempre estamos en b\u00fasqueda de personas &#8211; hombres y mujeres &#8211; competentes para cubrir diferentes puestos, por ejemplo:<\/p>\n<ul>\n<li>Programadores CNC<\/li>\n<li>Operadores de producci\u00f3n CNC<\/li>\n<li>Electromec\u00e1nicos<\/li>\n<li>Obreros<\/li>\n<li>T\u00e9cnicos en procesos<\/li>\n<li>T\u00e9cnicos de laboratorio<\/li>\n<li>Supervisores&#8230;<\/li>\n<\/ul>\n<p><a title=\"Formularios de inscripci\u00f3n\" href=\"https:\/\/www.ppdgroup.com\/es\/oportunidades-de-carrera\/formularios-de-inscripcion\/\">Enviar su candidatura en l\u00ednea<\/a><\/p>\n<p>Los candidatos que no puedan presentar un curr\u00edculum vitae, por favor utilizar el <a title=\"Formularios de inscripci\u00f3n\" href=\"http:\/\/www.ppdgroup.com\/wp-content\/uploads\/2013\/04\/PPD_DemandeEmploi.pdf\" target=\"_blank\">formulario de solicitud de empleo<\/a>.<\/p>\n","protected":false},"excerpt":{"rendered":"<p>Invierta en su carrera: \u00fanase PPD PPD est\u00e1 en constante b\u00fasqueda de personas talentosas y apasionadas por su trabajo. Ofrecemos una gama completa de beneficios sociales y un ambiente de trabajo sano, seguro y estimulante. Le invitamos a consultar las ofertas de trabajo disponibles o a transmitir una candidatura espont\u00e1nea, especificando en una carta de [&hellip;]<\/p>\n","protected":false},"author":1,"featured_media":0,"parent":1439,"menu_order":28,"comment_status":"open","ping_status":"closed","template":"","meta":{"_acf_changed":false,"footnotes":""},"class_list":["post-1442","page","type-page","status-publish","hentry"],"acf":[],"yoast_head":"<!-- This site is optimized with the Yoast SEO plugin v27.4 - https:\/\/yoast.com\/product\/yoast-seo-wordpress\/ -->\n<title>Oportunidades de Empleo - PPD<\/title>\n<meta name=\"robots\" content=\"index, follow, max-snippet:-1, max-image-preview:large, max-video-preview:-1\" \/>\n<link rel=\"canonical\" href=\"https:\/\/www.ppdgroup.com\/careers\/career-opportunities\/\" \/>\n<meta name=\"twitter:label1\" content=\"Tiempo de lectura\" \/>\n\t<meta name=\"twitter:data1\" content=\"1 minuto\" \/>\n<script type=\"application\/ld+json\" class=\"yoast-schema-graph\">{\"@context\":\"https:\\\/\\\/schema.org\",\"@graph\":[{\"@type\":\"WebPage\",\"@id\":\"https:\\\/\\\/www.ppdgroup.com\\\/careers\\\/career-opportunities\\\/\",\"url\":\"https:\\\/\\\/www.ppdgroup.com\\\/careers\\\/career-opportunities\\\/\",\"name\":\"Oportunidades de Empleo - PPD\",\"isPartOf\":{\"@id\":\"https:\\\/\\\/www.ppdgroup.com\\\/fr\\\/#website\"},\"datePublished\":\"2013-05-27T15:01:45+00:00\",\"dateModified\":\"2013-07-09T15:38:18+00:00\",\"breadcrumb\":{\"@id\":\"https:\\\/\\\/www.ppdgroup.com\\\/careers\\\/career-opportunities\\\/#breadcrumb\"},\"inLanguage\":\"es\",\"potentialAction\":[{\"@type\":\"ReadAction\",\"target\":[\"https:\\\/\\\/www.ppdgroup.com\\\/careers\\\/career-opportunities\\\/\"]}]},{\"@type\":\"BreadcrumbList\",\"@id\":\"https:\\\/\\\/www.ppdgroup.com\\\/careers\\\/career-opportunities\\\/#breadcrumb\",\"itemListElement\":[{\"@type\":\"ListItem\",\"position\":1,\"name\":\"Accueil\",\"item\":\"https:\\\/\\\/www.ppdgroup.com\\\/es\\\/\"},{\"@type\":\"ListItem\",\"position\":2,\"name\":\"Carrera\",\"item\":\"https:\\\/\\\/www.ppdgroup.com\\\/es\\\/oportunidades-de-carrera\\\/\"},{\"@type\":\"ListItem\",\"position\":3,\"name\":\"Oportunidades de Empleo\"}]},{\"@type\":\"WebSite\",\"@id\":\"https:\\\/\\\/www.ppdgroup.com\\\/fr\\\/#website\",\"url\":\"https:\\\/\\\/www.ppdgroup.com\\\/fr\\\/\",\"name\":\"PPD\",\"description\":\"\",\"potentialAction\":[{\"@type\":\"SearchAction\",\"target\":{\"@type\":\"EntryPoint\",\"urlTemplate\":\"https:\\\/\\\/www.ppdgroup.com\\\/fr\\\/?s={search_term_string}\"},\"query-input\":{\"@type\":\"PropertyValueSpecification\",\"valueRequired\":true,\"valueName\":\"search_term_string\"}}],\"inLanguage\":\"es\"}]}<\/script>\n<!-- \/ Yoast SEO plugin. -->","yoast_head_json":{"title":"Oportunidades de Empleo - PPD","robots":{"index":"index","follow":"follow","max-snippet":"max-snippet:-1","max-image-preview":"max-image-preview:large","max-video-preview":"max-video-preview:-1"},"canonical":"https:\/\/www.ppdgroup.com\/careers\/career-opportunities\/","twitter_misc":{"Tiempo de lectura":"1 minuto"},"schema":{"@context":"https:\/\/schema.org","@graph":[{"@type":"WebPage","@id":"https:\/\/www.ppdgroup.com\/careers\/career-opportunities\/","url":"https:\/\/www.ppdgroup.com\/careers\/career-opportunities\/","name":"Oportunidades de Empleo - PPD","isPartOf":{"@id":"https:\/\/www.ppdgroup.com\/fr\/#website"},"datePublished":"2013-05-27T15:01:45+00:00","dateModified":"2013-07-09T15:38:18+00:00","breadcrumb":{"@id":"https:\/\/www.ppdgroup.com\/careers\/career-opportunities\/#breadcrumb"},"inLanguage":"es","potentialAction":[{"@type":"ReadAction","target":["https:\/\/www.ppdgroup.com\/careers\/career-opportunities\/"]}]},{"@type":"BreadcrumbList","@id":"https:\/\/www.ppdgroup.com\/careers\/career-opportunities\/#breadcrumb","itemListElement":[{"@type":"ListItem","position":1,"name":"Accueil","item":"https:\/\/www.ppdgroup.com\/es\/"},{"@type":"ListItem","position":2,"name":"Carrera","item":"https:\/\/www.ppdgroup.com\/es\/oportunidades-de-carrera\/"},{"@type":"ListItem","position":3,"name":"Oportunidades de Empleo"}]},{"@type":"WebSite","@id":"https:\/\/www.ppdgroup.com\/fr\/#website","url":"https:\/\/www.ppdgroup.com\/fr\/","name":"PPD","description":"","potentialAction":[{"@type":"SearchAction","target":{"@type":"EntryPoint","urlTemplate":"https:\/\/www.ppdgroup.com\/fr\/?s={search_term_string}"},"query-input":{"@type":"PropertyValueSpecification","valueRequired":true,"valueName":"search_term_string"}}],"inLanguage":"es"}]}},"_links":{"self":[{"href":"https:\/\/www.ppdgroup.com\/es\/wp-json\/wp\/v2\/pages\/1442","targetHints":{"allow":["GET"]}}],"collection":[{"href":"https:\/\/www.ppdgroup.com\/es\/wp-json\/wp\/v2\/pages"}],"about":[{"href":"https:\/\/www.ppdgroup.com\/es\/wp-json\/wp\/v2\/types\/page"}],"author":[{"embeddable":true,"href":"https:\/\/www.ppdgroup.com\/es\/wp-json\/wp\/v2\/users\/1"}],"replies":[{"embeddable":true,"href":"https:\/\/www.ppdgroup.com\/es\/wp-json\/wp\/v2\/comments?post=1442"}],"version-history":[{"count":7,"href":"https:\/\/www.ppdgroup.com\/es\/wp-json\/wp\/v2\/pages\/1442\/revisions"}],"predecessor-version":[{"id":2570,"href":"https:\/\/www.ppdgroup.com\/es\/wp-json\/wp\/v2\/pages\/1442\/revisions\/2570"}],"up":[{"embeddable":true,"href":"https:\/\/www.ppdgroup.com\/es\/wp-json\/wp\/v2\/pages\/1439"}],"wp:attachment":[{"href":"https:\/\/www.ppdgroup.com\/es\/wp-json\/wp\/v2\/media?parent=1442"}],"curies":[{"name":"wp","href":"https:\/\/api.w.org\/{rel}","templated":true}]}}