{"id":1428,"date":"2013-05-27T15:04:07","date_gmt":"2013-05-27T14:04:07","guid":{"rendered":"http:\/\/www.ppdgroup.com\/?page_id=1428"},"modified":"2013-07-16T18:30:12","modified_gmt":"2013-07-16T17:30:12","slug":"moldes-y-herramientas-especiales","status":"publish","type":"page","link":"https:\/\/www.ppdgroup.com\/es\/servicios-soluciones\/moldes-y-herramientas-especiales\/","title":{"rendered":"Moldes y herramientas especiales (utillaje)"},"content":{"rendered":"<h2>Un proveedor de soluciones verdaderamente integradas<\/h2>\n<p>En tanto que proveedores de soluciones \u201cllave en mano\u201d, PPD responde a todas las necesidades de m\u00faltiples industrias en materia de pl\u00e1sticos y cauchos, desde la concepci\u00f3n hasta el producto final.<\/p>\n<p>Nuestros equipos de profesionales de dise\u00f1o, ingenier\u00eda, fabricaci\u00f3n y producci\u00f3n, trabajan en colaboraci\u00f3n, creando as\u00ed una sinergia excepcional que garantiza una \u00f3ptima capacidad de producci\u00f3n y desarrollo.<\/p>\n<p>PPD cubre una amplia gama de necesidades en equipamiento y herramientas<\/p>\n<ul>\n<li>Dise\u00f1o de herramientas acordes a las especificaciones del cliente.<\/li>\n<li>Producci\u00f3n de moldes acabados, en casi todos los tama\u00f1os<\/li>\n<li>Ensayo de moldes<\/li>\n<li>Producci\u00f3n en serie<\/li>\n<\/ul>\n<p><b>Nuestra experiencia<\/b><\/p>\n<ul>\n<li>Fabricaci\u00f3n de moldes para los siguientes procesos:\n<ul>\n<li>Moldeo por inyecci\u00f3n<\/li>\n<li>Moldeo por compresi\u00f3n<\/li>\n<li>RIM, RTM, LFI<\/li>\n<\/ul>\n<\/li>\n<li>Fabricaci\u00f3n de moldes-cascara en n\u00edquel (<i>Nikel shell tooling<\/i>)<\/li>\n<li>Dise\u00f1o de herramientas especiales (utillaje) y an\u00e1lisis de par\u00e1metros de inyecci\u00f3n<\/li>\n<li>Dise\u00f1o y fabricaci\u00f3n de herramientas especiales (utillaje) de gran tama\u00f1o<\/li>\n<\/ul>\n","protected":false},"excerpt":{"rendered":"<p>Un proveedor de soluciones verdaderamente integradas En tanto que proveedores de soluciones \u201cllave en mano\u201d, PPD responde a todas las necesidades de m\u00faltiples industrias en materia de pl\u00e1sticos y cauchos, desde la concepci\u00f3n hasta el producto final. Nuestros equipos de profesionales de dise\u00f1o, ingenier\u00eda, fabricaci\u00f3n y producci\u00f3n, trabajan en colaboraci\u00f3n, creando as\u00ed una sinergia excepcional [&hellip;]<\/p>\n","protected":false},"author":1,"featured_media":0,"parent":1408,"menu_order":21,"comment_status":"open","ping_status":"closed","template":"capabilities.php","meta":{"_acf_changed":false,"footnotes":""},"class_list":["post-1428","page","type-page","status-publish","hentry"],"acf":[],"yoast_head":"<!-- This site is optimized with the Yoast SEO plugin v27.4 - https:\/\/yoast.com\/product\/yoast-seo-wordpress\/ -->\n<title>Moldes y herramientas especiales (utillaje) - PPD<\/title>\n<meta name=\"robots\" content=\"index, follow, max-snippet:-1, max-image-preview:large, max-video-preview:-1\" \/>\n<link rel=\"canonical\" href=\"https:\/\/www.ppdgroup.com\/es\/servicios-soluciones\/moldes-y-herramientas-especiales\/\" \/>\n<meta name=\"twitter:label1\" content=\"Tiempo de lectura\" \/>\n\t<meta name=\"twitter:data1\" content=\"1 minuto\" \/>\n<script type=\"application\/ld+json\" class=\"yoast-schema-graph\">{\"@context\":\"https:\\\/\\\/schema.org\",\"@graph\":[{\"@type\":\"WebPage\",\"@id\":\"https:\\\/\\\/www.ppdgroup.com\\\/es\\\/servicios-soluciones\\\/moldes-y-herramientas-especiales\\\/\",\"url\":\"https:\\\/\\\/www.ppdgroup.com\\\/es\\\/servicios-soluciones\\\/moldes-y-herramientas-especiales\\\/\",\"name\":\"Moldes y herramientas especiales (utillaje) - PPD\",\"isPartOf\":{\"@id\":\"https:\\\/\\\/www.ppdgroup.com\\\/fr\\\/#website\"},\"datePublished\":\"2013-05-27T14:04:07+00:00\",\"dateModified\":\"2013-07-16T17:30:12+00:00\",\"breadcrumb\":{\"@id\":\"https:\\\/\\\/www.ppdgroup.com\\\/es\\\/servicios-soluciones\\\/moldes-y-herramientas-especiales\\\/#breadcrumb\"},\"inLanguage\":\"es\",\"potentialAction\":[{\"@type\":\"ReadAction\",\"target\":[\"https:\\\/\\\/www.ppdgroup.com\\\/es\\\/servicios-soluciones\\\/moldes-y-herramientas-especiales\\\/\"]}]},{\"@type\":\"BreadcrumbList\",\"@id\":\"https:\\\/\\\/www.ppdgroup.com\\\/es\\\/servicios-soluciones\\\/moldes-y-herramientas-especiales\\\/#breadcrumb\",\"itemListElement\":[{\"@type\":\"ListItem\",\"position\":1,\"name\":\"Accueil\",\"item\":\"https:\\\/\\\/www.ppdgroup.com\\\/es\\\/\"},{\"@type\":\"ListItem\",\"position\":2,\"name\":\"Servicios \\\/ Soluciones\",\"item\":\"https:\\\/\\\/www.ppdgroup.com\\\/es\\\/servicios-soluciones\\\/\"},{\"@type\":\"ListItem\",\"position\":3,\"name\":\"Moldes y herramientas especiales (utillaje)\"}]},{\"@type\":\"WebSite\",\"@id\":\"https:\\\/\\\/www.ppdgroup.com\\\/fr\\\/#website\",\"url\":\"https:\\\/\\\/www.ppdgroup.com\\\/fr\\\/\",\"name\":\"PPD\",\"description\":\"\",\"potentialAction\":[{\"@type\":\"SearchAction\",\"target\":{\"@type\":\"EntryPoint\",\"urlTemplate\":\"https:\\\/\\\/www.ppdgroup.com\\\/fr\\\/?s={search_term_string}\"},\"query-input\":{\"@type\":\"PropertyValueSpecification\",\"valueRequired\":true,\"valueName\":\"search_term_string\"}}],\"inLanguage\":\"es\"}]}<\/script>\n<!-- \/ Yoast SEO plugin. -->","yoast_head_json":{"title":"Moldes y herramientas especiales (utillaje) - PPD","robots":{"index":"index","follow":"follow","max-snippet":"max-snippet:-1","max-image-preview":"max-image-preview:large","max-video-preview":"max-video-preview:-1"},"canonical":"https:\/\/www.ppdgroup.com\/es\/servicios-soluciones\/moldes-y-herramientas-especiales\/","twitter_misc":{"Tiempo de lectura":"1 minuto"},"schema":{"@context":"https:\/\/schema.org","@graph":[{"@type":"WebPage","@id":"https:\/\/www.ppdgroup.com\/es\/servicios-soluciones\/moldes-y-herramientas-especiales\/","url":"https:\/\/www.ppdgroup.com\/es\/servicios-soluciones\/moldes-y-herramientas-especiales\/","name":"Moldes y herramientas especiales (utillaje) - PPD","isPartOf":{"@id":"https:\/\/www.ppdgroup.com\/fr\/#website"},"datePublished":"2013-05-27T14:04:07+00:00","dateModified":"2013-07-16T17:30:12+00:00","breadcrumb":{"@id":"https:\/\/www.ppdgroup.com\/es\/servicios-soluciones\/moldes-y-herramientas-especiales\/#breadcrumb"},"inLanguage":"es","potentialAction":[{"@type":"ReadAction","target":["https:\/\/www.ppdgroup.com\/es\/servicios-soluciones\/moldes-y-herramientas-especiales\/"]}]},{"@type":"BreadcrumbList","@id":"https:\/\/www.ppdgroup.com\/es\/servicios-soluciones\/moldes-y-herramientas-especiales\/#breadcrumb","itemListElement":[{"@type":"ListItem","position":1,"name":"Accueil","item":"https:\/\/www.ppdgroup.com\/es\/"},{"@type":"ListItem","position":2,"name":"Servicios \/ Soluciones","item":"https:\/\/www.ppdgroup.com\/es\/servicios-soluciones\/"},{"@type":"ListItem","position":3,"name":"Moldes y herramientas especiales (utillaje)"}]},{"@type":"WebSite","@id":"https:\/\/www.ppdgroup.com\/fr\/#website","url":"https:\/\/www.ppdgroup.com\/fr\/","name":"PPD","description":"","potentialAction":[{"@type":"SearchAction","target":{"@type":"EntryPoint","urlTemplate":"https:\/\/www.ppdgroup.com\/fr\/?s={search_term_string}"},"query-input":{"@type":"PropertyValueSpecification","valueRequired":true,"valueName":"search_term_string"}}],"inLanguage":"es"}]}},"_links":{"self":[{"href":"https:\/\/www.ppdgroup.com\/es\/wp-json\/wp\/v2\/pages\/1428","targetHints":{"allow":["GET"]}}],"collection":[{"href":"https:\/\/www.ppdgroup.com\/es\/wp-json\/wp\/v2\/pages"}],"about":[{"href":"https:\/\/www.ppdgroup.com\/es\/wp-json\/wp\/v2\/types\/page"}],"author":[{"embeddable":true,"href":"https:\/\/www.ppdgroup.com\/es\/wp-json\/wp\/v2\/users\/1"}],"replies":[{"embeddable":true,"href":"https:\/\/www.ppdgroup.com\/es\/wp-json\/wp\/v2\/comments?post=1428"}],"version-history":[{"count":15,"href":"https:\/\/www.ppdgroup.com\/es\/wp-json\/wp\/v2\/pages\/1428\/revisions"}],"predecessor-version":[{"id":2717,"href":"https:\/\/www.ppdgroup.com\/es\/wp-json\/wp\/v2\/pages\/1428\/revisions\/2717"}],"up":[{"embeddable":true,"href":"https:\/\/www.ppdgroup.com\/es\/wp-json\/wp\/v2\/pages\/1408"}],"wp:attachment":[{"href":"https:\/\/www.ppdgroup.com\/es\/wp-json\/wp\/v2\/media?parent=1428"}],"curies":[{"name":"wp","href":"https:\/\/api.w.org\/{rel}","templated":true}]}}