{"id":1425,"date":"2013-05-27T14:57:48","date_gmt":"2013-05-27T13:57:48","guid":{"rendered":"http:\/\/www.ppdgroup.com\/?page_id=1425"},"modified":"2013-08-14T14:38:37","modified_gmt":"2013-08-14T13:38:37","slug":"moldeo-de-poliuretano-rigido","status":"publish","type":"page","link":"https:\/\/www.ppdgroup.com\/es\/servicios-soluciones\/moldeo-de-poliuretano\/moldeo-de-poliuretano-rigido\/","title":{"rendered":"Moldeo de poliuretano r\u00edgido"},"content":{"rendered":"<h2>Soluciones de espuma\u00a0 aislante y estructural<\/h2>\n<p>El poliuretano r\u00edgido es una estructura de espuma de c\u00e9lulas cerradas que proporciona un alto grado de aislaci\u00f3n, incluso cuando se aplica en una capa delgada.<\/p>\n<p>Nuestro sistema de espuma r\u00edgida ofrece adem\u00e1s excelentes propiedades estructurales y se adapta a numerosas aplicaciones, por ejemplo:<\/p>\n<ul>\n<li>Componentes de aislaci\u00f3n t\u00e9rmica<\/li>\n<li>Paneles para la construcci\u00f3n<\/li>\n<li>N\u00facleos estructurales<\/li>\n<li>Molduras arquitect\u00f3nicas o decorativas<\/li>\n<li>Elementos de flotaci\u00f3n<\/li>\n<\/ul>\n<p>El poliuretano r\u00edgido tiene excelentes propiedades mec\u00e1nicas y una buena capacidad de adherencia, facilitando as\u00ed el moldeado de la espuma sobre insertos pl\u00e1sticos o met\u00e1licos.<\/p>\n","protected":false},"excerpt":{"rendered":"<p>Soluciones de espuma\u00a0 aislante y estructural El poliuretano r\u00edgido es una estructura de espuma de c\u00e9lulas cerradas que proporciona un alto grado de aislaci\u00f3n, incluso cuando se aplica en una capa delgada. Nuestro sistema de espuma r\u00edgida ofrece adem\u00e1s excelentes propiedades estructurales y se adapta a numerosas aplicaciones, por ejemplo: Componentes de aislaci\u00f3n t\u00e9rmica Paneles [&hellip;]<\/p>\n","protected":false},"author":1,"featured_media":0,"parent":1421,"menu_order":18,"comment_status":"open","ping_status":"closed","template":"capabilities.php","meta":{"_acf_changed":false,"footnotes":""},"class_list":["post-1425","page","type-page","status-publish","hentry"],"acf":[],"yoast_head":"<!-- This site is optimized with the Yoast SEO plugin v27.4 - https:\/\/yoast.com\/product\/yoast-seo-wordpress\/ -->\n<title>Moldeo de poliuretano r\u00edgido - PPD<\/title>\n<meta name=\"robots\" content=\"index, follow, max-snippet:-1, max-image-preview:large, max-video-preview:-1\" \/>\n<link rel=\"canonical\" href=\"https:\/\/www.ppdgroup.com\/services-solutions\/polyurethane-molding\/rigid-polyurethane-molding\/\" \/>\n<meta name=\"twitter:label1\" content=\"Tiempo de lectura\" \/>\n\t<meta name=\"twitter:data1\" content=\"1 minuto\" \/>\n<script type=\"application\/ld+json\" class=\"yoast-schema-graph\">{\"@context\":\"https:\\\/\\\/schema.org\",\"@graph\":[{\"@type\":\"WebPage\",\"@id\":\"https:\\\/\\\/www.ppdgroup.com\\\/services-solutions\\\/polyurethane-molding\\\/rigid-polyurethane-molding\\\/\",\"url\":\"https:\\\/\\\/www.ppdgroup.com\\\/services-solutions\\\/polyurethane-molding\\\/rigid-polyurethane-molding\\\/\",\"name\":\"Moldeo de poliuretano r\u00edgido - PPD\",\"isPartOf\":{\"@id\":\"https:\\\/\\\/www.ppdgroup.com\\\/fr\\\/#website\"},\"datePublished\":\"2013-05-27T13:57:48+00:00\",\"dateModified\":\"2013-08-14T13:38:37+00:00\",\"breadcrumb\":{\"@id\":\"https:\\\/\\\/www.ppdgroup.com\\\/services-solutions\\\/polyurethane-molding\\\/rigid-polyurethane-molding\\\/#breadcrumb\"},\"inLanguage\":\"es\",\"potentialAction\":[{\"@type\":\"ReadAction\",\"target\":[\"https:\\\/\\\/www.ppdgroup.com\\\/services-solutions\\\/polyurethane-molding\\\/rigid-polyurethane-molding\\\/\"]}]},{\"@type\":\"BreadcrumbList\",\"@id\":\"https:\\\/\\\/www.ppdgroup.com\\\/services-solutions\\\/polyurethane-molding\\\/rigid-polyurethane-molding\\\/#breadcrumb\",\"itemListElement\":[{\"@type\":\"ListItem\",\"position\":1,\"name\":\"Accueil\",\"item\":\"https:\\\/\\\/www.ppdgroup.com\\\/es\\\/\"},{\"@type\":\"ListItem\",\"position\":2,\"name\":\"Servicios \\\/ Soluciones\",\"item\":\"https:\\\/\\\/www.ppdgroup.com\\\/es\\\/servicios-soluciones\\\/\"},{\"@type\":\"ListItem\",\"position\":3,\"name\":\"Moldeo de poliuretano\",\"item\":\"https:\\\/\\\/www.ppdgroup.com\\\/es\\\/servicios-soluciones\\\/moldeo-de-poliuretano\\\/\"},{\"@type\":\"ListItem\",\"position\":4,\"name\":\"Moldeo de poliuretano r\u00edgido\"}]},{\"@type\":\"WebSite\",\"@id\":\"https:\\\/\\\/www.ppdgroup.com\\\/fr\\\/#website\",\"url\":\"https:\\\/\\\/www.ppdgroup.com\\\/fr\\\/\",\"name\":\"PPD\",\"description\":\"\",\"potentialAction\":[{\"@type\":\"SearchAction\",\"target\":{\"@type\":\"EntryPoint\",\"urlTemplate\":\"https:\\\/\\\/www.ppdgroup.com\\\/fr\\\/?s={search_term_string}\"},\"query-input\":{\"@type\":\"PropertyValueSpecification\",\"valueRequired\":true,\"valueName\":\"search_term_string\"}}],\"inLanguage\":\"es\"}]}<\/script>\n<!-- \/ Yoast SEO plugin. -->","yoast_head_json":{"title":"Moldeo de poliuretano r\u00edgido - PPD","robots":{"index":"index","follow":"follow","max-snippet":"max-snippet:-1","max-image-preview":"max-image-preview:large","max-video-preview":"max-video-preview:-1"},"canonical":"https:\/\/www.ppdgroup.com\/services-solutions\/polyurethane-molding\/rigid-polyurethane-molding\/","twitter_misc":{"Tiempo de lectura":"1 minuto"},"schema":{"@context":"https:\/\/schema.org","@graph":[{"@type":"WebPage","@id":"https:\/\/www.ppdgroup.com\/services-solutions\/polyurethane-molding\/rigid-polyurethane-molding\/","url":"https:\/\/www.ppdgroup.com\/services-solutions\/polyurethane-molding\/rigid-polyurethane-molding\/","name":"Moldeo de poliuretano r\u00edgido - PPD","isPartOf":{"@id":"https:\/\/www.ppdgroup.com\/fr\/#website"},"datePublished":"2013-05-27T13:57:48+00:00","dateModified":"2013-08-14T13:38:37+00:00","breadcrumb":{"@id":"https:\/\/www.ppdgroup.com\/services-solutions\/polyurethane-molding\/rigid-polyurethane-molding\/#breadcrumb"},"inLanguage":"es","potentialAction":[{"@type":"ReadAction","target":["https:\/\/www.ppdgroup.com\/services-solutions\/polyurethane-molding\/rigid-polyurethane-molding\/"]}]},{"@type":"BreadcrumbList","@id":"https:\/\/www.ppdgroup.com\/services-solutions\/polyurethane-molding\/rigid-polyurethane-molding\/#breadcrumb","itemListElement":[{"@type":"ListItem","position":1,"name":"Accueil","item":"https:\/\/www.ppdgroup.com\/es\/"},{"@type":"ListItem","position":2,"name":"Servicios \/ Soluciones","item":"https:\/\/www.ppdgroup.com\/es\/servicios-soluciones\/"},{"@type":"ListItem","position":3,"name":"Moldeo de poliuretano","item":"https:\/\/www.ppdgroup.com\/es\/servicios-soluciones\/moldeo-de-poliuretano\/"},{"@type":"ListItem","position":4,"name":"Moldeo de poliuretano r\u00edgido"}]},{"@type":"WebSite","@id":"https:\/\/www.ppdgroup.com\/fr\/#website","url":"https:\/\/www.ppdgroup.com\/fr\/","name":"PPD","description":"","potentialAction":[{"@type":"SearchAction","target":{"@type":"EntryPoint","urlTemplate":"https:\/\/www.ppdgroup.com\/fr\/?s={search_term_string}"},"query-input":{"@type":"PropertyValueSpecification","valueRequired":true,"valueName":"search_term_string"}}],"inLanguage":"es"}]}},"_links":{"self":[{"href":"https:\/\/www.ppdgroup.com\/es\/wp-json\/wp\/v2\/pages\/1425","targetHints":{"allow":["GET"]}}],"collection":[{"href":"https:\/\/www.ppdgroup.com\/es\/wp-json\/wp\/v2\/pages"}],"about":[{"href":"https:\/\/www.ppdgroup.com\/es\/wp-json\/wp\/v2\/types\/page"}],"author":[{"embeddable":true,"href":"https:\/\/www.ppdgroup.com\/es\/wp-json\/wp\/v2\/users\/1"}],"replies":[{"embeddable":true,"href":"https:\/\/www.ppdgroup.com\/es\/wp-json\/wp\/v2\/comments?post=1425"}],"version-history":[{"count":14,"href":"https:\/\/www.ppdgroup.com\/es\/wp-json\/wp\/v2\/pages\/1425\/revisions"}],"predecessor-version":[{"id":2777,"href":"https:\/\/www.ppdgroup.com\/es\/wp-json\/wp\/v2\/pages\/1425\/revisions\/2777"}],"up":[{"embeddable":true,"href":"https:\/\/www.ppdgroup.com\/es\/wp-json\/wp\/v2\/pages\/1421"}],"wp:attachment":[{"href":"https:\/\/www.ppdgroup.com\/es\/wp-json\/wp\/v2\/media?parent=1425"}],"curies":[{"name":"wp","href":"https:\/\/api.w.org\/{rel}","templated":true}]}}