{"id":1423,"date":"2013-05-27T14:56:48","date_gmt":"2013-05-27T13:56:48","guid":{"rendered":"http:\/\/www.ppdgroup.com\/?page_id=1423"},"modified":"2013-08-14T14:37:34","modified_gmt":"2013-08-14T13:37:34","slug":"moldeo-de-poliuretano-flexible","status":"publish","type":"page","link":"https:\/\/www.ppdgroup.com\/es\/servicios-soluciones\/moldeo-de-poliuretano\/moldeo-de-poliuretano-flexible\/","title":{"rendered":"Moldeo de poliuretano flexible"},"content":{"rendered":"<h2>\u00a1Espumas \u201cconfort\u201d para su conveniencia!<\/h2>\n<p>PPD Soluciones de Espuma produce una gran variedad de sistemas de espuma flexible de diversa densidad. Nuestro departamento de ingenier\u00eda puede asistir al cliente durante la selecci\u00f3n de la mejor combinaci\u00f3n posible de la compresi\u00f3n, la firmeza y la densidad de la espuma, para optimizar el confort de sus productos terminados.<\/p>\n<p>PPD trabaja con una amplia gama de sistemas de espuma de poliuretano de alta\u00a0 resistencia al choque que satisfacen todas las exigencias industriales y responden a normas de inflamabilidad tales como la CAL-117.<\/p>\n","protected":false},"excerpt":{"rendered":"<p>\u00a1Espumas \u201cconfort\u201d para su conveniencia! PPD Soluciones de Espuma produce una gran variedad de sistemas de espuma flexible de diversa densidad. Nuestro departamento de ingenier\u00eda puede asistir al cliente durante la selecci\u00f3n de la mejor combinaci\u00f3n posible de la compresi\u00f3n, la firmeza y la densidad de la espuma, para optimizar el confort de sus productos [&hellip;]<\/p>\n","protected":false},"author":1,"featured_media":0,"parent":1421,"menu_order":16,"comment_status":"open","ping_status":"closed","template":"capabilities.php","meta":{"_acf_changed":false,"footnotes":""},"class_list":["post-1423","page","type-page","status-publish","hentry"],"acf":[],"yoast_head":"<!-- This site is optimized with the Yoast SEO plugin v27.4 - https:\/\/yoast.com\/product\/yoast-seo-wordpress\/ -->\n<title>Moldeo de poliuretano flexible - PPD<\/title>\n<meta name=\"robots\" content=\"index, follow, max-snippet:-1, max-image-preview:large, max-video-preview:-1\" \/>\n<link rel=\"canonical\" href=\"https:\/\/www.ppdgroup.com\/es\/servicios-soluciones\/moldeo-de-poliuretano\/moldeo-de-poliuretano-flexible\/\" \/>\n<script type=\"application\/ld+json\" class=\"yoast-schema-graph\">{\"@context\":\"https:\\\/\\\/schema.org\",\"@graph\":[{\"@type\":\"WebPage\",\"@id\":\"https:\\\/\\\/www.ppdgroup.com\\\/es\\\/servicios-soluciones\\\/moldeo-de-poliuretano\\\/moldeo-de-poliuretano-flexible\\\/\",\"url\":\"https:\\\/\\\/www.ppdgroup.com\\\/es\\\/servicios-soluciones\\\/moldeo-de-poliuretano\\\/moldeo-de-poliuretano-flexible\\\/\",\"name\":\"Moldeo de poliuretano flexible - PPD\",\"isPartOf\":{\"@id\":\"https:\\\/\\\/www.ppdgroup.com\\\/fr\\\/#website\"},\"datePublished\":\"2013-05-27T13:56:48+00:00\",\"dateModified\":\"2013-08-14T13:37:34+00:00\",\"breadcrumb\":{\"@id\":\"https:\\\/\\\/www.ppdgroup.com\\\/es\\\/servicios-soluciones\\\/moldeo-de-poliuretano\\\/moldeo-de-poliuretano-flexible\\\/#breadcrumb\"},\"inLanguage\":\"es\",\"potentialAction\":[{\"@type\":\"ReadAction\",\"target\":[\"https:\\\/\\\/www.ppdgroup.com\\\/es\\\/servicios-soluciones\\\/moldeo-de-poliuretano\\\/moldeo-de-poliuretano-flexible\\\/\"]}]},{\"@type\":\"BreadcrumbList\",\"@id\":\"https:\\\/\\\/www.ppdgroup.com\\\/es\\\/servicios-soluciones\\\/moldeo-de-poliuretano\\\/moldeo-de-poliuretano-flexible\\\/#breadcrumb\",\"itemListElement\":[{\"@type\":\"ListItem\",\"position\":1,\"name\":\"Accueil\",\"item\":\"https:\\\/\\\/www.ppdgroup.com\\\/es\\\/\"},{\"@type\":\"ListItem\",\"position\":2,\"name\":\"Servicios \\\/ Soluciones\",\"item\":\"https:\\\/\\\/www.ppdgroup.com\\\/es\\\/servicios-soluciones\\\/\"},{\"@type\":\"ListItem\",\"position\":3,\"name\":\"Moldeo de poliuretano\",\"item\":\"https:\\\/\\\/www.ppdgroup.com\\\/es\\\/servicios-soluciones\\\/moldeo-de-poliuretano\\\/\"},{\"@type\":\"ListItem\",\"position\":4,\"name\":\"Moldeo de poliuretano flexible\"}]},{\"@type\":\"WebSite\",\"@id\":\"https:\\\/\\\/www.ppdgroup.com\\\/fr\\\/#website\",\"url\":\"https:\\\/\\\/www.ppdgroup.com\\\/fr\\\/\",\"name\":\"PPD\",\"description\":\"\",\"potentialAction\":[{\"@type\":\"SearchAction\",\"target\":{\"@type\":\"EntryPoint\",\"urlTemplate\":\"https:\\\/\\\/www.ppdgroup.com\\\/fr\\\/?s={search_term_string}\"},\"query-input\":{\"@type\":\"PropertyValueSpecification\",\"valueRequired\":true,\"valueName\":\"search_term_string\"}}],\"inLanguage\":\"es\"}]}<\/script>\n<!-- \/ Yoast SEO plugin. -->","yoast_head_json":{"title":"Moldeo de poliuretano flexible - PPD","robots":{"index":"index","follow":"follow","max-snippet":"max-snippet:-1","max-image-preview":"max-image-preview:large","max-video-preview":"max-video-preview:-1"},"canonical":"https:\/\/www.ppdgroup.com\/es\/servicios-soluciones\/moldeo-de-poliuretano\/moldeo-de-poliuretano-flexible\/","schema":{"@context":"https:\/\/schema.org","@graph":[{"@type":"WebPage","@id":"https:\/\/www.ppdgroup.com\/es\/servicios-soluciones\/moldeo-de-poliuretano\/moldeo-de-poliuretano-flexible\/","url":"https:\/\/www.ppdgroup.com\/es\/servicios-soluciones\/moldeo-de-poliuretano\/moldeo-de-poliuretano-flexible\/","name":"Moldeo de poliuretano flexible - PPD","isPartOf":{"@id":"https:\/\/www.ppdgroup.com\/fr\/#website"},"datePublished":"2013-05-27T13:56:48+00:00","dateModified":"2013-08-14T13:37:34+00:00","breadcrumb":{"@id":"https:\/\/www.ppdgroup.com\/es\/servicios-soluciones\/moldeo-de-poliuretano\/moldeo-de-poliuretano-flexible\/#breadcrumb"},"inLanguage":"es","potentialAction":[{"@type":"ReadAction","target":["https:\/\/www.ppdgroup.com\/es\/servicios-soluciones\/moldeo-de-poliuretano\/moldeo-de-poliuretano-flexible\/"]}]},{"@type":"BreadcrumbList","@id":"https:\/\/www.ppdgroup.com\/es\/servicios-soluciones\/moldeo-de-poliuretano\/moldeo-de-poliuretano-flexible\/#breadcrumb","itemListElement":[{"@type":"ListItem","position":1,"name":"Accueil","item":"https:\/\/www.ppdgroup.com\/es\/"},{"@type":"ListItem","position":2,"name":"Servicios \/ Soluciones","item":"https:\/\/www.ppdgroup.com\/es\/servicios-soluciones\/"},{"@type":"ListItem","position":3,"name":"Moldeo de poliuretano","item":"https:\/\/www.ppdgroup.com\/es\/servicios-soluciones\/moldeo-de-poliuretano\/"},{"@type":"ListItem","position":4,"name":"Moldeo de poliuretano flexible"}]},{"@type":"WebSite","@id":"https:\/\/www.ppdgroup.com\/fr\/#website","url":"https:\/\/www.ppdgroup.com\/fr\/","name":"PPD","description":"","potentialAction":[{"@type":"SearchAction","target":{"@type":"EntryPoint","urlTemplate":"https:\/\/www.ppdgroup.com\/fr\/?s={search_term_string}"},"query-input":{"@type":"PropertyValueSpecification","valueRequired":true,"valueName":"search_term_string"}}],"inLanguage":"es"}]}},"_links":{"self":[{"href":"https:\/\/www.ppdgroup.com\/es\/wp-json\/wp\/v2\/pages\/1423","targetHints":{"allow":["GET"]}}],"collection":[{"href":"https:\/\/www.ppdgroup.com\/es\/wp-json\/wp\/v2\/pages"}],"about":[{"href":"https:\/\/www.ppdgroup.com\/es\/wp-json\/wp\/v2\/types\/page"}],"author":[{"embeddable":true,"href":"https:\/\/www.ppdgroup.com\/es\/wp-json\/wp\/v2\/users\/1"}],"replies":[{"embeddable":true,"href":"https:\/\/www.ppdgroup.com\/es\/wp-json\/wp\/v2\/comments?post=1423"}],"version-history":[{"count":15,"href":"https:\/\/www.ppdgroup.com\/es\/wp-json\/wp\/v2\/pages\/1423\/revisions"}],"predecessor-version":[{"id":2775,"href":"https:\/\/www.ppdgroup.com\/es\/wp-json\/wp\/v2\/pages\/1423\/revisions\/2775"}],"up":[{"embeddable":true,"href":"https:\/\/www.ppdgroup.com\/es\/wp-json\/wp\/v2\/pages\/1421"}],"wp:attachment":[{"href":"https:\/\/www.ppdgroup.com\/es\/wp-json\/wp\/v2\/media?parent=1423"}],"curies":[{"name":"wp","href":"https:\/\/api.w.org\/{rel}","templated":true}]}}